{"id":1948,"date":"2020-06-04T13:59:42","date_gmt":"2020-06-04T11:59:42","guid":{"rendered":"https:\/\/john.kneet.be\/hotel-albert-plage\/?page_id=1948"},"modified":"2025-11-16T15:57:26","modified_gmt":"2025-11-16T14:57:26","slug":"home-2","status":"publish","type":"page","link":"https:\/\/nelsonsplaces.be\/hotel-albert-plage\/fr\/home-2\/","title":{"rendered":"Home"},"content":{"rendered":"<p>[et_pb_section fb_built=&#8221;1&#8243; _builder_version=&#8221;3.22&#8243; custom_padding=&#8221;0|0px|0|0px|false|false&#8221;][et_pb_row column_structure=&#8221;1_2,1_4,1_4&#8243; _builder_version=&#8221;3.25&#8243; custom_padding=&#8221;0|120px|0|120px|false|false&#8221;][et_pb_column type=&#8221;1_2&#8243; _builder_version=&#8221;3.25&#8243; custom_padding=&#8221;|||&#8221; custom_padding__hover=&#8221;|||&#8221;][et_pb_text module_class=&#8221;flex-wrapper middle overlay dark&#8221; _builder_version=&#8221;4.6.6&#8243; text_font=&#8221;||||||||&#8221; background_color=&#8221;#1E2A3E&#8221; background_image=&#8221;https:\/\/nelsonsplaces.be\/hotel-albert-plage\/wp-content\/uploads\/sites\/8\/2020\/05\/Nelsons-ASDeldycke-10.jpg&#8221; background_layout=&#8221;dark&#8221; custom_padding=&#8221;36px|36px|36px|36px&#8221; animation_style=&#8221;slide&#8221; animation_direction=&#8221;bottom&#8221; animation_intensity_slide=&#8221;5%&#8221;]<\/p>\n<h1>Hotel Albert Plage<\/h1>\n<h2>Loger dans un cadre \u00e0 la mode<\/h2>\n<p>[\/et_pb_text][\/et_pb_column][et_pb_column type=&#8221;1_4&#8243; _builder_version=&#8221;3.25&#8243; custom_padding=&#8221;|||&#8221; custom_padding__hover=&#8221;|||&#8221;][et_pb_text module_class=&#8221;flex-wrapper center middle&#8221; _builder_version=&#8221;4.6.6&#8243; text_font=&#8221;||||||||&#8221; text_orientation=&#8221;center&#8221; custom_padding=&#8221;36px|36px|36px|36px&#8221; animation_style=&#8221;slide&#8221; animation_direction=&#8221;bottom&#8221; animation_intensity_slide=&#8221;5%&#8221; border_width_all=&#8221;5px&#8221; border_color_all=&#8221;#779fa1&#8243;]<\/p>\n<ul>\n<li style=\"text-align: left;\">hotel sans pr\u00e9tention situ\u00e9 sur un emplacement exceptionnel<\/li>\n<li style=\"text-align: left;\">50 m\u00e8tres de la plage<\/li>\n<li style=\"text-align: left;\">16 chambres doubles avec confort 3 \u00e9toiles<\/li>\n<li style=\"text-align: left;\">tarifs sp\u00e9ciaux pour un usage unique<\/li>\n<li style=\"text-align: left;\">petit d\u00e9jeuner matinal pour les l\u00e8ve-t\u00f4t sur demande<\/li>\n<li style=\"text-align: left;\">possibilit\u00e9 de early check-out avec petit d\u00e9jeuner \u00e0 emporter<\/li>\n<\/ul>\n<p>[\/et_pb_text][\/et_pb_column][et_pb_column type=&#8221;1_4&#8243; _builder_version=&#8221;3.25&#8243; custom_padding=&#8221;|||&#8221; custom_padding__hover=&#8221;|||&#8221;][et_pb_text module_class=&#8221;center middle overlay dark gallery-trigger&#8221; _builder_version=&#8221;4.6.6&#8243; text_font=&#8221;||||||||&#8221; background_color=&#8221;#E0CBA8&#8243; background_image=&#8221;https:\/\/nelsonsplaces.be\/hotel-albert-plage\/wp-content\/uploads\/sites\/8\/2021\/01\/080-Nelson-by-AS-Deldycke.jpg&#8221; background_position=&#8221;center_left&#8221; background_layout=&#8221;dark&#8221; custom_padding=&#8221;36px|36px|36px|36px&#8221; animation_style=&#8221;slide&#8221; animation_direction=&#8221;bottom&#8221; animation_intensity_slide=&#8221;5%&#8221;]<\/p>\n<h1>Galerie de photos<\/h1>\n<h2>Voir plus<\/h2>\n<div class=\"align-bottom\">\n<h2><a class=\"icon-after\">Afficher plus d&#8217;images<\/a><\/h2>\n<\/div>\n<p>[\/et_pb_text][\/et_pb_column][\/et_pb_row][\/et_pb_section][et_pb_section fb_built=&#8221;1&#8243; _builder_version=&#8221;3.22&#8243; custom_padding=&#8221;0|0px|0|0px|false|false&#8221;][et_pb_row column_structure=&#8221;1_4,1_2,1_4&#8243; _builder_version=&#8221;3.25&#8243; custom_padding=&#8221;0|120px|0|120px|false|false&#8221;][et_pb_column type=&#8221;1_4&#8243; _builder_version=&#8221;3.25&#8243; custom_padding=&#8221;|||&#8221; custom_padding__hover=&#8221;|||&#8221;][\/et_pb_column][et_pb_column type=&#8221;1_2&#8243; _builder_version=&#8221;3.25&#8243; custom_padding=&#8221;|||&#8221; custom_padding__hover=&#8221;|||&#8221;][et_pb_text module_class=&#8221;flex-wrapper middle&#8221; _builder_version=&#8221;4.6.6&#8243; text_font=&#8221;||||||||&#8221; background_color=&#8221;#1E2A3E&#8221; background_image=&#8221;https:\/\/nelsonsplaces.be\/hotel-albert-plage\/wp-content\/uploads\/sites\/8\/2020\/05\/128-Nelson-by-AS-Deldycke.jpg&#8221; background_position=&#8221;center_left&#8221; background_layout=&#8221;dark&#8221; custom_padding=&#8221;36px|36px|36px|36px&#8221; animation_style=&#8221;slide&#8221; animation_direction=&#8221;bottom&#8221; animation_intensity_slide=&#8221;5%&#8221; link_option_url=&#8221;https:\/\/nelsonsplaces.be\/hotel-nelson\/fr\/enfants-acceptes\/&#8221;]<\/p>\n<h1>Vous cherchez<br \/> une chambre familiale?<\/h1>\n<h2><a href=\"https:\/\/nelsonsplaces.be\/hotel-nelson\/nl\/kids-allowed\/\" class=\"icon-after\">R\u00e9server en une \u00e0 l&#8217;h\u00f4tel Nelson<\/a><span style=\"color: #000000;\"><a href=\"https:\/\/nelsonsplaces.be\/hotel-nelson\/nl\/kids-allowed\/\" class=\"icon-after\" style=\"color: #000000;\"><\/a><\/span><span lang=\"fr\"><\/span><\/h2>\n<p>[\/et_pb_text][\/et_pb_column][et_pb_column type=&#8221;1_4&#8243; _builder_version=&#8221;3.25&#8243; custom_padding=&#8221;|||&#8221; custom_padding__hover=&#8221;|||&#8221;][et_pb_text module_id=&#8221;parking-tips-trigger-fr&#8221; module_class=&#8221;flex-wrapper middle overlay dark parking-tips-trigger&#8221; _builder_version=&#8221;4.6.6&#8243; text_font=&#8221;||||||||&#8221; background_color=&#8221;#1E2A3E&#8221; background_image=&#8221;https:\/\/nelsonsplaces.be\/hotel-albert-plage\/wp-content\/uploads\/sites\/5\/2020\/05\/016-HotelNelson-ASDeldycke-2.jpg&#8221; background_position=&#8221;center_left&#8221; background_layout=&#8221;dark&#8221; custom_padding=&#8221;36px|36px|36px|36px&#8221; animation_style=&#8221;slide&#8221; animation_direction=&#8221;bottom&#8221; animation_intensity_slide=&#8221;5%&#8221;]<\/p>\n<h1>Parking tips<\/h1>\n<h2><a href=\"https:\/\/nelsonsplaces.be\/hotel-nelson\/nl\/kamers\/\" class=\"icon-after parking-tips-trigger\">D\u00c9COUVREZ NOS CONSEILS DE STATIONNEMENT<\/a><\/h2>\n<p>[\/et_pb_text][\/et_pb_column][\/et_pb_row][et_pb_row column_structure=&#8221;1_4,1_4,1_2&#8243; _builder_version=&#8221;3.25&#8243; custom_padding=&#8221;0|120px|0|120px|false|false&#8221;][et_pb_column type=&#8221;1_4&#8243; _builder_version=&#8221;3.25&#8243; custom_padding=&#8221;|||&#8221; custom_padding__hover=&#8221;|||&#8221;][et_pb_text _builder_version=&#8221;3.27.4&#8243; background_color=&#8221;#E0CBA8&#8243; background_image=&#8221;https:\/\/nelsonsplaces.be\/hotel-albert-plage\/wp-content\/uploads\/sites\/8\/2020\/05\/048-Nelson-by-AS-Deldycke.jpg&#8221; custom_padding=&#8221;36px|36px|36px|36px&#8221; animation_style=&#8221;slide&#8221; animation_direction=&#8221;bottom&#8221; animation_intensity_slide=&#8221;5%&#8221;][\/et_pb_text][\/et_pb_column][et_pb_column type=&#8221;1_4&#8243; _builder_version=&#8221;3.25&#8243; custom_padding=&#8221;|||&#8221; custom_padding__hover=&#8221;|||&#8221;][et_pb_text module_class=&#8221;flex-wrapper middle overlay dark&#8221; _builder_version=&#8221;4.6.6&#8243; text_font=&#8221;||||||||&#8221; background_image=&#8221;https:\/\/nelsonsplaces.be\/hotel-albert-plage\/wp-content\/uploads\/sites\/8\/2020\/05\/Carpaccio-Hertenkalf.jpg&#8221; background_layout=&#8221;dark&#8221; custom_padding=&#8221;36px|36px|36px|36px&#8221; animation_style=&#8221;slide&#8221; animation_direction=&#8221;bottom&#8221; animation_intensity_slide=&#8221;5%&#8221; link_option_url=&#8221;https:\/\/nelsonsplaces.be\/restaurant-l-etage\/fr\/&#8221;]<\/p>\n<h1>Pimenter votre s\u00e9jour<\/h1>\n<h2><a href=\"https:\/\/nelsonsplaces.be\/restaurant-l-etage\/\" class=\"icon-after parking-tips-trigger\">@ restaurant l&#8217;\u00e9tage<\/a><\/h2>\n<p>[\/et_pb_text][\/et_pb_column][et_pb_column type=&#8221;1_2&#8243; _builder_version=&#8221;3.25&#8243; custom_padding=&#8221;|||&#8221; custom_padding__hover=&#8221;|||&#8221;][et_pb_text module_class=&#8221;flex-wrapper middle&#8221; _builder_version=&#8221;4.6.6&#8243; text_font=&#8221;||||||||&#8221; background_color=&#8221;#1E2A3E&#8221; background_image=&#8221;https:\/\/nelsonsplaces.be\/hotel-albert-plage\/wp-content\/uploads\/sites\/8\/2020\/05\/204-Nelson-by-AS-Deldycke.jpg&#8221; background_position=&#8221;center_left&#8221; background_layout=&#8221;dark&#8221; custom_padding=&#8221;36px|36px|36px|36px&#8221; animation_style=&#8221;slide&#8221; animation_direction=&#8221;bottom&#8221; animation_intensity_slide=&#8221;5%&#8221; link_option_url=&#8221;https:\/\/nelsonsplaces.be\/hotel-nelson\/fr\/chambres\/&#8221;]<\/p>\n<h1><span style=\"color: #ffffff;\">Surclasser \u00e0 un H\u00f4tel 4*<\/span><\/h1>\n<h2><span style=\"color: #ffffff;\"><br \/><\/span><span style=\"color: #ffffff;\"><a href=\"https:\/\/nelsonsplaces.be\/hotel-nelson\/nl\/kids-allowed\/\" class=\"icon-after\" style=\"color: #ffffff;\">D\u00e9couvrez H\u00f4tel Nelson<\/a><\/span><\/h2>\n<p>[\/et_pb_text][\/et_pb_column][\/et_pb_row][\/et_pb_section][et_pb_section fb_built=&#8221;1&#8243; _builder_version=&#8221;3.22&#8243; custom_padding=&#8221;0|0px|0|0px|false|false&#8221;][et_pb_row column_structure=&#8221;1_4,1_4,1_4,1_4&#8243; _builder_version=&#8221;3.25&#8243; custom_padding=&#8221;0|120px|0|120px|false|false&#8221;][et_pb_column type=&#8221;1_4&#8243; _builder_version=&#8221;3.25&#8243; custom_padding=&#8221;|||&#8221; custom_padding__hover=&#8221;|||&#8221;][\/et_pb_column][et_pb_column type=&#8221;1_4&#8243; _builder_version=&#8221;3.25&#8243; custom_padding=&#8221;|||&#8221; custom_padding__hover=&#8221;|||&#8221;][et_pb_text disabled_on=&#8221;on|off|off&#8221; module_id=&#8221;download-app-fr&#8221; module_class=&#8221;flex-wrapper middle&#8221; _builder_version=&#8221;3.27.4&#8243; text_font=&#8221;||||||||&#8221; background_image=&#8221;https:\/\/nelsonsplaces.be\/hotel-albert-plage\/wp-content\/uploads\/sites\/5\/2020\/05\/HN20-Website-Images-App-Main.png&#8221; background_position=&#8221;center_left&#8221; custom_padding=&#8221;36px|36px|36px|36px&#8221; animation_style=&#8221;slide&#8221; animation_direction=&#8221;bottom&#8221; animation_intensity_slide=&#8221;5%&#8221;][\/et_pb_text][\/et_pb_column][et_pb_column type=&#8221;1_4&#8243; _builder_version=&#8221;3.25&#8243; custom_padding=&#8221;|||&#8221; custom_padding__hover=&#8221;|||&#8221;][et_pb_text _builder_version=&#8221;3.27.4&#8243; background_color=&#8221;#E0CBA8&#8243; background_image=&#8221;https:\/\/nelsonsplaces.be\/hotel-albert-plage\/wp-content\/uploads\/sites\/8\/2020\/05\/Nelsons-ASDeldycke-04-kopie.jpg&#8221; custom_padding=&#8221;36px|36px|36px|36px&#8221; animation_style=&#8221;slide&#8221; animation_direction=&#8221;bottom&#8221; animation_intensity_slide=&#8221;5%&#8221;][\/et_pb_text][\/et_pb_column][et_pb_column type=&#8221;1_4&#8243; _builder_version=&#8221;3.25&#8243; custom_padding=&#8221;|||&#8221; custom_padding__hover=&#8221;|||&#8221;][et_pb_text module_id=&#8221;honden-toegelaten-trigger-fr&#8221; module_class=&#8221;flex-wrapper center middle &#8221; _builder_version=&#8221;3.27.4&#8243; text_font=&#8221;||||||||&#8221; background_image=&#8221;https:\/\/nelsonsplaces.be\/hotel-albert-plage\/wp-content\/uploads\/sites\/8\/2020\/05\/Nelson-27-03-17-83.jpg&#8221; background_position=&#8221;center_left&#8221; text_orientation=&#8221;center&#8221; background_layout=&#8221;dark&#8221; custom_padding=&#8221;36px|36px|36px|36px&#8221; animation_style=&#8221;slide&#8221; animation_direction=&#8221;bottom&#8221; animation_intensity_slide=&#8221;5%&#8221;]<\/p>\n<h1>Chiens autoris\u00e9s<\/h1>\n<p>[\/et_pb_text][\/et_pb_column][\/et_pb_row][\/et_pb_section][et_pb_section fb_built=&#8221;1&#8243; _builder_version=&#8221;3.22&#8243; custom_padding=&#8221;0|0px|0|0px|false|false&#8221;][et_pb_row column_structure=&#8221;1_4,1_4,1_2&#8243; _builder_version=&#8221;3.25&#8243; custom_padding=&#8221;5px|120px|0|120px|false|false&#8221;][et_pb_column type=&#8221;1_4&#8243; _builder_version=&#8221;3.25&#8243; custom_padding=&#8221;|||&#8221; custom_padding__hover=&#8221;|||&#8221;][et_pb_text module_id=&#8221;newsletter&#8221; module_class=&#8221;flex-wrapper center middle&#8221; _builder_version=&#8221;3.27.4&#8243; text_font=&#8221;||||||||&#8221; text_orientation=&#8221;center&#8221; custom_padding=&#8221;36px|36px|36px|36px&#8221; animation_style=&#8221;slide&#8221; animation_direction=&#8221;bottom&#8221; animation_intensity_slide=&#8221;5%&#8221;]<\/p>\n<h1>Restez informer<\/h1>\n<h2>et obtenez un upgrade<\/h2>\n<div class=\"align-bottom\">\n<h2><a class=\"newsletter-trigger icon-after\">Je veux me l&#8217;inscrire \u00e0 la newsletter<\/a><\/h2>\n<\/div>\n<p>[\/et_pb_text][\/et_pb_column][et_pb_column type=&#8221;1_4&#8243; _builder_version=&#8221;3.25&#8243; custom_padding=&#8221;|||&#8221; custom_padding__hover=&#8221;|||&#8221;][et_pb_text module_class=&#8221;flex-wrapper center middle overlay dark giftcard-trigger&#8221; _builder_version=&#8221;4.6.6&#8243; text_font=&#8221;||||||||&#8221; background_color=&#8221;#1E2A3E&#8221; background_image=&#8221;https:\/\/nelsonsplaces.be\/hotel-albert-plage\/wp-content\/uploads\/sites\/5\/2020\/12\/cadeaupakje.jpg&#8221; background_layout=&#8221;dark&#8221; custom_padding=&#8221;36px|36px|36px|36px&#8221; animation_style=&#8221;slide&#8221; animation_direction=&#8221;bottom&#8221; animation_intensity_slide=&#8221;5%&#8221;]<\/p>\n<h1 style=\"text-align: left;\">The perfect gift<\/h1>\n<h2 style=\"text-align: left;\">For every occasion<\/h2>\n<p>[\/et_pb_text][\/et_pb_column][et_pb_column type=&#8221;1_2&#8243; _builder_version=&#8221;3.25&#8243; custom_padding=&#8221;|||&#8221; custom_padding__hover=&#8221;|||&#8221;][et_pb_code module_id=&#8221;google-maps-overview&#8221; _builder_version=&#8221;3.21.4&#8243; animation_style=&#8221;slide&#8221; animation_direction=&#8221;bottom&#8221; animation_intensity_slide=&#8221;5%&#8221; custom_css_main_element=&#8221;overflow: hidden;&#8221;]\r\n            \r\n            \r\n            \r\n            <a name='map1'><\/a>\r\n            \r\n            \r\n            \r\n            \r\n            <div class=\"wpgmza_map \"  id=\"wpgmza_map_1\" style=\"display:block; overflow:auto; width:100%; height:486px; float:left;\" data-settings='{\"id\":\"1\",\"map_title\":\"Locaties\",\"map_width\":\"100\",\"map_height\":\"486\",\"map_start_lat\":\"51.350113\",\"map_start_lng\":\"3.283426\",\"map_start_location\":\"51.3501132,3.283425999999963\",\"map_start_zoom\":\"16\",\"default_marker\":\"0\",\"type\":\"1\",\"alignment\":\"2\",\"directions_enabled\":\"0\",\"styling_enabled\":\"0\",\"styling_json\":\"\",\"active\":\"0\",\"kml\":\"\",\"bicycle\":\"0\",\"traffic\":\"0\",\"dbox\":\"1\",\"dbox_width\":\"100\",\"listmarkers\":\"0\",\"listmarkers_advanced\":\"0\",\"filterbycat\":\"0\",\"ugm_enabled\":\"0\",\"ugm_category_enabled\":\"0\",\"fusion\":\"\",\"map_width_type\":\"\\\\%\",\"map_height_type\":\"px\",\"mass_marker_support\":\"0\",\"ugm_access\":\"0\",\"order_markers_by\":\"1\",\"order_markers_choice\":\"2\",\"show_user_location\":\"2\",\"default_to\":\"\",\"other_settings\":{\"wpgmza_store_locator_restrict\":\"\",\"wpgmza_sl_animation\":\"1\",\"store_locator_query_string\":\"ZIP \\\/ Address:\",\"store_locator_name_string\":\"Title \\\/ Description:\",\"store_locator_default_address\":\"\",\"wpgmza_dbox_width_type\":\"%\",\"map_max_zoom\":\"3\",\"map_min_zoom\":\"21\",\"sl_stroke_color\":\"FF0000\",\"sl_stroke_opacity\":\"0.25\",\"sl_fill_color\":\"FF0000\",\"sl_fill_opacity\":\"0.15\",\"click_open_link\":2,\"transport_layer\":0,\"iw_primary_color\":\"2A3744\",\"iw_accent_color\":\"252F3A\",\"iw_text_color\":\"FFFFFF\",\"wpgmza_iw_type\":\"0\",\"list_markers_by\":\"0\",\"push_in_map\":\"\",\"push_in_map_placement\":\"9\",\"wpgmza_push_in_map_width\":\"\",\"wpgmza_push_in_map_height\":\"\",\"wpgmza_theme_data\":\"[ { \\\\\\\"featureType\\\\\\\": \\\\\\\"poi\\\\\\\", \\\\\\\"elementType\\\\\\\": \\\\\\\"all\\\\\\\", \\\\\\\"stylers\\\\\\\": [ { \\\\\\\"visibility\\\\\\\": \\\\\\\"off\\\\\\\" } ] } ]\",\"upload_default_ul_marker\":\"\",\"upload_default_sl_marker\":\"\",\"shortcodeAttributes\":{\"id\":\"1\"}}}' data-map-id='1' data-shortcode-attributes='{\"id\":\"1\"}'> <\/div>\r\n            \r\n               \r\n        [\/et_pb_code][\/et_pb_column][\/et_pb_row][\/et_pb_section]<\/p>\n","protected":false},"excerpt":{"rendered":"<p>[et_pb_section fb_built=&#8221;1&#8243; _builder_version=&#8221;3.22&#8243; custom_padding=&#8221;0|0px|0|0px|false|false&#8221;][et_pb_row column_structure=&#8221;1_2,1_4,1_4&#8243; _builder_version=&#8221;3.25&#8243; custom_padding=&#8221;0|120px|0|120px|false|false&#8221;][et_pb_column type=&#8221;1_2&#8243; _builder_version=&#8221;3.25&#8243; custom_padding=&#8221;|||&#8221; custom_padding__hover=&#8221;|||&#8221;][et_pb_text module_class=&#8221;flex-wrapper middle overlay dark&#8221; _builder_version=&#8221;4.6.6&#8243; text_font=&#8221;||||||||&#8221; background_color=&#8221;#1E2A3E&#8221; background_image=&#8221;https:\/\/nelsonsplaces.be\/hotel-albert-plage\/wp-content\/uploads\/sites\/8\/2020\/05\/Nelsons-ASDeldycke-10.jpg&#8221; background_layout=&#8221;dark&#8221; custom_padding=&#8221;36px|36px|36px|36px&#8221; animation_style=&#8221;slide&#8221; animation_direction=&#8221;bottom&#8221; animation_intensity_slide=&#8221;5%&#8221;] Hotel Albert Plage Loger dans un cadre \u00e0 la mode [\/et_pb_text][\/et_pb_column][et_pb_column type=&#8221;1_4&#8243; _builder_version=&#8221;3.25&#8243; custom_padding=&#8221;|||&#8221; custom_padding__hover=&#8221;|||&#8221;][et_pb_text module_class=&#8221;flex-wrapper center middle&#8221; _builder_version=&#8221;4.6.6&#8243; text_font=&#8221;||||||||&#8221; text_orientation=&#8221;center&#8221; custom_padding=&#8221;36px|36px|36px|36px&#8221; animation_style=&#8221;slide&#8221; animation_direction=&#8221;bottom&#8221; animation_intensity_slide=&#8221;5%&#8221; border_width_all=&#8221;5px&#8221; border_color_all=&#8221;#779fa1&#8243;] hotel sans pr\u00e9tention situ\u00e9 [&hellip;]<\/p>\n","protected":false},"author":4,"featured_media":0,"parent":0,"menu_order":0,"comment_status":"closed","ping_status":"closed","template":"","meta":{"_et_pb_use_builder":"on","_et_pb_old_content":"","_et_gb_content_width":"","inline_featured_image":false,"_monsterinsights_skip_tracking":false,"_monsterinsights_sitenote_active":false,"_monsterinsights_sitenote_note":"","_monsterinsights_sitenote_category":0,"footnotes":""},"class_list":["post-1948","page","type-page","status-publish","hentry"],"yoast_head":"<!-- This site is optimized with the Yoast SEO plugin v27.0 - https:\/\/yoast.com\/product\/yoast-seo-wordpress\/ -->\n<title>Hotel Albert Plage - Logeren in een trendy kamer in Knokke<\/title>\n<meta name=\"description\" content=\"L&#039;h\u00f4tel Albert Plage vous accueille \u00e0 seulement 100 m\u00e8tres de la plage et \u00e0 5 minutes du casino de Knokke. Nous parlons votre langue!\" \/>\n<meta name=\"robots\" content=\"index, follow, max-snippet:-1, max-image-preview:large, max-video-preview:-1\" \/>\n<link rel=\"canonical\" href=\"https:\/\/nelsonsplaces.be\/hotel-albert-plage\/fr\/home-2\/\" \/>\n<meta property=\"og:locale\" content=\"nl_BE\" \/>\n<meta property=\"og:type\" content=\"article\" \/>\n<meta property=\"og:title\" content=\"Hotel Albert Plage - Logeren in een trendy kamer in Knokke\" \/>\n<meta property=\"og:description\" content=\"L&#039;h\u00f4tel Albert Plage vous accueille \u00e0 seulement 100 m\u00e8tres de la plage et \u00e0 5 minutes du casino de Knokke. Nous parlons votre langue!\" \/>\n<meta property=\"og:url\" content=\"https:\/\/nelsonsplaces.be\/hotel-albert-plage\/fr\/home-2\/\" \/>\n<meta property=\"og:site_name\" content=\"Hotel Albert Plage\" \/>\n<meta property=\"article:publisher\" content=\"https:\/\/www.facebook.com\/NelsonsHotel\/\" \/>\n<meta property=\"article:modified_time\" content=\"2025-11-16T14:57:26+00:00\" \/>\n<meta name=\"twitter:card\" content=\"summary_large_image\" \/>\n<meta name=\"twitter:label1\" content=\"Geschatte leestijd\" \/>\n\t<meta name=\"twitter:data1\" content=\"2 minuten\" \/>\n<script type=\"application\/ld+json\" class=\"yoast-schema-graph\">{\"@context\":\"https:\/\/schema.org\",\"@graph\":[{\"@type\":\"WebPage\",\"@id\":\"https:\/\/nelsonsplaces.be\/hotel-albert-plage\/fr\/home-2\/\",\"url\":\"https:\/\/nelsonsplaces.be\/hotel-albert-plage\/fr\/home-2\/\",\"name\":\"Hotel Albert Plage - Logeren in een trendy kamer in Knokke\",\"isPartOf\":{\"@id\":\"https:\/\/nelsonsplaces.be\/hotel-albert-plage\/#website\"},\"datePublished\":\"2020-06-04T11:59:42+00:00\",\"dateModified\":\"2025-11-16T14:57:26+00:00\",\"description\":\"L'h\u00f4tel Albert Plage vous accueille \u00e0 seulement 100 m\u00e8tres de la plage et \u00e0 5 minutes du casino de Knokke. Nous parlons votre langue!\",\"breadcrumb\":{\"@id\":\"https:\/\/nelsonsplaces.be\/hotel-albert-plage\/fr\/home-2\/#breadcrumb\"},\"inLanguage\":\"nl-BE\",\"potentialAction\":[{\"@type\":\"ReadAction\",\"target\":[\"https:\/\/nelsonsplaces.be\/hotel-albert-plage\/fr\/home-2\/\"]}]},{\"@type\":\"BreadcrumbList\",\"@id\":\"https:\/\/nelsonsplaces.be\/hotel-albert-plage\/fr\/home-2\/#breadcrumb\",\"itemListElement\":[{\"@type\":\"ListItem\",\"position\":1,\"name\":\"Home\",\"item\":\"https:\/\/nelsonsplaces.be\/hotel-albert-plage\/\"},{\"@type\":\"ListItem\",\"position\":2,\"name\":\"Home\"}]},{\"@type\":\"WebSite\",\"@id\":\"https:\/\/nelsonsplaces.be\/hotel-albert-plage\/#website\",\"url\":\"https:\/\/nelsonsplaces.be\/hotel-albert-plage\/\",\"name\":\"Hotel Albert Plage\",\"description\":\"Logeren in een trendy kamer\",\"potentialAction\":[{\"@type\":\"SearchAction\",\"target\":{\"@type\":\"EntryPoint\",\"urlTemplate\":\"https:\/\/nelsonsplaces.be\/hotel-albert-plage\/?s={search_term_string}\"},\"query-input\":{\"@type\":\"PropertyValueSpecification\",\"valueRequired\":true,\"valueName\":\"search_term_string\"}}],\"inLanguage\":\"nl-BE\"}]}<\/script>\n<!-- \/ Yoast SEO plugin. -->","yoast_head_json":{"title":"Hotel Albert Plage - Logeren in een trendy kamer in Knokke","description":"L'h\u00f4tel Albert Plage vous accueille \u00e0 seulement 100 m\u00e8tres de la plage et \u00e0 5 minutes du casino de Knokke. Nous parlons votre langue!","robots":{"index":"index","follow":"follow","max-snippet":"max-snippet:-1","max-image-preview":"max-image-preview:large","max-video-preview":"max-video-preview:-1"},"canonical":"https:\/\/nelsonsplaces.be\/hotel-albert-plage\/fr\/home-2\/","og_locale":"nl_BE","og_type":"article","og_title":"Hotel Albert Plage - Logeren in een trendy kamer in Knokke","og_description":"L'h\u00f4tel Albert Plage vous accueille \u00e0 seulement 100 m\u00e8tres de la plage et \u00e0 5 minutes du casino de Knokke. Nous parlons votre langue!","og_url":"https:\/\/nelsonsplaces.be\/hotel-albert-plage\/fr\/home-2\/","og_site_name":"Hotel Albert Plage","article_publisher":"https:\/\/www.facebook.com\/NelsonsHotel\/","article_modified_time":"2025-11-16T14:57:26+00:00","twitter_card":"summary_large_image","twitter_misc":{"Geschatte leestijd":"2 minuten"},"schema":{"@context":"https:\/\/schema.org","@graph":[{"@type":"WebPage","@id":"https:\/\/nelsonsplaces.be\/hotel-albert-plage\/fr\/home-2\/","url":"https:\/\/nelsonsplaces.be\/hotel-albert-plage\/fr\/home-2\/","name":"Hotel Albert Plage - Logeren in een trendy kamer in Knokke","isPartOf":{"@id":"https:\/\/nelsonsplaces.be\/hotel-albert-plage\/#website"},"datePublished":"2020-06-04T11:59:42+00:00","dateModified":"2025-11-16T14:57:26+00:00","description":"L'h\u00f4tel Albert Plage vous accueille \u00e0 seulement 100 m\u00e8tres de la plage et \u00e0 5 minutes du casino de Knokke. Nous parlons votre langue!","breadcrumb":{"@id":"https:\/\/nelsonsplaces.be\/hotel-albert-plage\/fr\/home-2\/#breadcrumb"},"inLanguage":"nl-BE","potentialAction":[{"@type":"ReadAction","target":["https:\/\/nelsonsplaces.be\/hotel-albert-plage\/fr\/home-2\/"]}]},{"@type":"BreadcrumbList","@id":"https:\/\/nelsonsplaces.be\/hotel-albert-plage\/fr\/home-2\/#breadcrumb","itemListElement":[{"@type":"ListItem","position":1,"name":"Home","item":"https:\/\/nelsonsplaces.be\/hotel-albert-plage\/"},{"@type":"ListItem","position":2,"name":"Home"}]},{"@type":"WebSite","@id":"https:\/\/nelsonsplaces.be\/hotel-albert-plage\/#website","url":"https:\/\/nelsonsplaces.be\/hotel-albert-plage\/","name":"Hotel Albert Plage","description":"Logeren in een trendy kamer","potentialAction":[{"@type":"SearchAction","target":{"@type":"EntryPoint","urlTemplate":"https:\/\/nelsonsplaces.be\/hotel-albert-plage\/?s={search_term_string}"},"query-input":{"@type":"PropertyValueSpecification","valueRequired":true,"valueName":"search_term_string"}}],"inLanguage":"nl-BE"}]}},"_links":{"self":[{"href":"https:\/\/nelsonsplaces.be\/hotel-albert-plage\/wp-json\/wp\/v2\/pages\/1948","targetHints":{"allow":["GET"]}}],"collection":[{"href":"https:\/\/nelsonsplaces.be\/hotel-albert-plage\/wp-json\/wp\/v2\/pages"}],"about":[{"href":"https:\/\/nelsonsplaces.be\/hotel-albert-plage\/wp-json\/wp\/v2\/types\/page"}],"author":[{"embeddable":true,"href":"https:\/\/nelsonsplaces.be\/hotel-albert-plage\/wp-json\/wp\/v2\/users\/4"}],"replies":[{"embeddable":true,"href":"https:\/\/nelsonsplaces.be\/hotel-albert-plage\/wp-json\/wp\/v2\/comments?post=1948"}],"version-history":[{"count":29,"href":"https:\/\/nelsonsplaces.be\/hotel-albert-plage\/wp-json\/wp\/v2\/pages\/1948\/revisions"}],"predecessor-version":[{"id":3372,"href":"https:\/\/nelsonsplaces.be\/hotel-albert-plage\/wp-json\/wp\/v2\/pages\/1948\/revisions\/3372"}],"wp:attachment":[{"href":"https:\/\/nelsonsplaces.be\/hotel-albert-plage\/wp-json\/wp\/v2\/media?parent=1948"}],"curies":[{"name":"wp","href":"https:\/\/api.w.org\/{rel}","templated":true}]}}