{"id":2605,"date":"2020-08-06T10:58:29","date_gmt":"2020-08-06T08:58:29","guid":{"rendered":"https:\/\/john.kneet.be\/hotel-nelson\/?page_id=2605"},"modified":"2021-10-01T11:55:43","modified_gmt":"2021-10-01T09:55:43","slug":"arrangements","status":"publish","type":"page","link":"https:\/\/nelsonsplaces.be\/hotel-nelson\/de\/arrangements\/","title":{"rendered":"Arrangements"},"content":{"rendered":"<p>[et_pb_section fb_built=&#8221;1&#8243; _builder_version=&#8221;3.22&#8243; custom_padding=&#8221;0|0px|0|0px|false|false&#8221;][et_pb_row column_structure=&#8221;1_2,1_4,1_4&#8243; _builder_version=&#8221;3.25&#8243; custom_padding=&#8221;9px|120px|0|120px|false|false&#8221;][et_pb_column type=&#8221;1_2&#8243; _builder_version=&#8221;3.25&#8243; custom_padding=&#8221;|||&#8221; custom_padding__hover=&#8221;|||&#8221;][et_pb_text module_class=&#8221;flex-wrapper middle overlay dark&#8221; _builder_version=&#8221;4.6.6&#8243; text_font=&#8221;||||||||&#8221; background_image=&#8221;https:\/\/nelsonsplaces.be\/hotel-nelson\/wp-content\/uploads\/sites\/8\/2020\/05\/087-NelsonHotel-ASDeldycke.jpg&#8221; background_layout=&#8221;dark&#8221; custom_padding=&#8221;36px|36px|36px|36px&#8221; animation_style=&#8221;slide&#8221; animation_direction=&#8221;bottom&#8221; animation_intensity_slide=&#8221;5%&#8221; link_option_url=&#8221;https:\/\/nelsonsplaces.be\/hotel-nelson\/wp-content\/uploads\/sites\/8\/2021\/01\/Midw-arrang-NL-1.jpg&#8221; link_option_url_new_window=&#8221;on&#8221;]<\/p>\n<h1>Wochenmitte<\/h1>\n<h2><a style=\"text-decoration: underline;\" class=\"icon-after\">Je l\u00e4nger Sie bleiben, desto gr\u00f6\u00dfer ist Ihr Vorteil<\/a><\/h2>\n<p>[\/et_pb_text][\/et_pb_column][et_pb_column type=&#8221;1_4&#8243; _builder_version=&#8221;3.25&#8243; custom_padding=&#8221;|||&#8221; custom_padding__hover=&#8221;|||&#8221;][et_pb_text _builder_version=&#8221;3.27.4&#8243; background_color=&#8221;#E0CBA8&#8243; background_image=&#8221;https:\/\/nelsonsplaces.be\/hotel-nelson\/wp-content\/uploads\/sites\/8\/2020\/05\/084-NelsonHotel-ASDeldycke.jpg&#8221; custom_padding=&#8221;36px|36px|36px|36px&#8221; animation_style=&#8221;slide&#8221; animation_direction=&#8221;bottom&#8221; animation_intensity_slide=&#8221;5%&#8221;][\/et_pb_text][\/et_pb_column][et_pb_column type=&#8221;1_4&#8243; _builder_version=&#8221;3.25&#8243; custom_padding=&#8221;|||&#8221; custom_padding__hover=&#8221;|||&#8221;][et_pb_text module_class=&#8221;flex-wrapper center middle&#8221; _builder_version=&#8221;3.27.4&#8243; text_font=&#8221;||||||||&#8221; header_font=&#8221;Zeyada||||||||&#8221; text_orientation=&#8221;center&#8221; custom_padding=&#8221;36px|36px|36px|36px&#8221; animation_style=&#8221;slide&#8221; animation_direction=&#8221;bottom&#8221; animation_intensity_slide=&#8221;5%&#8221;]<\/p>\n<h1>ZUHAUSE IST, WO IMMER ICH BEI DIR BIN<\/h1>\n<p>[\/et_pb_text][\/et_pb_column][\/et_pb_row][et_pb_row column_structure=&#8221;1_2,1_4,1_4&#8243; _builder_version=&#8221;3.25&#8243; custom_padding=&#8221;0|120px|0|120px|false|false&#8221;][et_pb_column type=&#8221;1_2&#8243; _builder_version=&#8221;3.25&#8243; custom_padding=&#8221;|||&#8221; custom_padding__hover=&#8221;|||&#8221;][et_pb_text module_class=&#8221;flex-wrapper middle overlay dark&#8221; _builder_version=&#8221;4.6.6&#8243; text_font=&#8221;||||||||&#8221; background_image=&#8221;https:\/\/nelsonsplaces.be\/hotel-nelson\/wp-content\/uploads\/sites\/8\/2020\/12\/image00031klein.jpg&#8221; background_layout=&#8221;dark&#8221; custom_padding=&#8221;36px|36px|36px|36px&#8221; animation_style=&#8221;slide&#8221; animation_direction=&#8221;bottom&#8221; animation_intensity_slide=&#8221;5%&#8221; link_option_url=&#8221;https:\/\/nelsonsplaces.be\/wp-content\/uploads\/sites\/8\/2021\/10\/cul-2021-22-1.jpg&#8221; link_option_url_new_window=&#8221;on&#8221; hover_enabled=&#8221;0&#8243; sticky_enabled=&#8221;0&#8243;]<\/p>\n<h1>KULINARWOCHENENDE<\/h1>\n<h2><a style=\"text-decoration: underline;\" class=\"icon-after\">Das Abendessen schmeckt besser wenn wir zusammen essen<\/a><\/h2>\n<p>[\/et_pb_text][\/et_pb_column][et_pb_column type=&#8221;1_4&#8243; _builder_version=&#8221;3.25&#8243; custom_padding=&#8221;|||&#8221; custom_padding__hover=&#8221;|||&#8221;][et_pb_text module_class=&#8221;flex-wrapper center middle&#8221; _builder_version=&#8221;4.6.6&#8243; text_font=&#8221;||||||||&#8221; text_orientation=&#8221;center&#8221; custom_padding=&#8221;36px|36px|36px|36px&#8221; animation_style=&#8221;slide&#8221; animation_direction=&#8221;bottom&#8221; animation_intensity_slide=&#8221;5%&#8221; link_option_url=&#8221;https:\/\/nelsonsplaces.be\/restaurant-l-etage\/&#8221;]<\/p>\n<h1>LIEBLING, WAS GIBT ES ZUM ABENDESSEN?<\/h1>\n<h2>ZEIGE MIR DAS MEN\u00dc &gt;<\/h2>\n<p>[\/et_pb_text][\/et_pb_column][et_pb_column type=&#8221;1_4&#8243; _builder_version=&#8221;3.25&#8243; custom_padding=&#8221;|||&#8221; custom_padding__hover=&#8221;|||&#8221;][et_pb_text _builder_version=&#8221;3.27.4&#8243; background_color=&#8221;#E0CBA8&#8243; background_image=&#8221;https:\/\/nelsonsplaces.be\/hotel-nelson\/wp-content\/uploads\/sites\/8\/2020\/05\/Nelson-069.jpg&#8221; custom_padding=&#8221;36px|36px|36px|36px&#8221; animation_style=&#8221;slide&#8221; animation_direction=&#8221;bottom&#8221; animation_intensity_slide=&#8221;5%&#8221;][\/et_pb_text][\/et_pb_column][\/et_pb_row][et_pb_row column_structure=&#8221;1_2,1_4,1_4&#8243; _builder_version=&#8221;3.25&#8243; custom_padding=&#8221;0|120px|0|120px|false|false&#8221;][et_pb_column type=&#8221;1_2&#8243; _builder_version=&#8221;3.25&#8243; custom_padding=&#8221;|||&#8221; custom_padding__hover=&#8221;|||&#8221;][et_pb_text module_class=&#8221;flex-wrapper middle overlay dark&#8221; _builder_version=&#8221;4.6.6&#8243; text_font=&#8221;||||||||&#8221; background_image=&#8221;https:\/\/nelsonsplaces.be\/hotel-nelson\/wp-content\/uploads\/sites\/8\/2020\/05\/189-Nelson-by-AS-Deldycke-2.jpg&#8221; background_layout=&#8221;dark&#8221; custom_padding=&#8221;36px|36px|36px|36px&#8221; animation_style=&#8221;slide&#8221; animation_direction=&#8221;bottom&#8221; animation_intensity_slide=&#8221;5%&#8221; link_option_url=&#8221;http:\/\/nelsonsplaces.be\/de\/kontakt\/&#8221;]<\/p>\n<h1>FAHRRAD-PAKET<\/h1>\n<h2><a class=\"icon-after\">DAS LEBEN IST EIN WUNDERVOLLER RITT<\/a><\/h2>\n<p>[\/et_pb_text][\/et_pb_column][et_pb_column type=&#8221;1_4&#8243; _builder_version=&#8221;3.25&#8243; custom_padding=&#8221;|||&#8221; custom_padding__hover=&#8221;|||&#8221;][et_pb_text module_class=&#8221;flex-wrapper center middle&#8221; _builder_version=&#8221;4.6.6&#8243; text_font=&#8221;||||||||&#8221; header_font=&#8221;Zeyada||||||||&#8221; text_orientation=&#8221;center&#8221; custom_padding=&#8221;36px|36px|36px|36px&#8221; animation_style=&#8221;slide&#8221; animation_direction=&#8221;bottom&#8221; animation_intensity_slide=&#8221;5%&#8221;]<\/p>\n<h1>Times flies when you&#8217;re having fun<\/h1>\n<p>[\/et_pb_text][\/et_pb_column][et_pb_column type=&#8221;1_4&#8243; _builder_version=&#8221;3.25&#8243; custom_padding=&#8221;|||&#8221; custom_padding__hover=&#8221;|||&#8221;][et_pb_text _builder_version=&#8221;3.27.4&#8243; background_color=&#8221;#E0CBA8&#8243; background_image=&#8221;https:\/\/nelsonsplaces.be\/hotel-nelson\/wp-content\/uploads\/sites\/8\/2020\/05\/064-NelsonHotel-ASDeldycke.jpg&#8221; custom_padding=&#8221;36px|36px|36px|36px&#8221; animation_style=&#8221;slide&#8221; animation_direction=&#8221;bottom&#8221; animation_intensity_slide=&#8221;5%&#8221;][\/et_pb_text][\/et_pb_column][\/et_pb_row][et_pb_row column_structure=&#8221;1_2,1_4,1_4&#8243; _builder_version=&#8221;3.25&#8243; custom_padding=&#8221;0|120px|0|120px|false|false&#8221;][et_pb_column type=&#8221;1_2&#8243; _builder_version=&#8221;3.25&#8243; custom_padding=&#8221;|||&#8221; custom_padding__hover=&#8221;|||&#8221;][et_pb_text module_class=&#8221;flex-wrapper middle overlay dark&#8221; _builder_version=&#8221;4.6.6&#8243; text_font=&#8221;||||||||&#8221; background_image=&#8221;https:\/\/nelsonsplaces.be\/hotel-nelson\/wp-content\/uploads\/sites\/8\/2020\/05\/080-NelsonHotel-ASDeldycke.jpg&#8221; background_layout=&#8221;dark&#8221; custom_padding=&#8221;36px|36px|36px|36px&#8221; animation_style=&#8221;slide&#8221; animation_direction=&#8221;bottom&#8221; animation_intensity_slide=&#8221;5%&#8221; link_option_url=&#8221;http:\/\/nelsonsplaces.be\/de\/kontakt\/&#8221;]<\/p>\n<h1>LIEBE LIEGT IN DER LUFT<\/h1>\n<h2><a class=\"icon-after\">WIE MAN EINEN GELIEBTEN MENSCHEN VERW\u00d6HNT<\/a><\/h2>\n<p>[\/et_pb_text][\/et_pb_column][et_pb_column type=&#8221;1_4&#8243; _builder_version=&#8221;3.25&#8243; custom_padding=&#8221;|||&#8221; custom_padding__hover=&#8221;|||&#8221;][et_pb_text _builder_version=&#8221;3.27.4&#8243; background_color=&#8221;#E0CBA8&#8243; background_image=&#8221;https:\/\/nelsonsplaces.be\/hotel-nelson\/wp-content\/uploads\/sites\/8\/2020\/05\/080-Nelson-by-AS-Deldycke.jpg&#8221; custom_padding=&#8221;36px|36px|36px|36px&#8221; animation_style=&#8221;slide&#8221; animation_direction=&#8221;bottom&#8221; animation_intensity_slide=&#8221;5%&#8221;][\/et_pb_text][\/et_pb_column][et_pb_column type=&#8221;1_4&#8243; _builder_version=&#8221;3.25&#8243; custom_padding=&#8221;|||&#8221; custom_padding__hover=&#8221;|||&#8221;][et_pb_text module_class=&#8221;flex-wrapper center middle&#8221; _builder_version=&#8221;4.6.6&#8243; text_font=&#8221;||||||||&#8221; header_font=&#8221;Zeyada||||||||&#8221; text_orientation=&#8221;center&#8221; custom_padding=&#8221;36px|36px|36px|36px&#8221; animation_style=&#8221;slide&#8221; animation_direction=&#8221;bottom&#8221; animation_intensity_slide=&#8221;5%&#8221;]<\/p>\n<h1>IN DIESEM MOMENT GIBT ES NUR DICH UND MICH<\/h1>\n<p>[\/et_pb_text][\/et_pb_column][\/et_pb_row][\/et_pb_section]<\/p>\n","protected":false},"excerpt":{"rendered":"<p>[et_pb_section fb_built=&#8221;1&#8243; _builder_version=&#8221;3.22&#8243; custom_padding=&#8221;0|0px|0|0px|false|false&#8221;][et_pb_row column_structure=&#8221;1_2,1_4,1_4&#8243; _builder_version=&#8221;3.25&#8243; custom_padding=&#8221;9px|120px|0|120px|false|false&#8221;][et_pb_column type=&#8221;1_2&#8243; _builder_version=&#8221;3.25&#8243; custom_padding=&#8221;|||&#8221; custom_padding__hover=&#8221;|||&#8221;][et_pb_text module_class=&#8221;flex-wrapper middle overlay dark&#8221; _builder_version=&#8221;4.6.6&#8243; text_font=&#8221;||||||||&#8221; background_image=&#8221;https:\/\/nelsonsplaces.be\/hotel-nelson\/wp-content\/uploads\/sites\/8\/2020\/05\/087-NelsonHotel-ASDeldycke.jpg&#8221; background_layout=&#8221;dark&#8221; custom_padding=&#8221;36px|36px|36px|36px&#8221; animation_style=&#8221;slide&#8221; animation_direction=&#8221;bottom&#8221; animation_intensity_slide=&#8221;5%&#8221; link_option_url=&#8221;https:\/\/nelsonsplaces.be\/hotel-nelson\/wp-content\/uploads\/sites\/8\/2021\/01\/Midw-arrang-NL-1.jpg&#8221; link_option_url_new_window=&#8221;on&#8221;] Wochenmitte Je l\u00e4nger Sie bleiben, desto gr\u00f6\u00dfer ist Ihr Vorteil [\/et_pb_text][\/et_pb_column][et_pb_column type=&#8221;1_4&#8243; _builder_version=&#8221;3.25&#8243; custom_padding=&#8221;|||&#8221; custom_padding__hover=&#8221;|||&#8221;][et_pb_text _builder_version=&#8221;3.27.4&#8243; background_color=&#8221;#E0CBA8&#8243; background_image=&#8221;https:\/\/nelsonsplaces.be\/hotel-nelson\/wp-content\/uploads\/sites\/8\/2020\/05\/084-NelsonHotel-ASDeldycke.jpg&#8221; custom_padding=&#8221;36px|36px|36px|36px&#8221; animation_style=&#8221;slide&#8221; animation_direction=&#8221;bottom&#8221; animation_intensity_slide=&#8221;5%&#8221;][\/et_pb_text][\/et_pb_column][et_pb_column type=&#8221;1_4&#8243; _builder_version=&#8221;3.25&#8243; custom_padding=&#8221;|||&#8221; custom_padding__hover=&#8221;|||&#8221;][et_pb_text module_class=&#8221;flex-wrapper center middle&#8221; _builder_version=&#8221;3.27.4&#8243; [&hellip;]<\/p>\n","protected":false},"author":4,"featured_media":0,"parent":0,"menu_order":0,"comment_status":"closed","ping_status":"closed","template":"","meta":{"_et_pb_use_builder":"on","_et_pb_old_content":"","_et_gb_content_width":"","inline_featured_image":false,"_monsterinsights_skip_tracking":false,"_monsterinsights_sitenote_active":false,"_monsterinsights_sitenote_note":"","_monsterinsights_sitenote_category":0,"footnotes":""},"class_list":["post-2605","page","type-page","status-publish","hentry"],"yoast_head":"<!-- This site is optimized with the Yoast SEO plugin v27.0 - https:\/\/yoast.com\/product\/yoast-seo-wordpress\/ -->\n<title>Arrangements - Hotel Nelson<\/title>\n<meta name=\"robots\" content=\"index, follow, max-snippet:-1, max-image-preview:large, max-video-preview:-1\" \/>\n<link rel=\"canonical\" href=\"https:\/\/nelsonsplaces.be\/hotel-nelson\/de\/arrangements\/\" \/>\n<meta property=\"og:locale\" content=\"nl_BE\" \/>\n<meta property=\"og:type\" content=\"article\" \/>\n<meta property=\"og:title\" content=\"Arrangements - Hotel Nelson\" \/>\n<meta property=\"og:description\" content=\"[et_pb_section fb_built=&#8221;1&#8243; _builder_version=&#8221;3.22&#8243; custom_padding=&#8221;0|0px|0|0px|false|false&#8221;][et_pb_row column_structure=&#8221;1_2,1_4,1_4&#8243; _builder_version=&#8221;3.25&#8243; custom_padding=&#8221;9px|120px|0|120px|false|false&#8221;][et_pb_column type=&#8221;1_2&#8243; _builder_version=&#8221;3.25&#8243; custom_padding=&#8221;|||&#8221; custom_padding__hover=&#8221;|||&#8221;][et_pb_text module_class=&#8221;flex-wrapper middle overlay dark&#8221; _builder_version=&#8221;4.6.6&#8243; text_font=&#8221;||||||||&#8221; background_image=&#8221;https:\/\/nelsonsplaces.be\/hotel-nelson\/wp-content\/uploads\/sites\/8\/2020\/05\/087-NelsonHotel-ASDeldycke.jpg&#8221; background_layout=&#8221;dark&#8221; custom_padding=&#8221;36px|36px|36px|36px&#8221; animation_style=&#8221;slide&#8221; animation_direction=&#8221;bottom&#8221; animation_intensity_slide=&#8221;5%&#8221; link_option_url=&#8221;https:\/\/nelsonsplaces.be\/hotel-nelson\/wp-content\/uploads\/sites\/8\/2021\/01\/Midw-arrang-NL-1.jpg&#8221; link_option_url_new_window=&#8221;on&#8221;] Wochenmitte Je l\u00e4nger Sie bleiben, desto gr\u00f6\u00dfer ist Ihr Vorteil [\/et_pb_text][\/et_pb_column][et_pb_column type=&#8221;1_4&#8243; _builder_version=&#8221;3.25&#8243; custom_padding=&#8221;|||&#8221; custom_padding__hover=&#8221;|||&#8221;][et_pb_text _builder_version=&#8221;3.27.4&#8243; background_color=&#8221;#E0CBA8&#8243; background_image=&#8221;https:\/\/nelsonsplaces.be\/hotel-nelson\/wp-content\/uploads\/sites\/8\/2020\/05\/084-NelsonHotel-ASDeldycke.jpg&#8221; custom_padding=&#8221;36px|36px|36px|36px&#8221; animation_style=&#8221;slide&#8221; animation_direction=&#8221;bottom&#8221; animation_intensity_slide=&#8221;5%&#8221;][\/et_pb_text][\/et_pb_column][et_pb_column type=&#8221;1_4&#8243; _builder_version=&#8221;3.25&#8243; custom_padding=&#8221;|||&#8221; custom_padding__hover=&#8221;|||&#8221;][et_pb_text module_class=&#8221;flex-wrapper center middle&#8221; _builder_version=&#8221;3.27.4&#8243; [&hellip;]\" \/>\n<meta property=\"og:url\" content=\"https:\/\/nelsonsplaces.be\/hotel-nelson\/de\/arrangements\/\" \/>\n<meta property=\"og:site_name\" content=\"Hotel Nelson\" \/>\n<meta property=\"article:publisher\" content=\"https:\/\/www.facebook.com\/NelsonsHotel\/\" \/>\n<meta property=\"article:modified_time\" content=\"2021-10-01T09:55:43+00:00\" \/>\n<meta property=\"og:image\" content=\"https:\/\/nelsonsplaces.be\/wp-content\/uploads\/sites\/8\/2021\/03\/HN21-Website-SEO-Facebook-HotelNelson.jpg\" \/>\n\t<meta property=\"og:image:width\" content=\"1200\" \/>\n\t<meta property=\"og:image:height\" content=\"630\" \/>\n\t<meta property=\"og:image:type\" content=\"image\/jpeg\" \/>\n<meta name=\"twitter:card\" content=\"summary_large_image\" \/>\n<meta name=\"twitter:label1\" content=\"Geschatte leestijd\" \/>\n\t<meta name=\"twitter:data1\" content=\"4 minuten\" \/>\n<script type=\"application\/ld+json\" class=\"yoast-schema-graph\">{\"@context\":\"https:\/\/schema.org\",\"@graph\":[{\"@type\":\"WebPage\",\"@id\":\"https:\/\/nelsonsplaces.be\/hotel-nelson\/de\/arrangements\/\",\"url\":\"https:\/\/nelsonsplaces.be\/hotel-nelson\/de\/arrangements\/\",\"name\":\"Arrangements - Hotel Nelson\",\"isPartOf\":{\"@id\":\"https:\/\/nelsonsplaces.be\/hotel-nelson\/#website\"},\"datePublished\":\"2020-08-06T08:58:29+00:00\",\"dateModified\":\"2021-10-01T09:55:43+00:00\",\"breadcrumb\":{\"@id\":\"https:\/\/nelsonsplaces.be\/hotel-nelson\/de\/arrangements\/#breadcrumb\"},\"inLanguage\":\"nl-BE\",\"potentialAction\":[{\"@type\":\"ReadAction\",\"target\":[\"https:\/\/nelsonsplaces.be\/hotel-nelson\/de\/arrangements\/\"]}]},{\"@type\":\"BreadcrumbList\",\"@id\":\"https:\/\/nelsonsplaces.be\/hotel-nelson\/de\/arrangements\/#breadcrumb\",\"itemListElement\":[{\"@type\":\"ListItem\",\"position\":1,\"name\":\"Home\",\"item\":\"https:\/\/nelsonsplaces.be\/hotel-nelson\/\"},{\"@type\":\"ListItem\",\"position\":2,\"name\":\"Arrangements\"}]},{\"@type\":\"WebSite\",\"@id\":\"https:\/\/nelsonsplaces.be\/hotel-nelson\/#website\",\"url\":\"https:\/\/nelsonsplaces.be\/hotel-nelson\/\",\"name\":\"Hotel Nelson\",\"description\":\"Established value in Knokke\",\"potentialAction\":[{\"@type\":\"SearchAction\",\"target\":{\"@type\":\"EntryPoint\",\"urlTemplate\":\"https:\/\/nelsonsplaces.be\/hotel-nelson\/?s={search_term_string}\"},\"query-input\":{\"@type\":\"PropertyValueSpecification\",\"valueRequired\":true,\"valueName\":\"search_term_string\"}}],\"inLanguage\":\"nl-BE\"}]}<\/script>\n<!-- \/ Yoast SEO plugin. -->","yoast_head_json":{"title":"Arrangements - Hotel Nelson","robots":{"index":"index","follow":"follow","max-snippet":"max-snippet:-1","max-image-preview":"max-image-preview:large","max-video-preview":"max-video-preview:-1"},"canonical":"https:\/\/nelsonsplaces.be\/hotel-nelson\/de\/arrangements\/","og_locale":"nl_BE","og_type":"article","og_title":"Arrangements - Hotel Nelson","og_description":"[et_pb_section fb_built=&#8221;1&#8243; _builder_version=&#8221;3.22&#8243; custom_padding=&#8221;0|0px|0|0px|false|false&#8221;][et_pb_row column_structure=&#8221;1_2,1_4,1_4&#8243; _builder_version=&#8221;3.25&#8243; custom_padding=&#8221;9px|120px|0|120px|false|false&#8221;][et_pb_column type=&#8221;1_2&#8243; _builder_version=&#8221;3.25&#8243; custom_padding=&#8221;|||&#8221; custom_padding__hover=&#8221;|||&#8221;][et_pb_text module_class=&#8221;flex-wrapper middle overlay dark&#8221; _builder_version=&#8221;4.6.6&#8243; text_font=&#8221;||||||||&#8221; background_image=&#8221;https:\/\/nelsonsplaces.be\/hotel-nelson\/wp-content\/uploads\/sites\/8\/2020\/05\/087-NelsonHotel-ASDeldycke.jpg&#8221; background_layout=&#8221;dark&#8221; custom_padding=&#8221;36px|36px|36px|36px&#8221; animation_style=&#8221;slide&#8221; animation_direction=&#8221;bottom&#8221; animation_intensity_slide=&#8221;5%&#8221; link_option_url=&#8221;https:\/\/nelsonsplaces.be\/hotel-nelson\/wp-content\/uploads\/sites\/8\/2021\/01\/Midw-arrang-NL-1.jpg&#8221; link_option_url_new_window=&#8221;on&#8221;] Wochenmitte Je l\u00e4nger Sie bleiben, desto gr\u00f6\u00dfer ist Ihr Vorteil [\/et_pb_text][\/et_pb_column][et_pb_column type=&#8221;1_4&#8243; _builder_version=&#8221;3.25&#8243; custom_padding=&#8221;|||&#8221; custom_padding__hover=&#8221;|||&#8221;][et_pb_text _builder_version=&#8221;3.27.4&#8243; background_color=&#8221;#E0CBA8&#8243; background_image=&#8221;https:\/\/nelsonsplaces.be\/hotel-nelson\/wp-content\/uploads\/sites\/8\/2020\/05\/084-NelsonHotel-ASDeldycke.jpg&#8221; custom_padding=&#8221;36px|36px|36px|36px&#8221; animation_style=&#8221;slide&#8221; animation_direction=&#8221;bottom&#8221; animation_intensity_slide=&#8221;5%&#8221;][\/et_pb_text][\/et_pb_column][et_pb_column type=&#8221;1_4&#8243; _builder_version=&#8221;3.25&#8243; custom_padding=&#8221;|||&#8221; custom_padding__hover=&#8221;|||&#8221;][et_pb_text module_class=&#8221;flex-wrapper center middle&#8221; _builder_version=&#8221;3.27.4&#8243; [&hellip;]","og_url":"https:\/\/nelsonsplaces.be\/hotel-nelson\/de\/arrangements\/","og_site_name":"Hotel Nelson","article_publisher":"https:\/\/www.facebook.com\/NelsonsHotel\/","article_modified_time":"2021-10-01T09:55:43+00:00","og_image":[{"width":1200,"height":630,"url":"https:\/\/nelsonsplaces.be\/wp-content\/uploads\/sites\/8\/2021\/03\/HN21-Website-SEO-Facebook-HotelNelson.jpg","type":"image\/jpeg"}],"twitter_card":"summary_large_image","twitter_misc":{"Geschatte leestijd":"4 minuten"},"schema":{"@context":"https:\/\/schema.org","@graph":[{"@type":"WebPage","@id":"https:\/\/nelsonsplaces.be\/hotel-nelson\/de\/arrangements\/","url":"https:\/\/nelsonsplaces.be\/hotel-nelson\/de\/arrangements\/","name":"Arrangements - Hotel Nelson","isPartOf":{"@id":"https:\/\/nelsonsplaces.be\/hotel-nelson\/#website"},"datePublished":"2020-08-06T08:58:29+00:00","dateModified":"2021-10-01T09:55:43+00:00","breadcrumb":{"@id":"https:\/\/nelsonsplaces.be\/hotel-nelson\/de\/arrangements\/#breadcrumb"},"inLanguage":"nl-BE","potentialAction":[{"@type":"ReadAction","target":["https:\/\/nelsonsplaces.be\/hotel-nelson\/de\/arrangements\/"]}]},{"@type":"BreadcrumbList","@id":"https:\/\/nelsonsplaces.be\/hotel-nelson\/de\/arrangements\/#breadcrumb","itemListElement":[{"@type":"ListItem","position":1,"name":"Home","item":"https:\/\/nelsonsplaces.be\/hotel-nelson\/"},{"@type":"ListItem","position":2,"name":"Arrangements"}]},{"@type":"WebSite","@id":"https:\/\/nelsonsplaces.be\/hotel-nelson\/#website","url":"https:\/\/nelsonsplaces.be\/hotel-nelson\/","name":"Hotel Nelson","description":"Established value in Knokke","potentialAction":[{"@type":"SearchAction","target":{"@type":"EntryPoint","urlTemplate":"https:\/\/nelsonsplaces.be\/hotel-nelson\/?s={search_term_string}"},"query-input":{"@type":"PropertyValueSpecification","valueRequired":true,"valueName":"search_term_string"}}],"inLanguage":"nl-BE"}]}},"_links":{"self":[{"href":"https:\/\/nelsonsplaces.be\/hotel-nelson\/wp-json\/wp\/v2\/pages\/2605","targetHints":{"allow":["GET"]}}],"collection":[{"href":"https:\/\/nelsonsplaces.be\/hotel-nelson\/wp-json\/wp\/v2\/pages"}],"about":[{"href":"https:\/\/nelsonsplaces.be\/hotel-nelson\/wp-json\/wp\/v2\/types\/page"}],"author":[{"embeddable":true,"href":"https:\/\/nelsonsplaces.be\/hotel-nelson\/wp-json\/wp\/v2\/users\/4"}],"replies":[{"embeddable":true,"href":"https:\/\/nelsonsplaces.be\/hotel-nelson\/wp-json\/wp\/v2\/comments?post=2605"}],"version-history":[{"count":19,"href":"https:\/\/nelsonsplaces.be\/hotel-nelson\/wp-json\/wp\/v2\/pages\/2605\/revisions"}],"predecessor-version":[{"id":5329,"href":"https:\/\/nelsonsplaces.be\/hotel-nelson\/wp-json\/wp\/v2\/pages\/2605\/revisions\/5329"}],"wp:attachment":[{"href":"https:\/\/nelsonsplaces.be\/hotel-nelson\/wp-json\/wp\/v2\/media?parent=2605"}],"curies":[{"name":"wp","href":"https:\/\/api.w.org\/{rel}","templated":true}]}}