{"id":2610,"date":"2020-08-06T10:59:55","date_gmt":"2020-08-06T08:59:55","guid":{"rendered":"https:\/\/john.kneet.be\/hotel-nelson\/?page_id=2610"},"modified":"2021-11-06T10:22:08","modified_gmt":"2021-11-06T09:22:08","slug":"covid-19","status":"publish","type":"page","link":"https:\/\/nelsonsplaces.be\/hotel-nelson\/de\/covid-19\/","title":{"rendered":"Covid-19"},"content":{"rendered":"<p>[et_pb_section fb_built=&#8221;1&#8243; _builder_version=&#8221;3.22&#8243; custom_padding=&#8221;0|0px|0|0px|false|false&#8221;][et_pb_row column_structure=&#8221;1_2,1_2&#8243; make_equal=&#8221;on&#8221; _builder_version=&#8221;4.6.6&#8243; _module_preset=&#8221;default&#8221; custom_margin=&#8221;|auto|18px|auto|false|false&#8221; custom_margin_tablet=&#8221;&#8221; custom_margin_phone=&#8221;||0px||false|false&#8221; custom_margin_last_edited=&#8221;on|phone&#8221; custom_padding=&#8221;0px||0px||false|false&#8221;][et_pb_column type=&#8221;1_2&#8243; _builder_version=&#8221;4.6.6&#8243; _module_preset=&#8221;default&#8221;][et_pb_text module_class=&#8221;overlay min-height stretch-height tablet-no-margin-bottom&#8221; _builder_version=&#8221;4.6.6&#8243; background_color=&#8221;#E0CBA8&#8243; background_image=&#8221;https:\/\/nelsonsplaces.be\/hotel-nelson\/wp-content\/uploads\/sites\/8\/2020\/07\/030-Nelson-by-AS-Deldycke.jpg&#8221; custom_padding=&#8221;36px|36px|36px|36px&#8221; animation_style=&#8221;slide&#8221; animation_direction=&#8221;bottom&#8221; animation_intensity_slide=&#8221;5%&#8221;]<\/p>\n<h1>IHRE SICHERHEIT = UNSERE PRIORIT\u00c4T<\/h1>\n<p>[\/et_pb_text][\/et_pb_column][et_pb_column type=&#8221;1_2&#8243; _builder_version=&#8221;4.6.6&#8243; _module_preset=&#8221;default&#8221;][et_pb_text module_class=&#8221;flex-wrapper middle overlay dark&#8221; _builder_version=&#8221;4.6.6&#8243; text_font=&#8221;||||||||&#8221; background_color=&#8221;#1E2A3E&#8221; background_image=&#8221;https:\/\/nelsonsplaces.be\/hotel-nelson\/wp-content\/uploads\/sites\/8\/2020\/06\/064-NelsonHotel-ASDeldycke.jpg&#8221; background_layout=&#8221;dark&#8221; custom_padding=&#8221;36px|36px|36px|36px&#8221; animation_style=&#8221;slide&#8221; animation_direction=&#8221;bottom&#8221; animation_intensity_slide=&#8221;5%&#8221;]<\/p>\n<h1>DER RICHTIGE REFLEX<\/h1>\n<ul>\n<li>Regelm\u00e4\u00dfig an den Spendern die H\u00e4nde desinfizieren<\/li>\n<li>Vermeiden Sie unn\u00f6tige Ber\u00fchrungen<\/li>\n<li>Tragen Sie Ihre Mundmaske, wenn Sie im Hotel unterwegs sind<\/li>\n<li>Nehmen Sie den Aufzug nur Menschen aus Ihrem engsten Kreis<\/li>\n<\/ul>\n<p>[\/et_pb_text][\/et_pb_column][\/et_pb_row][et_pb_row column_structure=&#8221;1_2,1_4,1_4&#8243; _builder_version=&#8221;4.6.6&#8243; custom_padding=&#8221;0|120px|0|120px|false|false&#8221;][et_pb_column type=&#8221;1_2&#8243; _builder_version=&#8221;3.25&#8243; custom_padding=&#8221;|||&#8221; custom_padding__hover=&#8221;|||&#8221;][et_pb_text _builder_version=&#8221;3.27.4&#8243; background_color=&#8221;#E0CBA8&#8243; background_image=&#8221;https:\/\/nelsonsplaces.be\/hotel-nelson\/wp-content\/uploads\/sites\/8\/2020\/07\/094-Nelson-by-AS-Deldycke.jpg&#8221; custom_padding=&#8221;36px|36px|36px|36px&#8221; animation_style=&#8221;slide&#8221; animation_direction=&#8221;bottom&#8221; animation_intensity_slide=&#8221;5%&#8221;]<\/p>\n<h1>Social distancing<\/h1>\n<p>[\/et_pb_text][\/et_pb_column][et_pb_column type=&#8221;1_4&#8243; _builder_version=&#8221;3.25&#8243; custom_padding=&#8221;|||&#8221; custom_padding__hover=&#8221;|||&#8221;][et_pb_text module_class=&#8221;flex-wrapper middle&#8221; _builder_version=&#8221;4.6.6&#8243; text_font=&#8221;||||||||&#8221; background_color=&#8221;#E9EAEC&#8221; text_orientation=&#8221;center&#8221; custom_padding=&#8221;36px|36px|36px|36px&#8221; animation_style=&#8221;slide&#8221; animation_direction=&#8221;bottom&#8221; animation_intensity_slide=&#8221;5%&#8221; hover_enabled=&#8221;0&#8243; sticky_enabled=&#8221;0&#8243;]<\/p>\n<h1>Restaurant L&#8217;\u00e9tage<\/h1>\n<p>Um soziale Distanz zu gew\u00e4hrleisten: Die Anzahl der Tische wurde reduziert und an einigen Stellen durch Leinenvorh\u00e4nge voneinander getrennt, sodass Sie Ihr Fr\u00fchst\u00fcck, Mittag- oder Abendessen weiterhin genie\u00dfen k\u00f6nnen.<br \/>\nWir arbeiten wieder mit einem reichhaltigen Fr\u00fchst\u00fccksbuffet. Jeder Kunde hat seinen eigenen Squeezer, um sicher arbeiten zu k\u00f6nnen.<\/p>\n<p>&nbsp;<\/p>\n<p>[\/et_pb_text][\/et_pb_column][et_pb_column type=&#8221;1_4&#8243; _builder_version=&#8221;3.25&#8243; custom_padding=&#8221;|||&#8221; custom_padding__hover=&#8221;|||&#8221;][et_pb_text _builder_version=&#8221;3.27.4&#8243; background_color=&#8221;#E0CBA8&#8243; background_image=&#8221;https:\/\/nelsonsplaces.be\/hotel-nelson\/wp-content\/uploads\/sites\/8\/2020\/06\/small-086-Nelson-by-AS-Deldycke.jpg&#8221; background_position=&#8221;top_right&#8221; custom_padding=&#8221;36px|36px|36px|36px&#8221; animation_style=&#8221;slide&#8221; animation_direction=&#8221;bottom&#8221; animation_intensity_slide=&#8221;5%&#8221;][\/et_pb_text][\/et_pb_column][\/et_pb_row][et_pb_row column_structure=&#8221;1_4,1_4,1_2&#8243; _builder_version=&#8221;4.6.6&#8243; custom_padding=&#8221;0|120px|0|120px|false|false&#8221;][et_pb_column type=&#8221;1_4&#8243; _builder_version=&#8221;3.25&#8243; custom_padding=&#8221;|||&#8221; custom_padding__hover=&#8221;|||&#8221;][et_pb_text _builder_version=&#8221;3.27.4&#8243; background_color=&#8221;#E0CBA8&#8243; background_image=&#8221;https:\/\/nelsonsplaces.be\/hotel-nelson\/wp-content\/uploads\/sites\/8\/2020\/06\/CleanHouseCorona.jpg&#8221; custom_padding=&#8221;36px|36px|36px|36px&#8221; animation_style=&#8221;slide&#8221; animation_direction=&#8221;bottom&#8221; animation_intensity_slide=&#8221;5%&#8221;][\/et_pb_text][\/et_pb_column][et_pb_column type=&#8221;1_4&#8243; _builder_version=&#8221;3.25&#8243; custom_padding=&#8221;|||&#8221; custom_padding__hover=&#8221;|||&#8221;][et_pb_text module_class=&#8221;flex-wrapper middle&#8221; _builder_version=&#8221;4.6.6&#8243; text_font=&#8221;||||||||&#8221; background_color=&#8221;#E9EAEC&#8221; text_orientation=&#8221;center&#8221; custom_padding=&#8221;36px|36px|36px|36px&#8221; animation_style=&#8221;slide&#8221; animation_direction=&#8221;bottom&#8221; animation_intensity_slide=&#8221;5%&#8221;]<\/p>\n<h1>Check-in &amp;<br \/> check-out<\/h1>\n<p>In den Zimmern wird besonders auf die Desinfektion geachtet. Aus diesem Grund haben wir die Check-in- und Check-out-Zeiten leicht angepasst<br \/> <span><\/span><\/p>\n<table width=\"1259\">\n<tbody>\n<tr>\n<td width=\"315\">\n<p><strong>Zimmer<\/strong>: ab 15 Uhr (statt 14 Uhr)<\/p>\n<\/td>\n<\/tr>\n<tr>\n<td width=\"315\">\n<p>und Check-out vor 11 Uhr.<\/p>\n<\/td>\n<\/tr>\n<tr>\n<td width=\"315\">\n<p><strong>Familienzimmer und Suiten<\/strong>: ab 16 Uhr<\/p>\n<\/td>\n<\/tr>\n<tr>\n<td width=\"315\">\n<p>(statt 15 Uhr) und Check-out vor 12 Uhr.<\/p>\n<\/td>\n<\/tr>\n<\/tbody>\n<\/table>\n<p><span><br \/> <\/span><\/p>\n<p>&nbsp;<\/p>\n<p>[\/et_pb_text][\/et_pb_column][et_pb_column type=&#8221;1_2&#8243; _builder_version=&#8221;3.25&#8243; custom_padding=&#8221;|||&#8221; custom_padding__hover=&#8221;|||&#8221;][et_pb_text module_id=&#8221;annulatie-voorwaarden-de&#8221; module_class=&#8221;flex-wrapper middle overlay dark&#8221; _builder_version=&#8221;4.6.6&#8243; text_font=&#8221;||||||||&#8221; background_image=&#8221;https:\/\/nelsonsplaces.be\/hotel-nelson\/wp-content\/uploads\/sites\/8\/2019\/05\/HN19-Website-Media-Rooms-DoubleComfortPlus-Main-2&#215;2-4.jpg&#8221; background_layout=&#8221;dark&#8221; custom_padding=&#8221;36px|36px|36px|36px&#8221; animation_style=&#8221;slide&#8221; animation_direction=&#8221;bottom&#8221; animation_intensity_slide=&#8221;5%&#8221;]<\/p>\n<h1>GELOCKERTE STORNIERUNGSBEDINGUNGEN<\/h1>\n<p>[\/et_pb_text][\/et_pb_column][\/et_pb_row][\/et_pb_section]<\/p>\n","protected":false},"excerpt":{"rendered":"<p>[et_pb_section fb_built=&#8221;1&#8243; _builder_version=&#8221;3.22&#8243; custom_padding=&#8221;0|0px|0|0px|false|false&#8221;][et_pb_row column_structure=&#8221;1_2,1_2&#8243; make_equal=&#8221;on&#8221; _builder_version=&#8221;4.6.6&#8243; _module_preset=&#8221;default&#8221; custom_margin=&#8221;|auto|18px|auto|false|false&#8221; custom_margin_tablet=&#8221;&#8221; custom_margin_phone=&#8221;||0px||false|false&#8221; custom_margin_last_edited=&#8221;on|phone&#8221; custom_padding=&#8221;0px||0px||false|false&#8221;][et_pb_column type=&#8221;1_2&#8243; _builder_version=&#8221;4.6.6&#8243; _module_preset=&#8221;default&#8221;][et_pb_text module_class=&#8221;overlay min-height stretch-height tablet-no-margin-bottom&#8221; _builder_version=&#8221;4.6.6&#8243; background_color=&#8221;#E0CBA8&#8243; background_image=&#8221;https:\/\/nelsonsplaces.be\/hotel-nelson\/wp-content\/uploads\/sites\/8\/2020\/07\/030-Nelson-by-AS-Deldycke.jpg&#8221; custom_padding=&#8221;36px|36px|36px|36px&#8221; animation_style=&#8221;slide&#8221; animation_direction=&#8221;bottom&#8221; animation_intensity_slide=&#8221;5%&#8221;] IHRE SICHERHEIT = UNSERE PRIORIT\u00c4T [\/et_pb_text][\/et_pb_column][et_pb_column type=&#8221;1_2&#8243; _builder_version=&#8221;4.6.6&#8243; _module_preset=&#8221;default&#8221;][et_pb_text module_class=&#8221;flex-wrapper middle overlay dark&#8221; _builder_version=&#8221;4.6.6&#8243; text_font=&#8221;||||||||&#8221; background_color=&#8221;#1E2A3E&#8221; background_image=&#8221;https:\/\/nelsonsplaces.be\/hotel-nelson\/wp-content\/uploads\/sites\/8\/2020\/06\/064-NelsonHotel-ASDeldycke.jpg&#8221; background_layout=&#8221;dark&#8221; custom_padding=&#8221;36px|36px|36px|36px&#8221; animation_style=&#8221;slide&#8221; animation_direction=&#8221;bottom&#8221; animation_intensity_slide=&#8221;5%&#8221;] DER RICHTIGE REFLEX Regelm\u00e4\u00dfig an den [&hellip;]<\/p>\n","protected":false},"author":4,"featured_media":0,"parent":0,"menu_order":0,"comment_status":"closed","ping_status":"closed","template":"","meta":{"_et_pb_use_builder":"on","_et_pb_old_content":"","_et_gb_content_width":"","inline_featured_image":false,"_monsterinsights_skip_tracking":false,"_monsterinsights_sitenote_active":false,"_monsterinsights_sitenote_note":"","_monsterinsights_sitenote_category":0,"footnotes":""},"class_list":["post-2610","page","type-page","status-publish","hentry"],"yoast_head":"<!-- This site is optimized with the Yoast SEO plugin v27.0 - https:\/\/yoast.com\/product\/yoast-seo-wordpress\/ -->\n<title>Covid-19 - Hotel Nelson<\/title>\n<meta name=\"robots\" content=\"index, follow, max-snippet:-1, max-image-preview:large, max-video-preview:-1\" \/>\n<link rel=\"canonical\" href=\"https:\/\/nelsonsplaces.be\/hotel-nelson\/de\/covid-19\/\" \/>\n<meta property=\"og:locale\" content=\"nl_BE\" \/>\n<meta property=\"og:type\" content=\"article\" \/>\n<meta property=\"og:title\" content=\"Covid-19 - Hotel Nelson\" \/>\n<meta property=\"og:description\" content=\"[et_pb_section fb_built=&#8221;1&#8243; _builder_version=&#8221;3.22&#8243; custom_padding=&#8221;0|0px|0|0px|false|false&#8221;][et_pb_row column_structure=&#8221;1_2,1_2&#8243; make_equal=&#8221;on&#8221; _builder_version=&#8221;4.6.6&#8243; _module_preset=&#8221;default&#8221; custom_margin=&#8221;|auto|18px|auto|false|false&#8221; custom_margin_tablet=&#8221;&#8221; custom_margin_phone=&#8221;||0px||false|false&#8221; custom_margin_last_edited=&#8221;on|phone&#8221; custom_padding=&#8221;0px||0px||false|false&#8221;][et_pb_column type=&#8221;1_2&#8243; _builder_version=&#8221;4.6.6&#8243; _module_preset=&#8221;default&#8221;][et_pb_text module_class=&#8221;overlay min-height stretch-height tablet-no-margin-bottom&#8221; _builder_version=&#8221;4.6.6&#8243; background_color=&#8221;#E0CBA8&#8243; background_image=&#8221;https:\/\/nelsonsplaces.be\/hotel-nelson\/wp-content\/uploads\/sites\/8\/2020\/07\/030-Nelson-by-AS-Deldycke.jpg&#8221; custom_padding=&#8221;36px|36px|36px|36px&#8221; animation_style=&#8221;slide&#8221; animation_direction=&#8221;bottom&#8221; animation_intensity_slide=&#8221;5%&#8221;] IHRE SICHERHEIT = UNSERE PRIORIT\u00c4T [\/et_pb_text][\/et_pb_column][et_pb_column type=&#8221;1_2&#8243; _builder_version=&#8221;4.6.6&#8243; _module_preset=&#8221;default&#8221;][et_pb_text module_class=&#8221;flex-wrapper middle overlay dark&#8221; _builder_version=&#8221;4.6.6&#8243; text_font=&#8221;||||||||&#8221; background_color=&#8221;#1E2A3E&#8221; background_image=&#8221;https:\/\/nelsonsplaces.be\/hotel-nelson\/wp-content\/uploads\/sites\/8\/2020\/06\/064-NelsonHotel-ASDeldycke.jpg&#8221; background_layout=&#8221;dark&#8221; custom_padding=&#8221;36px|36px|36px|36px&#8221; animation_style=&#8221;slide&#8221; animation_direction=&#8221;bottom&#8221; animation_intensity_slide=&#8221;5%&#8221;] DER RICHTIGE REFLEX Regelm\u00e4\u00dfig an den [&hellip;]\" \/>\n<meta property=\"og:url\" content=\"https:\/\/nelsonsplaces.be\/hotel-nelson\/de\/covid-19\/\" \/>\n<meta property=\"og:site_name\" content=\"Hotel Nelson\" \/>\n<meta property=\"article:publisher\" content=\"https:\/\/www.facebook.com\/NelsonsHotel\/\" \/>\n<meta property=\"article:modified_time\" content=\"2021-11-06T09:22:08+00:00\" \/>\n<meta property=\"og:image\" content=\"https:\/\/nelsonsplaces.be\/wp-content\/uploads\/sites\/8\/2021\/03\/HN21-Website-SEO-Facebook-HotelNelson.jpg\" \/>\n\t<meta property=\"og:image:width\" content=\"1200\" \/>\n\t<meta property=\"og:image:height\" content=\"630\" \/>\n\t<meta property=\"og:image:type\" content=\"image\/jpeg\" \/>\n<meta name=\"twitter:card\" content=\"summary_large_image\" \/>\n<meta name=\"twitter:label1\" content=\"Geschatte leestijd\" \/>\n\t<meta name=\"twitter:data1\" content=\"3 minuten\" \/>\n<script type=\"application\/ld+json\" class=\"yoast-schema-graph\">{\"@context\":\"https:\/\/schema.org\",\"@graph\":[{\"@type\":\"WebPage\",\"@id\":\"https:\/\/nelsonsplaces.be\/hotel-nelson\/de\/covid-19\/\",\"url\":\"https:\/\/nelsonsplaces.be\/hotel-nelson\/de\/covid-19\/\",\"name\":\"Covid-19 - Hotel Nelson\",\"isPartOf\":{\"@id\":\"https:\/\/nelsonsplaces.be\/hotel-nelson\/#website\"},\"datePublished\":\"2020-08-06T08:59:55+00:00\",\"dateModified\":\"2021-11-06T09:22:08+00:00\",\"breadcrumb\":{\"@id\":\"https:\/\/nelsonsplaces.be\/hotel-nelson\/de\/covid-19\/#breadcrumb\"},\"inLanguage\":\"nl-BE\",\"potentialAction\":[{\"@type\":\"ReadAction\",\"target\":[\"https:\/\/nelsonsplaces.be\/hotel-nelson\/de\/covid-19\/\"]}]},{\"@type\":\"BreadcrumbList\",\"@id\":\"https:\/\/nelsonsplaces.be\/hotel-nelson\/de\/covid-19\/#breadcrumb\",\"itemListElement\":[{\"@type\":\"ListItem\",\"position\":1,\"name\":\"Home\",\"item\":\"https:\/\/nelsonsplaces.be\/hotel-nelson\/\"},{\"@type\":\"ListItem\",\"position\":2,\"name\":\"Covid-19\"}]},{\"@type\":\"WebSite\",\"@id\":\"https:\/\/nelsonsplaces.be\/hotel-nelson\/#website\",\"url\":\"https:\/\/nelsonsplaces.be\/hotel-nelson\/\",\"name\":\"Hotel Nelson\",\"description\":\"Established value in Knokke\",\"potentialAction\":[{\"@type\":\"SearchAction\",\"target\":{\"@type\":\"EntryPoint\",\"urlTemplate\":\"https:\/\/nelsonsplaces.be\/hotel-nelson\/?s={search_term_string}\"},\"query-input\":{\"@type\":\"PropertyValueSpecification\",\"valueRequired\":true,\"valueName\":\"search_term_string\"}}],\"inLanguage\":\"nl-BE\"}]}<\/script>\n<!-- \/ Yoast SEO plugin. -->","yoast_head_json":{"title":"Covid-19 - Hotel Nelson","robots":{"index":"index","follow":"follow","max-snippet":"max-snippet:-1","max-image-preview":"max-image-preview:large","max-video-preview":"max-video-preview:-1"},"canonical":"https:\/\/nelsonsplaces.be\/hotel-nelson\/de\/covid-19\/","og_locale":"nl_BE","og_type":"article","og_title":"Covid-19 - Hotel Nelson","og_description":"[et_pb_section fb_built=&#8221;1&#8243; _builder_version=&#8221;3.22&#8243; custom_padding=&#8221;0|0px|0|0px|false|false&#8221;][et_pb_row column_structure=&#8221;1_2,1_2&#8243; make_equal=&#8221;on&#8221; _builder_version=&#8221;4.6.6&#8243; _module_preset=&#8221;default&#8221; custom_margin=&#8221;|auto|18px|auto|false|false&#8221; custom_margin_tablet=&#8221;&#8221; custom_margin_phone=&#8221;||0px||false|false&#8221; custom_margin_last_edited=&#8221;on|phone&#8221; custom_padding=&#8221;0px||0px||false|false&#8221;][et_pb_column type=&#8221;1_2&#8243; _builder_version=&#8221;4.6.6&#8243; _module_preset=&#8221;default&#8221;][et_pb_text module_class=&#8221;overlay min-height stretch-height tablet-no-margin-bottom&#8221; _builder_version=&#8221;4.6.6&#8243; background_color=&#8221;#E0CBA8&#8243; background_image=&#8221;https:\/\/nelsonsplaces.be\/hotel-nelson\/wp-content\/uploads\/sites\/8\/2020\/07\/030-Nelson-by-AS-Deldycke.jpg&#8221; custom_padding=&#8221;36px|36px|36px|36px&#8221; animation_style=&#8221;slide&#8221; animation_direction=&#8221;bottom&#8221; animation_intensity_slide=&#8221;5%&#8221;] IHRE SICHERHEIT = UNSERE PRIORIT\u00c4T [\/et_pb_text][\/et_pb_column][et_pb_column type=&#8221;1_2&#8243; _builder_version=&#8221;4.6.6&#8243; _module_preset=&#8221;default&#8221;][et_pb_text module_class=&#8221;flex-wrapper middle overlay dark&#8221; _builder_version=&#8221;4.6.6&#8243; text_font=&#8221;||||||||&#8221; background_color=&#8221;#1E2A3E&#8221; background_image=&#8221;https:\/\/nelsonsplaces.be\/hotel-nelson\/wp-content\/uploads\/sites\/8\/2020\/06\/064-NelsonHotel-ASDeldycke.jpg&#8221; background_layout=&#8221;dark&#8221; custom_padding=&#8221;36px|36px|36px|36px&#8221; animation_style=&#8221;slide&#8221; animation_direction=&#8221;bottom&#8221; animation_intensity_slide=&#8221;5%&#8221;] DER RICHTIGE REFLEX Regelm\u00e4\u00dfig an den [&hellip;]","og_url":"https:\/\/nelsonsplaces.be\/hotel-nelson\/de\/covid-19\/","og_site_name":"Hotel Nelson","article_publisher":"https:\/\/www.facebook.com\/NelsonsHotel\/","article_modified_time":"2021-11-06T09:22:08+00:00","og_image":[{"width":1200,"height":630,"url":"https:\/\/nelsonsplaces.be\/wp-content\/uploads\/sites\/8\/2021\/03\/HN21-Website-SEO-Facebook-HotelNelson.jpg","type":"image\/jpeg"}],"twitter_card":"summary_large_image","twitter_misc":{"Geschatte leestijd":"3 minuten"},"schema":{"@context":"https:\/\/schema.org","@graph":[{"@type":"WebPage","@id":"https:\/\/nelsonsplaces.be\/hotel-nelson\/de\/covid-19\/","url":"https:\/\/nelsonsplaces.be\/hotel-nelson\/de\/covid-19\/","name":"Covid-19 - Hotel Nelson","isPartOf":{"@id":"https:\/\/nelsonsplaces.be\/hotel-nelson\/#website"},"datePublished":"2020-08-06T08:59:55+00:00","dateModified":"2021-11-06T09:22:08+00:00","breadcrumb":{"@id":"https:\/\/nelsonsplaces.be\/hotel-nelson\/de\/covid-19\/#breadcrumb"},"inLanguage":"nl-BE","potentialAction":[{"@type":"ReadAction","target":["https:\/\/nelsonsplaces.be\/hotel-nelson\/de\/covid-19\/"]}]},{"@type":"BreadcrumbList","@id":"https:\/\/nelsonsplaces.be\/hotel-nelson\/de\/covid-19\/#breadcrumb","itemListElement":[{"@type":"ListItem","position":1,"name":"Home","item":"https:\/\/nelsonsplaces.be\/hotel-nelson\/"},{"@type":"ListItem","position":2,"name":"Covid-19"}]},{"@type":"WebSite","@id":"https:\/\/nelsonsplaces.be\/hotel-nelson\/#website","url":"https:\/\/nelsonsplaces.be\/hotel-nelson\/","name":"Hotel Nelson","description":"Established value in Knokke","potentialAction":[{"@type":"SearchAction","target":{"@type":"EntryPoint","urlTemplate":"https:\/\/nelsonsplaces.be\/hotel-nelson\/?s={search_term_string}"},"query-input":{"@type":"PropertyValueSpecification","valueRequired":true,"valueName":"search_term_string"}}],"inLanguage":"nl-BE"}]}},"_links":{"self":[{"href":"https:\/\/nelsonsplaces.be\/hotel-nelson\/wp-json\/wp\/v2\/pages\/2610","targetHints":{"allow":["GET"]}}],"collection":[{"href":"https:\/\/nelsonsplaces.be\/hotel-nelson\/wp-json\/wp\/v2\/pages"}],"about":[{"href":"https:\/\/nelsonsplaces.be\/hotel-nelson\/wp-json\/wp\/v2\/types\/page"}],"author":[{"embeddable":true,"href":"https:\/\/nelsonsplaces.be\/hotel-nelson\/wp-json\/wp\/v2\/users\/4"}],"replies":[{"embeddable":true,"href":"https:\/\/nelsonsplaces.be\/hotel-nelson\/wp-json\/wp\/v2\/comments?post=2610"}],"version-history":[{"count":42,"href":"https:\/\/nelsonsplaces.be\/hotel-nelson\/wp-json\/wp\/v2\/pages\/2610\/revisions"}],"predecessor-version":[{"id":5356,"href":"https:\/\/nelsonsplaces.be\/hotel-nelson\/wp-json\/wp\/v2\/pages\/2610\/revisions\/5356"}],"wp:attachment":[{"href":"https:\/\/nelsonsplaces.be\/hotel-nelson\/wp-json\/wp\/v2\/media?parent=2610"}],"curies":[{"name":"wp","href":"https:\/\/api.w.org\/{rel}","templated":true}]}}