{"id":492,"date":"2019-05-03T11:52:52","date_gmt":"2019-05-03T11:52:52","guid":{"rendered":"https:\/\/john.kneet.be\/hotel-nelson\/?page_id=492"},"modified":"2020-12-11T18:16:19","modified_gmt":"2020-12-11T17:16:19","slug":"evenements","status":"publish","type":"page","link":"https:\/\/nelsonsplaces.be\/hotel-nelson\/fr\/evenements\/","title":{"rendered":"\u00c9v\u00e9nements"},"content":{"rendered":"<p>[et_pb_section fb_built=&#8221;1&#8243; _builder_version=&#8221;3.22&#8243; custom_padding=&#8221;0|0px|0|0px|false|false&#8221;][et_pb_row _builder_version=&#8221;3.25&#8243; custom_padding=&#8221;0|120px|0|120px|false|false&#8221; column_structure=&#8221;1_4,1_4,1_4,1_4&#8243;][et_pb_column type=&#8221;1_4&#8243; _builder_version=&#8221;3.25&#8243; custom_padding=&#8221;|||&#8221; custom_padding__hover=&#8221;|||&#8221;][et_pb_text module_class=&#8221;flex-wrapper center middle overlay dark double-height&#8221; _builder_version=&#8221;3.27.4&#8243; text_font=&#8221;||||||||&#8221; background_color=&#8221;#1E2A3E&#8221; background_position=&#8221;center_left&#8221; text_orientation=&#8221;center&#8221; background_layout=&#8221;dark&#8221; custom_padding=&#8221;36px|36px|36px|36px&#8221; animation_style=&#8221;slide&#8221; animation_direction=&#8221;bottom&#8221; animation_intensity_slide=&#8221;5%&#8221;]<\/p>\n<h1>Events<\/h1>\n<p>&nbsp;<\/p>\n<p>[\/et_pb_text][\/et_pb_column][et_pb_column type=&#8221;1_4&#8243; _builder_version=&#8221;3.25&#8243; custom_padding=&#8221;|||&#8221; custom_padding__hover=&#8221;|||&#8221;][et_pb_text module_id=&#8221;zoute-grand-prix&#8221; module_class=&#8221;flex-wrapper middle overlay dark min-height mobile-auto-height&#8221; _builder_version=&#8221;3.27.4&#8243; text_font=&#8221;||||||||&#8221; header_font=&#8221;||||||||&#8221; header_text_color=&#8221;#FFFFFF&#8221; background_color=&#8221;#E9EAEC&#8221; background_image=&#8221;https:\/\/nelsonsplaces.be\/hotel-nelson\/wp-content\/uploads\/sites\/8\/2020\/05\/zoutegrandprix.jpg&#8221; text_orientation=&#8221;center&#8221; background_layout=&#8221;dark&#8221; custom_padding=&#8221;36px|36px|36px|36px&#8221; filter_brightness=&#8221;85%&#8221; animation_style=&#8221;slide&#8221; animation_direction=&#8221;bottom&#8221; animation_intensity_slide=&#8221;5%&#8221;]<\/p>\n<h1>Zoute Grand Prix<\/h1>\n<h2><span>8 &#8211; 11 oktober 2020<br \/> Sylvain Dupuisstraat 10<\/span><\/h2>\n<p>La 11i\u00e8me \u00e9dition de la \u00e9v\u00e9nement prestigieux<span><\/span><\/p>\n<p>@ la partie branch\u00e9e autour <\/p>\n<p>[\/et_pb_text][et_pb_text module_class=&#8221;flex-wrapper middle overlay dark min-height mobile-auto-height&#8221; _builder_version=&#8221;3.27.4&#8243; text_font=&#8221;||||||||&#8221; header_font=&#8221;||||||||&#8221; header_text_color=&#8221;#FFFFFF&#8221; background_color=&#8221;#E9EAEC&#8221; background_image=&#8221;https:\/\/nelsonsplaces.be\/hotel-nelson\/wp-content\/uploads\/sites\/8\/2020\/06\/cartoonfestival.jpg&#8221; text_orientation=&#8221;center&#8221; background_layout=&#8221;dark&#8221; custom_padding=&#8221;36px|36px|36px|36px&#8221; filter_brightness=&#8221;85%&#8221; animation_style=&#8221;slide&#8221; animation_direction=&#8221;bottom&#8221; animation_intensity_slide=&#8221;5%&#8221;]<\/p>\n<h1>Cartoonfestival<\/h1>\n<h2>27 tot 30 augustus 2020<\/h2>\n<p>geannuleerd<\/p>\n<p>[\/et_pb_text][\/et_pb_column][et_pb_column type=&#8221;1_4&#8243; _builder_version=&#8221;3.25&#8243; custom_padding=&#8221;|||&#8221; custom_padding__hover=&#8221;|||&#8221;][et_pb_text module_class=&#8221;flex-wrapper middle overlay dark min-height mobile-auto-height&#8221; _builder_version=&#8221;3.27.4&#8243; text_font=&#8221;||||||||&#8221; header_font=&#8221;||||||||&#8221; header_text_color=&#8221;#FFFFFF&#8221; background_color=&#8221;#E9EAEC&#8221; background_image=&#8221;https:\/\/nelsonsplaces.be\/hotel-nelson\/wp-content\/uploads\/sites\/8\/2020\/06\/knokke-hippique.jpeg&#8221; text_orientation=&#8221;center&#8221; background_layout=&#8221;dark&#8221; custom_padding=&#8221;36px|36px|36px|36px&#8221; filter_brightness=&#8221;85%&#8221; animation_style=&#8221;slide&#8221; animation_direction=&#8221;bottom&#8221; animation_intensity_slide=&#8221;5%&#8221;]<\/p>\n<h1>Knokke Hippique<\/h1>\n<h2>17 au 21 juin 2020<\/h2>\n<p>annul\u00e9<\/p>\n<p>[\/et_pb_text][et_pb_text module_class=&#8221;flex-wrapper middle overlay dark min-height mobile-auto-height&#8221; _builder_version=&#8221;3.27.4&#8243; text_font=&#8221;||||||||&#8221; header_font=&#8221;||||||||&#8221; header_text_color=&#8221;#FFFFFF&#8221; background_color=&#8221;#E9EAEC&#8221; background_image=&#8221;https:\/\/nelsonsplaces.be\/hotel-nelson\/wp-content\/uploads\/sites\/8\/2020\/06\/vuurwerk.jpg&#8221; text_orientation=&#8221;center&#8221; background_layout=&#8221;dark&#8221; custom_padding=&#8221;36px|36px|36px|36px&#8221; filter_brightness=&#8221;85%&#8221; animation_style=&#8221;slide&#8221; animation_direction=&#8221;bottom&#8221; animation_intensity_slide=&#8221;5%&#8221;]<\/p>\n<h1>Festival de feux d&#8217;artifice<\/h1>\n<h2>ao\u00fbt 2020<\/h2>\n<p>annul\u00e9<\/p>\n<p>[\/et_pb_text][\/et_pb_column][et_pb_column type=&#8221;1_4&#8243; _builder_version=&#8221;3.25&#8243; custom_padding=&#8221;|||&#8221; custom_padding__hover=&#8221;|||&#8221;][et_pb_text module_class=&#8221;flex-wrapper middle overlay dark min-height mobile-auto-height&#8221; _builder_version=&#8221;3.27.4&#8243; text_font=&#8221;||||||||&#8221; header_font=&#8221;||||||||&#8221; header_text_color=&#8221;#FFFFFF&#8221; background_color=&#8221;#E9EAEC&#8221; background_image=&#8221;https:\/\/nelsonsplaces.be\/hotel-nelson\/wp-content\/uploads\/sites\/8\/2020\/06\/mep.jpg&#8221; text_orientation=&#8221;center&#8221; background_layout=&#8221;dark&#8221; custom_padding=&#8221;36px|36px|36px|36px&#8221; filter_brightness=&#8221;85%&#8221; animation_style=&#8221;slide&#8221; animation_direction=&#8221;bottom&#8221; animation_intensity_slide=&#8221;5%&#8221;]<\/p>\n<h1>Mise en Plage<\/h1>\n<h2>19 au 22 juin 2020<\/h2>\n<h2>weekend gastronomique sur la plage<\/h2>\n<p>annul\u00e9<\/p>\n<p>[\/et_pb_text][\/et_pb_column][\/et_pb_row][et_pb_row column_structure=&#8221;1_4,1_4,1_4,1_4&#8243; _builder_version=&#8221;3.25&#8243; custom_padding=&#8221;0|120px|0|120px|false|false&#8221;][et_pb_column type=&#8221;1_4&#8243; _builder_version=&#8221;3.25&#8243; custom_padding=&#8221;|||&#8221; custom_padding__hover=&#8221;|||&#8221;][et_pb_text module_class=&#8221;flex-wrapper center middle overlay dark double-height&#8221; _builder_version=&#8221;3.27.4&#8243; text_font=&#8221;||||||||&#8221; background_color=&#8221;#1E2A3E&#8221; background_position=&#8221;center_left&#8221; text_orientation=&#8221;center&#8221; background_layout=&#8221;dark&#8221; custom_padding=&#8221;36px|36px|36px|36px&#8221; animation_style=&#8221;slide&#8221; animation_direction=&#8221;bottom&#8221; animation_intensity_slide=&#8221;5%&#8221;]<\/p>\n<h1>Nos favoris<\/h1>\n<p>[\/et_pb_text][\/et_pb_column][et_pb_column type=&#8221;1_4&#8243; _builder_version=&#8221;3.25&#8243; custom_padding=&#8221;|||&#8221; custom_padding__hover=&#8221;|||&#8221;][et_pb_text module_class=&#8221;flex-wrapper middle overlay dark min-height mobile-auto-height&#8221; _builder_version=&#8221;3.27.4&#8243; text_font=&#8221;||||||||&#8221; header_font=&#8221;||||||||&#8221; header_text_color=&#8221;#FFFFFF&#8221; background_color=&#8221;#E9EAEC&#8221; background_image=&#8221;https:\/\/nelsonsplaces.be\/hotel-nelson\/wp-content\/uploads\/sites\/8\/2020\/05\/notre-dame.jpg&#8221; text_orientation=&#8221;center&#8221; background_layout=&#8221;dark&#8221; custom_padding=&#8221;36px|36px|36px|36px&#8221; filter_brightness=&#8221;85%&#8221; animation_style=&#8221;slide&#8221; animation_direction=&#8221;bottom&#8221; animation_intensity_slide=&#8221;5%&#8221;]<\/p>\n<h1>Boulangerie<br \/> Notre Dame<\/h1>\n<h2><span>Sylvain Dupuisstraat 10<\/span><\/h2>\n<p>Contact: <span>050 60 92 91<\/span><\/p>\n<p>[\/et_pb_text][et_pb_text module_class=&#8221;flex-wrapper middle overlay dark min-height mobile-auto-height&#8221; _builder_version=&#8221;3.27.4&#8243; text_font=&#8221;||||||||&#8221; header_font=&#8221;||||||||&#8221; header_text_color=&#8221;#FFFFFF&#8221; background_color=&#8221;#E9EAEC&#8221; background_image=&#8221;https:\/\/nelsonsplaces.be\/hotel-nelson\/wp-content\/uploads\/sites\/8\/2020\/05\/muguet.jpg&#8221; text_orientation=&#8221;center&#8221; background_layout=&#8221;dark&#8221; custom_padding=&#8221;36px|36px|36px|36px&#8221; filter_brightness=&#8221;85%&#8221; animation_style=&#8221;slide&#8221; animation_direction=&#8221;bottom&#8221; animation_intensity_slide=&#8221;5%&#8221;]<\/p>\n<h2>Commerce de fleurs<\/h2>\n<h1>Muguet<\/h1>\n<h2><span>Koningslaan 133<\/span><\/h2>\n<p><span><\/span>Fleurs exceptionelles<br \/> depuis 1957<\/p>\n<p>Ferm\u00e9 le mardi<\/p>\n<p>Contact: <span>050 60 36 65<\/span><\/p>\n<p>[\/et_pb_text][et_pb_text module_class=&#8221;flex-wrapper middle overlay dark min-height mobile-auto-height&#8221; _builder_version=&#8221;3.27.4&#8243; text_font=&#8221;||||||||&#8221; header_font=&#8221;||||||||&#8221; header_text_color=&#8221;#FFFFFF&#8221; background_color=&#8221;#E9EAEC&#8221; background_image=&#8221;https:\/\/nelsonsplaces.be\/hotel-nelson\/wp-content\/uploads\/sites\/8\/2020\/05\/casa-dellanno.jpg&#8221; text_orientation=&#8221;center&#8221; background_layout=&#8221;dark&#8221; custom_padding=&#8221;36px|36px|36px|36px&#8221; filter_brightness=&#8221;85%&#8221; animation_style=&#8221;slide&#8221; animation_direction=&#8221;bottom&#8221; animation_intensity_slide=&#8221;5%&#8221;]<\/p>\n<h2>Traiteur Italien<\/h2>\n<h1>casa<br \/> dell&#8217;anno<\/h1>\n<h2><span>Koningslaan 240<\/span><\/h2>\n<p>Ouvert tous les jours de 8-19h<br \/> Hors saison, ferm\u00e9 le mardi et le mercredi<\/p>\n<p>Contact: <span>050 60 97 79<\/span><\/p>\n<p>[\/et_pb_text][\/et_pb_column][et_pb_column type=&#8221;1_4&#8243; _builder_version=&#8221;3.25&#8243; custom_padding=&#8221;|||&#8221; custom_padding__hover=&#8221;|||&#8221;][et_pb_text module_class=&#8221;flex-wrapper middle overlay dark min-height mobile-auto-height&#8221; _builder_version=&#8221;3.27.4&#8243; text_font=&#8221;||||||||&#8221; header_font=&#8221;||||||||&#8221; header_text_color=&#8221;#FFFFFF&#8221; background_color=&#8221;#E9EAEC&#8221; background_image=&#8221;https:\/\/nelsonsplaces.be\/hotel-nelson\/wp-content\/uploads\/sites\/8\/2020\/05\/de-knock.jpg&#8221; text_orientation=&#8221;center&#8221; background_layout=&#8221;dark&#8221; custom_padding=&#8221;36px|36px|36px|36px&#8221; filter_brightness=&#8221;85%&#8221; animation_style=&#8221;slide&#8221; animation_direction=&#8221;bottom&#8221; animation_intensity_slide=&#8221;5%&#8221;]<\/p>\n<h1>Boucherie<br \/> De Knock<\/h1>\n<h2><span>Lippenslaan 387<\/span><\/h2>\n<p>Ma\u00eetre en viande fra\u00eeche<br \/> depuis 1907<\/p>\n<p>[\/et_pb_text][et_pb_text module_class=&#8221;flex-wrapper middle overlay dark min-height mobile-auto-height&#8221; _builder_version=&#8221;3.27.4&#8243; text_font=&#8221;||||||||&#8221; header_font=&#8221;||||||||&#8221; header_text_color=&#8221;#FFFFFF&#8221; background_color=&#8221;#E9EAEC&#8221; background_image=&#8221;https:\/\/nelsonsplaces.be\/hotel-nelson\/wp-content\/uploads\/sites\/8\/2020\/05\/rubensbikes.jpg&#8221; text_orientation=&#8221;center&#8221; background_layout=&#8221;dark&#8221; custom_padding=&#8221;36px|36px|36px|36px&#8221; filter_brightness=&#8221;85%&#8221; animation_style=&#8221;slide&#8221; animation_direction=&#8221;bottom&#8221; animation_intensity_slide=&#8221;5%&#8221;]<\/p>\n<h2>Location de bicyclette<br \/> &amp; go-cart<\/h2>\n<h1>Rubens bikes<\/h1>\n<h2>Rubensplein 582<br \/> Zeedijk 544<\/h2>\n<p>Ouvert tous les jours de 9 \u00e0 22h<\/p>\n<p>Contact: <span>050 62 73 33<\/span><\/p>\n<p>[\/et_pb_text][et_pb_text module_class=&#8221;flex-wrapper middle overlay dark min-height mobile-auto-height&#8221; _builder_version=&#8221;3.27.4&#8243; text_font=&#8221;||||||||&#8221; header_font=&#8221;||||||||&#8221; header_text_color=&#8221;#FFFFFF&#8221; background_color=&#8221;#E9EAEC&#8221; background_image=&#8221;https:\/\/nelsonsplaces.be\/hotel-nelson\/wp-content\/uploads\/sites\/8\/2020\/05\/cavesdebordeaux.jpg&#8221; text_orientation=&#8221;center&#8221; background_layout=&#8221;dark&#8221; custom_padding=&#8221;36px|36px|36px|36px&#8221; filter_brightness=&#8221;85%&#8221; animation_style=&#8221;slide&#8221; animation_direction=&#8221;bottom&#8221; animation_intensity_slide=&#8221;5%&#8221;]<\/p>\n<h2>Commerce du vin<\/h2>\n<h1>Les caves<br \/> de bordeaux<\/h1>\n<h2><span>Koningslaan 234<\/span><\/h2>\n<p>Ouvert du 13:00 &#8211; 18:00<br \/> Ferm\u00e9 le dimanche<\/p>\n<p>Contact: <span>050 60 70 74<\/span><\/p>\n<p>[\/et_pb_text][\/et_pb_column][et_pb_column type=&#8221;1_4&#8243; _builder_version=&#8221;3.25&#8243; custom_padding=&#8221;|||&#8221; custom_padding__hover=&#8221;|||&#8221;][et_pb_text module_class=&#8221;flex-wrapper middle overlay dark min-height mobile-auto-height&#8221; _builder_version=&#8221;3.27.4&#8243; text_font=&#8221;||||||||&#8221; header_font=&#8221;||||||||&#8221; header_text_color=&#8221;#FFFFFF&#8221; background_color=&#8221;#E9EAEC&#8221; background_image=&#8221;https:\/\/nelsonsplaces.be\/hotel-nelson\/wp-content\/uploads\/sites\/8\/2020\/05\/waikiki-3-1.jpg&#8221; text_orientation=&#8221;center&#8221; background_layout=&#8221;dark&#8221; custom_padding=&#8221;36px|36px|36px|36px&#8221; filter_brightness=&#8221;85%&#8221; animation_style=&#8221;slide&#8221; animation_direction=&#8221;bottom&#8221; animation_intensity_slide=&#8221;5%&#8221;]<\/p>\n<h2>Bar de plage<\/h2>\n<h1>Waikiki beach<\/h1>\n<h2><span>Situ\u00e9 sur la plage d&#8217;Albert entre la Rubensplein et le casino<\/span><\/h2>\n<p>Ouvert de 13:00 \u00e0 18:00<\/p>\n<p>Contact: <span>0475 66 78 49<\/span><\/p>\n<p>[\/et_pb_text][et_pb_text module_class=&#8221;flex-wrapper middle overlay dark min-height mobile-auto-height&#8221; _builder_version=&#8221;3.27.4&#8243; text_font=&#8221;||||||||&#8221; header_font=&#8221;||||||||&#8221; header_text_color=&#8221;#FFFFFF&#8221; background_color=&#8221;#E9EAEC&#8221; background_image=&#8221;https:\/\/nelsonsplaces.be\/hotel-nelson\/wp-content\/uploads\/sites\/8\/2020\/05\/jones-hairwear.jpg&#8221; text_orientation=&#8221;center&#8221; background_layout=&#8221;dark&#8221; custom_padding=&#8221;36px|36px|36px|36px&#8221; filter_brightness=&#8221;85%&#8221; animation_style=&#8221;slide&#8221; animation_direction=&#8221;bottom&#8221; animation_intensity_slide=&#8221;5%&#8221;]<\/p>\n<h2>Salon de coiffure<\/h2>\n<h1>Jonas<br \/> Hairware<\/h1>\n<h2><span>Koningslaan 137<\/span><\/h2>\n<p>Ferm\u00e9 le dimanche et le lundi<\/p>\n<p>Contact: <span>050 33 19 90<\/span><\/p>\n<p>[\/et_pb_text][\/et_pb_column][\/et_pb_row][\/et_pb_section]<\/p>\n","protected":false},"excerpt":{"rendered":"<p>[et_pb_section fb_built=&#8221;1&#8243; _builder_version=&#8221;3.22&#8243; custom_padding=&#8221;0|0px|0|0px|false|false&#8221;][et_pb_row _builder_version=&#8221;3.25&#8243; custom_padding=&#8221;0|120px|0|120px|false|false&#8221; column_structure=&#8221;1_4,1_4,1_4,1_4&#8243;][et_pb_column type=&#8221;1_4&#8243; _builder_version=&#8221;3.25&#8243; custom_padding=&#8221;|||&#8221; custom_padding__hover=&#8221;|||&#8221;][et_pb_text module_class=&#8221;flex-wrapper center middle overlay dark double-height&#8221; _builder_version=&#8221;3.27.4&#8243; text_font=&#8221;||||||||&#8221; background_color=&#8221;#1E2A3E&#8221; background_position=&#8221;center_left&#8221; text_orientation=&#8221;center&#8221; background_layout=&#8221;dark&#8221; custom_padding=&#8221;36px|36px|36px|36px&#8221; animation_style=&#8221;slide&#8221; animation_direction=&#8221;bottom&#8221; animation_intensity_slide=&#8221;5%&#8221;] Events &nbsp; [\/et_pb_text][\/et_pb_column][et_pb_column type=&#8221;1_4&#8243; _builder_version=&#8221;3.25&#8243; custom_padding=&#8221;|||&#8221; custom_padding__hover=&#8221;|||&#8221;][et_pb_text module_id=&#8221;zoute-grand-prix&#8221; module_class=&#8221;flex-wrapper middle overlay dark min-height mobile-auto-height&#8221; _builder_version=&#8221;3.27.4&#8243; text_font=&#8221;||||||||&#8221; header_font=&#8221;||||||||&#8221; header_text_color=&#8221;#FFFFFF&#8221; background_color=&#8221;#E9EAEC&#8221; background_image=&#8221;https:\/\/nelsonsplaces.be\/hotel-nelson\/wp-content\/uploads\/sites\/8\/2020\/05\/zoutegrandprix.jpg&#8221; text_orientation=&#8221;center&#8221; background_layout=&#8221;dark&#8221; custom_padding=&#8221;36px|36px|36px|36px&#8221; filter_brightness=&#8221;85%&#8221; animation_style=&#8221;slide&#8221; animation_direction=&#8221;bottom&#8221; animation_intensity_slide=&#8221;5%&#8221;] Zoute [&hellip;]<\/p>\n","protected":false},"author":1,"featured_media":0,"parent":0,"menu_order":0,"comment_status":"closed","ping_status":"closed","template":"","meta":{"_et_pb_use_builder":"on","_et_pb_old_content":"<!-- wp:divi\/placeholder \/-->","_et_gb_content_width":"","inline_featured_image":false,"_monsterinsights_skip_tracking":false,"_monsterinsights_sitenote_active":false,"_monsterinsights_sitenote_note":"","_monsterinsights_sitenote_category":0,"footnotes":""},"class_list":["post-492","page","type-page","status-publish","hentry"],"yoast_head":"<!-- This site is optimized with the Yoast SEO plugin v27.0 - https:\/\/yoast.com\/product\/yoast-seo-wordpress\/ -->\n<title>\u00c9v\u00e9nements - Hotel Nelson<\/title>\n<meta name=\"robots\" content=\"index, follow, max-snippet:-1, max-image-preview:large, max-video-preview:-1\" \/>\n<link rel=\"canonical\" href=\"https:\/\/nelsonsplaces.be\/hotel-nelson\/fr\/evenements\/\" \/>\n<meta property=\"og:locale\" content=\"nl_BE\" \/>\n<meta property=\"og:type\" content=\"article\" \/>\n<meta property=\"og:title\" content=\"\u00c9v\u00e9nements - Hotel Nelson\" \/>\n<meta property=\"og:description\" content=\"[et_pb_section fb_built=&#8221;1&#8243; _builder_version=&#8221;3.22&#8243; custom_padding=&#8221;0|0px|0|0px|false|false&#8221;][et_pb_row _builder_version=&#8221;3.25&#8243; custom_padding=&#8221;0|120px|0|120px|false|false&#8221; column_structure=&#8221;1_4,1_4,1_4,1_4&#8243;][et_pb_column type=&#8221;1_4&#8243; _builder_version=&#8221;3.25&#8243; custom_padding=&#8221;|||&#8221; custom_padding__hover=&#8221;|||&#8221;][et_pb_text module_class=&#8221;flex-wrapper center middle overlay dark double-height&#8221; _builder_version=&#8221;3.27.4&#8243; text_font=&#8221;||||||||&#8221; background_color=&#8221;#1E2A3E&#8221; background_position=&#8221;center_left&#8221; text_orientation=&#8221;center&#8221; background_layout=&#8221;dark&#8221; custom_padding=&#8221;36px|36px|36px|36px&#8221; animation_style=&#8221;slide&#8221; animation_direction=&#8221;bottom&#8221; animation_intensity_slide=&#8221;5%&#8221;] Events &nbsp; [\/et_pb_text][\/et_pb_column][et_pb_column type=&#8221;1_4&#8243; _builder_version=&#8221;3.25&#8243; custom_padding=&#8221;|||&#8221; custom_padding__hover=&#8221;|||&#8221;][et_pb_text module_id=&#8221;zoute-grand-prix&#8221; module_class=&#8221;flex-wrapper middle overlay dark min-height mobile-auto-height&#8221; _builder_version=&#8221;3.27.4&#8243; text_font=&#8221;||||||||&#8221; header_font=&#8221;||||||||&#8221; header_text_color=&#8221;#FFFFFF&#8221; background_color=&#8221;#E9EAEC&#8221; background_image=&#8221;https:\/\/nelsonsplaces.be\/hotel-nelson\/wp-content\/uploads\/sites\/8\/2020\/05\/zoutegrandprix.jpg&#8221; text_orientation=&#8221;center&#8221; background_layout=&#8221;dark&#8221; custom_padding=&#8221;36px|36px|36px|36px&#8221; filter_brightness=&#8221;85%&#8221; animation_style=&#8221;slide&#8221; animation_direction=&#8221;bottom&#8221; animation_intensity_slide=&#8221;5%&#8221;] Zoute [&hellip;]\" \/>\n<meta property=\"og:url\" content=\"https:\/\/nelsonsplaces.be\/hotel-nelson\/fr\/evenements\/\" \/>\n<meta property=\"og:site_name\" content=\"Hotel Nelson\" \/>\n<meta property=\"article:publisher\" content=\"https:\/\/www.facebook.com\/NelsonsHotel\/\" \/>\n<meta property=\"article:modified_time\" content=\"2020-12-11T17:16:19+00:00\" \/>\n<meta property=\"og:image\" content=\"https:\/\/nelsonsplaces.be\/wp-content\/uploads\/sites\/8\/2021\/03\/HN21-Website-SEO-Facebook-HotelNelson.jpg\" \/>\n\t<meta property=\"og:image:width\" content=\"1200\" \/>\n\t<meta property=\"og:image:height\" content=\"630\" \/>\n\t<meta property=\"og:image:type\" content=\"image\/jpeg\" \/>\n<meta name=\"twitter:card\" content=\"summary_large_image\" \/>\n<meta name=\"twitter:label1\" content=\"Geschatte leestijd\" \/>\n\t<meta name=\"twitter:data1\" content=\"6 minuten\" \/>\n<script type=\"application\/ld+json\" class=\"yoast-schema-graph\">{\"@context\":\"https:\/\/schema.org\",\"@graph\":[{\"@type\":\"WebPage\",\"@id\":\"https:\/\/nelsonsplaces.be\/hotel-nelson\/fr\/evenements\/\",\"url\":\"https:\/\/nelsonsplaces.be\/hotel-nelson\/fr\/evenements\/\",\"name\":\"\u00c9v\u00e9nements - Hotel Nelson\",\"isPartOf\":{\"@id\":\"https:\/\/nelsonsplaces.be\/hotel-nelson\/#website\"},\"datePublished\":\"2019-05-03T11:52:52+00:00\",\"dateModified\":\"2020-12-11T17:16:19+00:00\",\"breadcrumb\":{\"@id\":\"https:\/\/nelsonsplaces.be\/hotel-nelson\/fr\/evenements\/#breadcrumb\"},\"inLanguage\":\"nl-BE\",\"potentialAction\":[{\"@type\":\"ReadAction\",\"target\":[\"https:\/\/nelsonsplaces.be\/hotel-nelson\/fr\/evenements\/\"]}]},{\"@type\":\"BreadcrumbList\",\"@id\":\"https:\/\/nelsonsplaces.be\/hotel-nelson\/fr\/evenements\/#breadcrumb\",\"itemListElement\":[{\"@type\":\"ListItem\",\"position\":1,\"name\":\"Home\",\"item\":\"https:\/\/nelsonsplaces.be\/hotel-nelson\/\"},{\"@type\":\"ListItem\",\"position\":2,\"name\":\"\u00c9v\u00e9nements\"}]},{\"@type\":\"WebSite\",\"@id\":\"https:\/\/nelsonsplaces.be\/hotel-nelson\/#website\",\"url\":\"https:\/\/nelsonsplaces.be\/hotel-nelson\/\",\"name\":\"Hotel Nelson\",\"description\":\"Established value in Knokke\",\"potentialAction\":[{\"@type\":\"SearchAction\",\"target\":{\"@type\":\"EntryPoint\",\"urlTemplate\":\"https:\/\/nelsonsplaces.be\/hotel-nelson\/?s={search_term_string}\"},\"query-input\":{\"@type\":\"PropertyValueSpecification\",\"valueRequired\":true,\"valueName\":\"search_term_string\"}}],\"inLanguage\":\"nl-BE\"}]}<\/script>\n<!-- \/ Yoast SEO plugin. -->","yoast_head_json":{"title":"\u00c9v\u00e9nements - Hotel Nelson","robots":{"index":"index","follow":"follow","max-snippet":"max-snippet:-1","max-image-preview":"max-image-preview:large","max-video-preview":"max-video-preview:-1"},"canonical":"https:\/\/nelsonsplaces.be\/hotel-nelson\/fr\/evenements\/","og_locale":"nl_BE","og_type":"article","og_title":"\u00c9v\u00e9nements - Hotel Nelson","og_description":"[et_pb_section fb_built=&#8221;1&#8243; _builder_version=&#8221;3.22&#8243; custom_padding=&#8221;0|0px|0|0px|false|false&#8221;][et_pb_row _builder_version=&#8221;3.25&#8243; custom_padding=&#8221;0|120px|0|120px|false|false&#8221; column_structure=&#8221;1_4,1_4,1_4,1_4&#8243;][et_pb_column type=&#8221;1_4&#8243; _builder_version=&#8221;3.25&#8243; custom_padding=&#8221;|||&#8221; custom_padding__hover=&#8221;|||&#8221;][et_pb_text module_class=&#8221;flex-wrapper center middle overlay dark double-height&#8221; _builder_version=&#8221;3.27.4&#8243; text_font=&#8221;||||||||&#8221; background_color=&#8221;#1E2A3E&#8221; background_position=&#8221;center_left&#8221; text_orientation=&#8221;center&#8221; background_layout=&#8221;dark&#8221; custom_padding=&#8221;36px|36px|36px|36px&#8221; animation_style=&#8221;slide&#8221; animation_direction=&#8221;bottom&#8221; animation_intensity_slide=&#8221;5%&#8221;] Events &nbsp; [\/et_pb_text][\/et_pb_column][et_pb_column type=&#8221;1_4&#8243; _builder_version=&#8221;3.25&#8243; custom_padding=&#8221;|||&#8221; custom_padding__hover=&#8221;|||&#8221;][et_pb_text module_id=&#8221;zoute-grand-prix&#8221; module_class=&#8221;flex-wrapper middle overlay dark min-height mobile-auto-height&#8221; _builder_version=&#8221;3.27.4&#8243; text_font=&#8221;||||||||&#8221; header_font=&#8221;||||||||&#8221; header_text_color=&#8221;#FFFFFF&#8221; background_color=&#8221;#E9EAEC&#8221; background_image=&#8221;https:\/\/nelsonsplaces.be\/hotel-nelson\/wp-content\/uploads\/sites\/8\/2020\/05\/zoutegrandprix.jpg&#8221; text_orientation=&#8221;center&#8221; background_layout=&#8221;dark&#8221; custom_padding=&#8221;36px|36px|36px|36px&#8221; filter_brightness=&#8221;85%&#8221; animation_style=&#8221;slide&#8221; animation_direction=&#8221;bottom&#8221; animation_intensity_slide=&#8221;5%&#8221;] Zoute [&hellip;]","og_url":"https:\/\/nelsonsplaces.be\/hotel-nelson\/fr\/evenements\/","og_site_name":"Hotel Nelson","article_publisher":"https:\/\/www.facebook.com\/NelsonsHotel\/","article_modified_time":"2020-12-11T17:16:19+00:00","og_image":[{"width":1200,"height":630,"url":"https:\/\/nelsonsplaces.be\/wp-content\/uploads\/sites\/8\/2021\/03\/HN21-Website-SEO-Facebook-HotelNelson.jpg","type":"image\/jpeg"}],"twitter_card":"summary_large_image","twitter_misc":{"Geschatte leestijd":"6 minuten"},"schema":{"@context":"https:\/\/schema.org","@graph":[{"@type":"WebPage","@id":"https:\/\/nelsonsplaces.be\/hotel-nelson\/fr\/evenements\/","url":"https:\/\/nelsonsplaces.be\/hotel-nelson\/fr\/evenements\/","name":"\u00c9v\u00e9nements - Hotel Nelson","isPartOf":{"@id":"https:\/\/nelsonsplaces.be\/hotel-nelson\/#website"},"datePublished":"2019-05-03T11:52:52+00:00","dateModified":"2020-12-11T17:16:19+00:00","breadcrumb":{"@id":"https:\/\/nelsonsplaces.be\/hotel-nelson\/fr\/evenements\/#breadcrumb"},"inLanguage":"nl-BE","potentialAction":[{"@type":"ReadAction","target":["https:\/\/nelsonsplaces.be\/hotel-nelson\/fr\/evenements\/"]}]},{"@type":"BreadcrumbList","@id":"https:\/\/nelsonsplaces.be\/hotel-nelson\/fr\/evenements\/#breadcrumb","itemListElement":[{"@type":"ListItem","position":1,"name":"Home","item":"https:\/\/nelsonsplaces.be\/hotel-nelson\/"},{"@type":"ListItem","position":2,"name":"\u00c9v\u00e9nements"}]},{"@type":"WebSite","@id":"https:\/\/nelsonsplaces.be\/hotel-nelson\/#website","url":"https:\/\/nelsonsplaces.be\/hotel-nelson\/","name":"Hotel Nelson","description":"Established value in Knokke","potentialAction":[{"@type":"SearchAction","target":{"@type":"EntryPoint","urlTemplate":"https:\/\/nelsonsplaces.be\/hotel-nelson\/?s={search_term_string}"},"query-input":{"@type":"PropertyValueSpecification","valueRequired":true,"valueName":"search_term_string"}}],"inLanguage":"nl-BE"}]}},"_links":{"self":[{"href":"https:\/\/nelsonsplaces.be\/hotel-nelson\/wp-json\/wp\/v2\/pages\/492","targetHints":{"allow":["GET"]}}],"collection":[{"href":"https:\/\/nelsonsplaces.be\/hotel-nelson\/wp-json\/wp\/v2\/pages"}],"about":[{"href":"https:\/\/nelsonsplaces.be\/hotel-nelson\/wp-json\/wp\/v2\/types\/page"}],"author":[{"embeddable":true,"href":"https:\/\/nelsonsplaces.be\/hotel-nelson\/wp-json\/wp\/v2\/users\/1"}],"replies":[{"embeddable":true,"href":"https:\/\/nelsonsplaces.be\/hotel-nelson\/wp-json\/wp\/v2\/comments?post=492"}],"version-history":[{"count":6,"href":"https:\/\/nelsonsplaces.be\/hotel-nelson\/wp-json\/wp\/v2\/pages\/492\/revisions"}],"predecessor-version":[{"id":3430,"href":"https:\/\/nelsonsplaces.be\/hotel-nelson\/wp-json\/wp\/v2\/pages\/492\/revisions\/3430"}],"wp:attachment":[{"href":"https:\/\/nelsonsplaces.be\/hotel-nelson\/wp-json\/wp\/v2\/media?parent=492"}],"curies":[{"name":"wp","href":"https:\/\/api.w.org\/{rel}","templated":true}]}}