{"id":2054,"date":"2020-06-10T12:41:58","date_gmt":"2020-06-10T10:41:58","guid":{"rendered":"https:\/\/john.kneet.be\/restaurant-l-etage\/?page_id=2054"},"modified":"2023-02-21T12:43:22","modified_gmt":"2023-02-21T11:43:22","slug":"petit-dejeuner","status":"publish","type":"page","link":"https:\/\/nelsonsplaces.be\/restaurant-l-etage\/fr\/petit-dejeuner\/","title":{"rendered":"Petit d\u00e9jeuner"},"content":{"rendered":"<p>[et_pb_section fb_built=&#8221;1&#8243; _builder_version=&#8221;3.22&#8243; custom_padding=&#8221;0|0px|0|0px|false|false&#8221;][et_pb_row column_structure=&#8221;1_4,1_4,1_4,1_4&#8243; _builder_version=&#8221;3.25&#8243; custom_padding=&#8221;0|120px|0|120px|false|false&#8221;][et_pb_column type=&#8221;1_4&#8243; _builder_version=&#8221;3.25&#8243; custom_padding=&#8221;|||&#8221; custom_padding__hover=&#8221;|||&#8221;][et_pb_text module_class=&#8221;flex-wrapper double-height middle center&#8221; _builder_version=&#8221;3.27.4&#8243; text_font=&#8221;||||||||&#8221; background_color=&#8221;#E0CBA8&#8243; background_image=&#8221;https:\/\/nelsonsplaces.be\/restaurant-l-etage\/wp-content\/uploads\/sites\/8\/2020\/05\/Nelson-107.jpg&#8221; text_orientation=&#8221;center&#8221; background_layout=&#8221;dark&#8221; custom_padding=&#8221;36px|36px|36px|36px&#8221; animation_style=&#8221;slide&#8221; animation_direction=&#8221;bottom&#8221; animation_intensity_slide=&#8221;5%&#8221;]<\/p>\n<h1>Breakfast specials<\/h1>\n<p>[\/et_pb_text][\/et_pb_column][et_pb_column type=&#8221;1_4&#8243; _builder_version=&#8221;3.25&#8243; custom_padding=&#8221;|||&#8221; custom_padding__hover=&#8221;|||&#8221;][et_pb_text module_class=&#8221;flex-wrapper center middle double-height mobile-auto-height&#8221; _builder_version=&#8221;4.6.6&#8243; text_font=&#8221;||||||||&#8221; text_font_size=&#8221;34px&#8221; text_line_height=&#8221;3em&#8221; header_line_height=&#8221;3em&#8221; text_orientation=&#8221;center&#8221; width=&#8221;100%&#8221; max_width=&#8221;100%&#8221; min_height=&#8221;440px&#8221; height=&#8221;922px&#8221; custom_padding=&#8221;36px|36px|36px|36px&#8221; animation_style=&#8221;slide&#8221; animation_direction=&#8221;bottom&#8221; animation_intensity_slide=&#8221;5%&#8221; header_text_shadow_horizontal_length=&#8221;0.06em&#8221; header_text_shadow_blur_strength=&#8221;0.73em&#8221; border_width_all=&#8221;2px&#8221; border_color_all=&#8221;#ff6542&#8243;]<\/p>\n<h3><span style=\"font-size: xx-large;\">pendant la SAISON<\/span><\/h3>\n<p>&nbsp;<\/p>\n<h3><\/h3>\n<h3>Lundi<\/h3>\n<p><span>Pancake fa\u00e7on tatin<\/span><\/p>\n<p><span><\/span><\/p>\n<h3>Mardi<\/h3>\n<p><span>Focaccia M\u00e9diterran\u00e9\u00e9nne<\/span><\/p>\n<p><span><\/span><\/p>\n<h3>Mercredi<\/h3>\n<p>Riz au lait coco, fruits rouge<\/p>\n<p><span><\/span><\/p>\n<h3>Jeudi<\/h3>\n<p><span>Toast avocat \/ tomate sach\u00e9e \/ feta<\/span><\/p>\n<p><span><\/span><\/p>\n<h3>Vendredi<\/h3>\n<p><span>Brioche facon pain perdu \/ caramel beurre sal\u00e9<\/span><\/p>\n<p><span><\/span><\/p>\n<h3>Samedi<\/h3>\n<p><span>Guacamole et chips de seranno<\/span><\/p>\n<p><span><\/span><\/p>\n<h3>Dimanche<\/h3>\n<p><span>Oeuf poch\u00e9 sur toast avec saumon fum\u00e9<\/span><\/p>\n<p>[\/et_pb_text][\/et_pb_column][et_pb_column type=&#8221;1_4&#8243; _builder_version=&#8221;3.25&#8243; custom_padding=&#8221;|||&#8221; custom_padding__hover=&#8221;|||&#8221;][et_pb_text module_class=&#8221;flex-wrapper middle overlay dark&#8221; _builder_version=&#8221;3.27.4&#8243; text_font=&#8221;||||||||&#8221; background_color=&#8221;#1E2A3E&#8221; background_image=&#8221;https:\/\/nelsonsplaces.be\/restaurant-l-etage\/wp-content\/uploads\/sites\/8\/2020\/05\/Nelson-118.jpg&#8221; background_layout=&#8221;dark&#8221; custom_padding=&#8221;36px|36px|36px|36px&#8221; animation_style=&#8221;slide&#8221; animation_direction=&#8221;bottom&#8221; animation_intensity_slide=&#8221;5%&#8221;]<\/p>\n<h1>Prix<\/h1>\n<h2>\u20ac 24 \/ adult<\/h2>\n<h2><\/h2>\n<h2>\u20ac 16 \/ enfant<\/h2>\n<p>[\/et_pb_text][et_pb_text module_class=&#8221;flex-wrapper center middle overlay dark giftcard-trigger&#8221; _builder_version=&#8221;4.6.6&#8243; text_font=&#8221;||||||||&#8221; background_color=&#8221;#1E2A3E&#8221; background_image=&#8221;https:\/\/nelsonsplaces.be\/restaurant-l-etage\/wp-content\/uploads\/sites\/7\/2020\/12\/cadeaupakje.jpg&#8221; background_layout=&#8221;dark&#8221; custom_padding=&#8221;36px|36px|36px|36px&#8221; animation_style=&#8221;slide&#8221; animation_direction=&#8221;bottom&#8221; animation_intensity_slide=&#8221;5%&#8221;]<\/p>\n<h1 style=\"text-align: left;\">The perfect gift<\/h1>\n<h2 style=\"text-align: left;\">For every occasion<\/h2>\n<p>[\/et_pb_text][\/et_pb_column][et_pb_column type=&#8221;1_4&#8243; _builder_version=&#8221;3.25&#8243; custom_padding=&#8221;|||&#8221; custom_padding__hover=&#8221;|||&#8221;][et_pb_text module_class=&#8221;flex-wrapper center middle&#8221; _builder_version=&#8221;3.27.4&#8243; text_font=&#8221;Zeyada||||||||&#8221; header_font=&#8221;Zeyada||||||||&#8221; text_orientation=&#8221;center&#8221; custom_padding=&#8221;36px|36px|36px|36px&#8221; animation_style=&#8221;slide&#8221; animation_direction=&#8221;bottom&#8221; animation_intensity_slide=&#8221;5%&#8221;]<\/p>\n<h1>Eat glitter for breakfast and shine all day<\/h1>\n<p>[\/et_pb_text][et_pb_text _builder_version=&#8221;3.27.4&#8243; background_color=&#8221;#E0CBA8&#8243; background_image=&#8221;https:\/\/nelsonsplaces.be\/restaurant-l-etage\/wp-content\/uploads\/sites\/8\/2020\/06\/Nelson-102.jpg&#8221; custom_padding=&#8221;36px|36px|36px|36px&#8221; animation_style=&#8221;slide&#8221; animation_direction=&#8221;bottom&#8221; animation_intensity_slide=&#8221;5%&#8221;][\/et_pb_text][\/et_pb_column][\/et_pb_row][et_pb_row column_structure=&#8221;1_2,1_4,1_4&#8243; _builder_version=&#8221;3.25&#8243; custom_padding=&#8221;0|120px|0|120px|false|false&#8221;][et_pb_column type=&#8221;1_2&#8243; _builder_version=&#8221;3.25&#8243; custom_padding=&#8221;|||&#8221; custom_padding__hover=&#8221;|||&#8221;][et_pb_text module_class=&#8221;flex-wrapper center middle column mobile-auto-height&#8221; _builder_version=&#8221;4.6.6&#8243; text_font=&#8221;||||||||&#8221; background_color=&#8221;#ff6542&#8243; text_orientation=&#8221;center&#8221; custom_padding=&#8221;36px|36px|36px|36px&#8221; animation_style=&#8221;slide&#8221; animation_direction=&#8221;bottom&#8221; animation_intensity_slide=&#8221;5%&#8221; border_width_all=&#8221;2px&#8221; border_color_all=&#8221;#ff6542&#8243;]<\/p>\n<h3>Que servons-nous?<\/h3>\n<table width=\"425\">\n<tbody>\n<tr>\n<td width=\"425\">Coissant, sandwich, pain chocolat, suisse, divers pain\u00a0<\/td>\n<\/tr>\n<tr>\n<td width=\"425\">assortiment de fromages et charcuteries<\/td>\n<\/tr>\n<tr>\n<td width=\"425\">c\u00e9r\u00e9ales, nutella, miel, granula, noisette<\/td>\n<\/tr>\n<tr>\n<td width=\"425\">confitures maison<\/td>\n<\/tr>\n<tr>\n<td width=\"425\">p\u00e2tes \u00e0 tartiner, fromage frais<\/td>\n<\/tr>\n<tr>\n<td width=\"425\">saumon fum\u00e9, p\u00e2t\u00e9, special of the day<\/td>\n<\/tr>\n<tr>\n<td width=\"425\">fruits de saison, jus de fruits frais<\/td>\n<\/tr>\n<tr>\n<td width=\"425\">\u0153ufs cuits ou durs \u00e0 la minute<\/td>\n<\/tr>\n<tr>\n<td width=\"425\">lait, caf\u00e9, th\u00e9, eau, lait au chocolat et cava<\/td>\n<\/tr>\n<\/tbody>\n<\/table>\n<p>[\/et_pb_text][\/et_pb_column][et_pb_column type=&#8221;1_4&#8243; _builder_version=&#8221;3.25&#8243; custom_padding=&#8221;|||&#8221; custom_padding__hover=&#8221;|||&#8221;][et_pb_text module_id=&#8221;breakfast-bag-fr&#8221; _builder_version=&#8221;3.27.4&#8243; background_color=&#8221;#E0CBA8&#8243; background_image=&#8221;https:\/\/nelsonsplaces.be\/restaurant-l-etage\/wp-content\/uploads\/sites\/8\/2020\/06\/whatsforbreakfast.jpg&#8221; custom_padding=&#8221;36px|36px|36px|36px&#8221; animation_style=&#8221;slide&#8221; animation_direction=&#8221;bottom&#8221; animation_intensity_slide=&#8221;5%&#8221;][\/et_pb_text][\/et_pb_column][et_pb_column type=&#8221;1_4&#8243; _builder_version=&#8221;3.25&#8243; custom_padding=&#8221;|||&#8221; custom_padding__hover=&#8221;|||&#8221;][et_pb_text _builder_version=&#8221;3.27.4&#8243; background_color=&#8221;#E0CBA8&#8243; background_image=&#8221;https:\/\/nelsonsplaces.be\/restaurant-l-etage\/wp-content\/uploads\/sites\/8\/2020\/05\/ontbijtbuffet-3.jpg&#8221; custom_padding=&#8221;36px|36px|36px|36px&#8221; animation_style=&#8221;slide&#8221; animation_direction=&#8221;bottom&#8221; animation_intensity_slide=&#8221;5%&#8221;][\/et_pb_text][\/et_pb_column][\/et_pb_row][\/et_pb_section]<\/p>\n","protected":false},"excerpt":{"rendered":"<p>[et_pb_section fb_built=&#8221;1&#8243; _builder_version=&#8221;3.22&#8243; custom_padding=&#8221;0|0px|0|0px|false|false&#8221;][et_pb_row column_structure=&#8221;1_4,1_4,1_4,1_4&#8243; _builder_version=&#8221;3.25&#8243; custom_padding=&#8221;0|120px|0|120px|false|false&#8221;][et_pb_column type=&#8221;1_4&#8243; _builder_version=&#8221;3.25&#8243; custom_padding=&#8221;|||&#8221; custom_padding__hover=&#8221;|||&#8221;][et_pb_text module_class=&#8221;flex-wrapper double-height middle center&#8221; _builder_version=&#8221;3.27.4&#8243; text_font=&#8221;||||||||&#8221; background_color=&#8221;#E0CBA8&#8243; background_image=&#8221;https:\/\/nelsonsplaces.be\/restaurant-l-etage\/wp-content\/uploads\/sites\/8\/2020\/05\/Nelson-107.jpg&#8221; text_orientation=&#8221;center&#8221; background_layout=&#8221;dark&#8221; custom_padding=&#8221;36px|36px|36px|36px&#8221; animation_style=&#8221;slide&#8221; animation_direction=&#8221;bottom&#8221; animation_intensity_slide=&#8221;5%&#8221;] Breakfast specials [\/et_pb_text][\/et_pb_column][et_pb_column type=&#8221;1_4&#8243; _builder_version=&#8221;3.25&#8243; custom_padding=&#8221;|||&#8221; custom_padding__hover=&#8221;|||&#8221;][et_pb_text module_class=&#8221;flex-wrapper center middle double-height mobile-auto-height&#8221; _builder_version=&#8221;4.6.6&#8243; text_font=&#8221;||||||||&#8221; text_font_size=&#8221;34px&#8221; text_line_height=&#8221;3em&#8221; header_line_height=&#8221;3em&#8221; text_orientation=&#8221;center&#8221; width=&#8221;100%&#8221; max_width=&#8221;100%&#8221; min_height=&#8221;440px&#8221; height=&#8221;922px&#8221; custom_padding=&#8221;36px|36px|36px|36px&#8221; animation_style=&#8221;slide&#8221; animation_direction=&#8221;bottom&#8221; animation_intensity_slide=&#8221;5%&#8221; header_text_shadow_horizontal_length=&#8221;0.06em&#8221; header_text_shadow_blur_strength=&#8221;0.73em&#8221; border_width_all=&#8221;2px&#8221; border_color_all=&#8221;#ff6542&#8243;] [&hellip;]<\/p>\n","protected":false},"author":4,"featured_media":0,"parent":0,"menu_order":0,"comment_status":"closed","ping_status":"closed","template":"","meta":{"_et_pb_use_builder":"on","_et_pb_old_content":"","_et_gb_content_width":"","inline_featured_image":false,"_monsterinsights_skip_tracking":false,"_monsterinsights_sitenote_active":false,"_monsterinsights_sitenote_note":"","_monsterinsights_sitenote_category":0,"footnotes":""},"class_list":["post-2054","page","type-page","status-publish","hentry"],"yoast_head":"<!-- This site is optimized with the Yoast SEO plugin v27.0 - https:\/\/yoast.com\/product\/yoast-seo-wordpress\/ -->\n<title>Petit d\u00e9jeuner - Restaurant l&#039;\u00c9tage<\/title>\n<meta name=\"robots\" content=\"index, follow, max-snippet:-1, max-image-preview:large, max-video-preview:-1\" \/>\n<link rel=\"canonical\" href=\"https:\/\/nelsonsplaces.be\/restaurant-l-etage\/fr\/petit-dejeuner\/\" \/>\n<meta property=\"og:locale\" content=\"nl_BE\" \/>\n<meta property=\"og:type\" content=\"article\" \/>\n<meta property=\"og:title\" content=\"Petit d\u00e9jeuner - Restaurant l&#039;\u00c9tage\" \/>\n<meta property=\"og:description\" content=\"[et_pb_section fb_built=&#8221;1&#8243; _builder_version=&#8221;3.22&#8243; custom_padding=&#8221;0|0px|0|0px|false|false&#8221;][et_pb_row column_structure=&#8221;1_4,1_4,1_4,1_4&#8243; _builder_version=&#8221;3.25&#8243; custom_padding=&#8221;0|120px|0|120px|false|false&#8221;][et_pb_column type=&#8221;1_4&#8243; _builder_version=&#8221;3.25&#8243; custom_padding=&#8221;|||&#8221; custom_padding__hover=&#8221;|||&#8221;][et_pb_text module_class=&#8221;flex-wrapper double-height middle center&#8221; _builder_version=&#8221;3.27.4&#8243; text_font=&#8221;||||||||&#8221; background_color=&#8221;#E0CBA8&#8243; background_image=&#8221;https:\/\/nelsonsplaces.be\/restaurant-l-etage\/wp-content\/uploads\/sites\/8\/2020\/05\/Nelson-107.jpg&#8221; text_orientation=&#8221;center&#8221; background_layout=&#8221;dark&#8221; custom_padding=&#8221;36px|36px|36px|36px&#8221; animation_style=&#8221;slide&#8221; animation_direction=&#8221;bottom&#8221; animation_intensity_slide=&#8221;5%&#8221;] Breakfast specials [\/et_pb_text][\/et_pb_column][et_pb_column type=&#8221;1_4&#8243; _builder_version=&#8221;3.25&#8243; custom_padding=&#8221;|||&#8221; custom_padding__hover=&#8221;|||&#8221;][et_pb_text module_class=&#8221;flex-wrapper center middle double-height mobile-auto-height&#8221; _builder_version=&#8221;4.6.6&#8243; text_font=&#8221;||||||||&#8221; text_font_size=&#8221;34px&#8221; text_line_height=&#8221;3em&#8221; header_line_height=&#8221;3em&#8221; text_orientation=&#8221;center&#8221; width=&#8221;100%&#8221; max_width=&#8221;100%&#8221; min_height=&#8221;440px&#8221; height=&#8221;922px&#8221; custom_padding=&#8221;36px|36px|36px|36px&#8221; animation_style=&#8221;slide&#8221; animation_direction=&#8221;bottom&#8221; animation_intensity_slide=&#8221;5%&#8221; header_text_shadow_horizontal_length=&#8221;0.06em&#8221; header_text_shadow_blur_strength=&#8221;0.73em&#8221; border_width_all=&#8221;2px&#8221; border_color_all=&#8221;#ff6542&#8243;] [&hellip;]\" \/>\n<meta property=\"og:url\" content=\"https:\/\/nelsonsplaces.be\/restaurant-l-etage\/fr\/petit-dejeuner\/\" \/>\n<meta property=\"og:site_name\" content=\"Restaurant l&#039;\u00c9tage\" \/>\n<meta property=\"article:publisher\" content=\"https:\/\/www.facebook.com\/NelsonsHotel\/\" \/>\n<meta property=\"article:modified_time\" content=\"2023-02-21T11:43:22+00:00\" \/>\n<meta name=\"twitter:card\" content=\"summary_large_image\" \/>\n<meta name=\"twitter:label1\" content=\"Geschatte leestijd\" \/>\n\t<meta name=\"twitter:data1\" content=\"4 minuten\" \/>\n<script type=\"application\/ld+json\" class=\"yoast-schema-graph\">{\"@context\":\"https:\/\/schema.org\",\"@graph\":[{\"@type\":\"WebPage\",\"@id\":\"https:\/\/nelsonsplaces.be\/restaurant-l-etage\/fr\/petit-dejeuner\/\",\"url\":\"https:\/\/nelsonsplaces.be\/restaurant-l-etage\/fr\/petit-dejeuner\/\",\"name\":\"Petit d\u00e9jeuner - Restaurant l&#039;\u00c9tage\",\"isPartOf\":{\"@id\":\"https:\/\/nelsonsplaces.be\/restaurant-l-etage\/#website\"},\"datePublished\":\"2020-06-10T10:41:58+00:00\",\"dateModified\":\"2023-02-21T11:43:22+00:00\",\"breadcrumb\":{\"@id\":\"https:\/\/nelsonsplaces.be\/restaurant-l-etage\/fr\/petit-dejeuner\/#breadcrumb\"},\"inLanguage\":\"nl-BE\",\"potentialAction\":[{\"@type\":\"ReadAction\",\"target\":[\"https:\/\/nelsonsplaces.be\/restaurant-l-etage\/fr\/petit-dejeuner\/\"]}]},{\"@type\":\"BreadcrumbList\",\"@id\":\"https:\/\/nelsonsplaces.be\/restaurant-l-etage\/fr\/petit-dejeuner\/#breadcrumb\",\"itemListElement\":[{\"@type\":\"ListItem\",\"position\":1,\"name\":\"Home\",\"item\":\"https:\/\/nelsonsplaces.be\/restaurant-l-etage\/\"},{\"@type\":\"ListItem\",\"position\":2,\"name\":\"Petit d\u00e9jeuner\"}]},{\"@type\":\"WebSite\",\"@id\":\"https:\/\/nelsonsplaces.be\/restaurant-l-etage\/#website\",\"url\":\"https:\/\/nelsonsplaces.be\/restaurant-l-etage\/\",\"name\":\"Restaurant l&#039;\u00c9tage\",\"description\":\"40 jaar gastronomische ervaring\",\"potentialAction\":[{\"@type\":\"SearchAction\",\"target\":{\"@type\":\"EntryPoint\",\"urlTemplate\":\"https:\/\/nelsonsplaces.be\/restaurant-l-etage\/?s={search_term_string}\"},\"query-input\":{\"@type\":\"PropertyValueSpecification\",\"valueRequired\":true,\"valueName\":\"search_term_string\"}}],\"inLanguage\":\"nl-BE\"}]}<\/script>\n<!-- \/ Yoast SEO plugin. -->","yoast_head_json":{"title":"Petit d\u00e9jeuner - Restaurant l&#039;\u00c9tage","robots":{"index":"index","follow":"follow","max-snippet":"max-snippet:-1","max-image-preview":"max-image-preview:large","max-video-preview":"max-video-preview:-1"},"canonical":"https:\/\/nelsonsplaces.be\/restaurant-l-etage\/fr\/petit-dejeuner\/","og_locale":"nl_BE","og_type":"article","og_title":"Petit d\u00e9jeuner - Restaurant l&#039;\u00c9tage","og_description":"[et_pb_section fb_built=&#8221;1&#8243; _builder_version=&#8221;3.22&#8243; custom_padding=&#8221;0|0px|0|0px|false|false&#8221;][et_pb_row column_structure=&#8221;1_4,1_4,1_4,1_4&#8243; _builder_version=&#8221;3.25&#8243; custom_padding=&#8221;0|120px|0|120px|false|false&#8221;][et_pb_column type=&#8221;1_4&#8243; _builder_version=&#8221;3.25&#8243; custom_padding=&#8221;|||&#8221; custom_padding__hover=&#8221;|||&#8221;][et_pb_text module_class=&#8221;flex-wrapper double-height middle center&#8221; _builder_version=&#8221;3.27.4&#8243; text_font=&#8221;||||||||&#8221; background_color=&#8221;#E0CBA8&#8243; background_image=&#8221;https:\/\/nelsonsplaces.be\/restaurant-l-etage\/wp-content\/uploads\/sites\/8\/2020\/05\/Nelson-107.jpg&#8221; text_orientation=&#8221;center&#8221; background_layout=&#8221;dark&#8221; custom_padding=&#8221;36px|36px|36px|36px&#8221; animation_style=&#8221;slide&#8221; animation_direction=&#8221;bottom&#8221; animation_intensity_slide=&#8221;5%&#8221;] Breakfast specials [\/et_pb_text][\/et_pb_column][et_pb_column type=&#8221;1_4&#8243; _builder_version=&#8221;3.25&#8243; custom_padding=&#8221;|||&#8221; custom_padding__hover=&#8221;|||&#8221;][et_pb_text module_class=&#8221;flex-wrapper center middle double-height mobile-auto-height&#8221; _builder_version=&#8221;4.6.6&#8243; text_font=&#8221;||||||||&#8221; text_font_size=&#8221;34px&#8221; text_line_height=&#8221;3em&#8221; header_line_height=&#8221;3em&#8221; text_orientation=&#8221;center&#8221; width=&#8221;100%&#8221; max_width=&#8221;100%&#8221; min_height=&#8221;440px&#8221; height=&#8221;922px&#8221; custom_padding=&#8221;36px|36px|36px|36px&#8221; animation_style=&#8221;slide&#8221; animation_direction=&#8221;bottom&#8221; animation_intensity_slide=&#8221;5%&#8221; header_text_shadow_horizontal_length=&#8221;0.06em&#8221; header_text_shadow_blur_strength=&#8221;0.73em&#8221; border_width_all=&#8221;2px&#8221; border_color_all=&#8221;#ff6542&#8243;] [&hellip;]","og_url":"https:\/\/nelsonsplaces.be\/restaurant-l-etage\/fr\/petit-dejeuner\/","og_site_name":"Restaurant l&#039;\u00c9tage","article_publisher":"https:\/\/www.facebook.com\/NelsonsHotel\/","article_modified_time":"2023-02-21T11:43:22+00:00","twitter_card":"summary_large_image","twitter_misc":{"Geschatte leestijd":"4 minuten"},"schema":{"@context":"https:\/\/schema.org","@graph":[{"@type":"WebPage","@id":"https:\/\/nelsonsplaces.be\/restaurant-l-etage\/fr\/petit-dejeuner\/","url":"https:\/\/nelsonsplaces.be\/restaurant-l-etage\/fr\/petit-dejeuner\/","name":"Petit d\u00e9jeuner - Restaurant l&#039;\u00c9tage","isPartOf":{"@id":"https:\/\/nelsonsplaces.be\/restaurant-l-etage\/#website"},"datePublished":"2020-06-10T10:41:58+00:00","dateModified":"2023-02-21T11:43:22+00:00","breadcrumb":{"@id":"https:\/\/nelsonsplaces.be\/restaurant-l-etage\/fr\/petit-dejeuner\/#breadcrumb"},"inLanguage":"nl-BE","potentialAction":[{"@type":"ReadAction","target":["https:\/\/nelsonsplaces.be\/restaurant-l-etage\/fr\/petit-dejeuner\/"]}]},{"@type":"BreadcrumbList","@id":"https:\/\/nelsonsplaces.be\/restaurant-l-etage\/fr\/petit-dejeuner\/#breadcrumb","itemListElement":[{"@type":"ListItem","position":1,"name":"Home","item":"https:\/\/nelsonsplaces.be\/restaurant-l-etage\/"},{"@type":"ListItem","position":2,"name":"Petit d\u00e9jeuner"}]},{"@type":"WebSite","@id":"https:\/\/nelsonsplaces.be\/restaurant-l-etage\/#website","url":"https:\/\/nelsonsplaces.be\/restaurant-l-etage\/","name":"Restaurant l&#039;\u00c9tage","description":"40 jaar gastronomische ervaring","potentialAction":[{"@type":"SearchAction","target":{"@type":"EntryPoint","urlTemplate":"https:\/\/nelsonsplaces.be\/restaurant-l-etage\/?s={search_term_string}"},"query-input":{"@type":"PropertyValueSpecification","valueRequired":true,"valueName":"search_term_string"}}],"inLanguage":"nl-BE"}]}},"_links":{"self":[{"href":"https:\/\/nelsonsplaces.be\/restaurant-l-etage\/wp-json\/wp\/v2\/pages\/2054","targetHints":{"allow":["GET"]}}],"collection":[{"href":"https:\/\/nelsonsplaces.be\/restaurant-l-etage\/wp-json\/wp\/v2\/pages"}],"about":[{"href":"https:\/\/nelsonsplaces.be\/restaurant-l-etage\/wp-json\/wp\/v2\/types\/page"}],"author":[{"embeddable":true,"href":"https:\/\/nelsonsplaces.be\/restaurant-l-etage\/wp-json\/wp\/v2\/users\/4"}],"replies":[{"embeddable":true,"href":"https:\/\/nelsonsplaces.be\/restaurant-l-etage\/wp-json\/wp\/v2\/comments?post=2054"}],"version-history":[{"count":15,"href":"https:\/\/nelsonsplaces.be\/restaurant-l-etage\/wp-json\/wp\/v2\/pages\/2054\/revisions"}],"predecessor-version":[{"id":6083,"href":"https:\/\/nelsonsplaces.be\/restaurant-l-etage\/wp-json\/wp\/v2\/pages\/2054\/revisions\/6083"}],"wp:attachment":[{"href":"https:\/\/nelsonsplaces.be\/restaurant-l-etage\/wp-json\/wp\/v2\/media?parent=2054"}],"curies":[{"name":"wp","href":"https:\/\/api.w.org\/{rel}","templated":true}]}}