{"id":2189,"date":"2020-08-06T11:05:13","date_gmt":"2020-08-06T09:05:13","guid":{"rendered":"https:\/\/john.kneet.be\/restaurant-l-etage\/?page_id=2189"},"modified":"2022-06-08T11:47:23","modified_gmt":"2022-06-08T09:47:23","slug":"fruhstucksbuffet","status":"publish","type":"page","link":"https:\/\/nelsonsplaces.be\/restaurant-l-etage\/de\/fruhstucksbuffet\/","title":{"rendered":"Fr\u00fchst\u00fccksbuffet"},"content":{"rendered":"<p>[et_pb_section fb_built=&#8221;1&#8243; _builder_version=&#8221;3.22&#8243; custom_padding=&#8221;0|0px|0|0px|false|false&#8221;][et_pb_row column_structure=&#8221;1_4,1_4,1_4,1_4&#8243; _builder_version=&#8221;3.25&#8243; custom_padding=&#8221;0|120px|0|120px|false|false&#8221;][et_pb_column type=&#8221;1_4&#8243; _builder_version=&#8221;3.25&#8243; custom_padding=&#8221;|||&#8221; custom_padding__hover=&#8221;|||&#8221;][et_pb_text module_class=&#8221;flex-wrapper double-height middle center&#8221; _builder_version=&#8221;3.27.4&#8243; text_font=&#8221;||||||||&#8221; background_color=&#8221;#E0CBA8&#8243; background_image=&#8221;https:\/\/nelsonsplaces.be\/restaurant-l-etage\/wp-content\/uploads\/sites\/8\/2020\/05\/Nelson-107.jpg&#8221; text_orientation=&#8221;center&#8221; background_layout=&#8221;dark&#8221; custom_padding=&#8221;36px|36px|36px|36px&#8221; animation_style=&#8221;slide&#8221; animation_direction=&#8221;bottom&#8221; animation_intensity_slide=&#8221;5%&#8221;]<\/p>\n<h1>Breakfast specials<\/h1>\n<p>[\/et_pb_text][\/et_pb_column][et_pb_column type=&#8221;1_4&#8243; _builder_version=&#8221;3.25&#8243; custom_padding=&#8221;|||&#8221; custom_padding__hover=&#8221;|||&#8221;][et_pb_text module_class=&#8221;flex-wrapper center middle double-height mobile-auto-height&#8221; _builder_version=&#8221;4.6.6&#8243; text_font=&#8221;||||||||&#8221; text_font_size=&#8221;36px&#8221; text_line_height=&#8221;3em&#8221; text_orientation=&#8221;center&#8221; custom_padding=&#8221;36px|36px|36px|36px&#8221; animation_style=&#8221;slide&#8221; animation_direction=&#8221;bottom&#8221; animation_intensity_slide=&#8221;5%&#8221; border_width_all=&#8221;2px&#8221; border_color_all=&#8221;#ff6542&#8243;]<\/p>\n<h3>Montag<\/h3>\n<p>Pfannkuchen mit Apfel<\/p>\n<p><span><\/span><\/p>\n<p><span><\/span><\/p>\n<h3>Dienstag<\/h3>\n<p>Focaccia Mediterraner Touch<\/p>\n<p><span><\/span><\/p>\n<h3><\/h3>\n<h3>Mittwoch<\/h3>\n<p>Milchreis mit Kokosmilch und roten Fr\u00fcchten<\/p>\n<p><span><\/span><\/p>\n<h3>Donnerstag<\/h3>\n<p><span>Toast mit Avocado und frischem Ziegenk\u00e4se<\/span><\/p>\n<p><span><\/span><\/p>\n<h3>Freitag<\/h3>\n<p>Arme Ritter nach Brioche-Art mit Karamell<\/p>\n<p><span><\/span><\/p>\n<h3>Samstag<\/h3>\n<p>Pochiertes Ei auf Toast mit R\u00e4ucherlachs<\/p>\n<p><span><\/span><\/p>\n<h3>Sonntag<\/h3>\n<p>Guacamole mit Serano-Schinken-Chips<\/p>\n<p>[\/et_pb_text][\/et_pb_column][et_pb_column type=&#8221;1_4&#8243; _builder_version=&#8221;3.25&#8243; custom_padding=&#8221;|||&#8221; custom_padding__hover=&#8221;|||&#8221;][et_pb_text _builder_version=&#8221;3.27.4&#8243; background_color=&#8221;#E0CBA8&#8243; background_image=&#8221;https:\/\/nelsonsplaces.be\/restaurant-l-etage\/wp-content\/uploads\/sites\/8\/2020\/05\/ontbijtbuffet-3.jpg&#8221; custom_padding=&#8221;36px|36px|36px|36px&#8221; animation_style=&#8221;slide&#8221; animation_direction=&#8221;bottom&#8221; animation_intensity_slide=&#8221;5%&#8221;][\/et_pb_text][et_pb_text module_class=&#8221;flex-wrapper center middle overlay dark giftcard-trigger&#8221; _builder_version=&#8221;4.6.6&#8243; text_font=&#8221;||||||||&#8221; background_color=&#8221;#1E2A3E&#8221; background_image=&#8221;https:\/\/nelsonsplaces.be\/restaurant-l-etage\/wp-content\/uploads\/sites\/7\/2020\/12\/cadeaupakje.jpg&#8221; background_layout=&#8221;dark&#8221; custom_padding=&#8221;36px|36px|36px|36px&#8221; animation_style=&#8221;slide&#8221; animation_direction=&#8221;bottom&#8221; animation_intensity_slide=&#8221;5%&#8221;]<\/p>\n<h1 style=\"text-align: left;\">The perfect gift<\/h1>\n<h2 style=\"text-align: left;\">For every occasion<\/h2>\n<p>[\/et_pb_text][\/et_pb_column][et_pb_column type=&#8221;1_4&#8243; _builder_version=&#8221;3.25&#8243; custom_padding=&#8221;|||&#8221; custom_padding__hover=&#8221;|||&#8221;][et_pb_text module_class=&#8221;flex-wrapper center middle&#8221; _builder_version=&#8221;3.27.4&#8243; text_font=&#8221;Zeyada||||||||&#8221; header_font=&#8221;Zeyada||||||||&#8221; text_orientation=&#8221;center&#8221; custom_padding=&#8221;36px|36px|36px|36px&#8221; animation_style=&#8221;slide&#8221; animation_direction=&#8221;bottom&#8221; animation_intensity_slide=&#8221;5%&#8221;]<\/p>\n<h1>GLITZER ZUM FR\u00dcHST\u00dcCK ESSEN UND DEN GANZEN TAG GL\u00c4NZEN<\/h1>\n<p>[\/et_pb_text][et_pb_text _builder_version=&#8221;3.27.4&#8243; background_color=&#8221;#E0CBA8&#8243; background_image=&#8221;https:\/\/nelsonsplaces.be\/restaurant-l-etage\/wp-content\/uploads\/sites\/8\/2020\/06\/Nelson-102.jpg&#8221; custom_padding=&#8221;36px|36px|36px|36px&#8221; animation_style=&#8221;slide&#8221; animation_direction=&#8221;bottom&#8221; animation_intensity_slide=&#8221;5%&#8221;][\/et_pb_text][\/et_pb_column][\/et_pb_row][et_pb_row column_structure=&#8221;1_2,1_4,1_4&#8243; _builder_version=&#8221;3.25&#8243; custom_padding=&#8221;0|120px|0|120px|false|false&#8221;][et_pb_column type=&#8221;1_2&#8243; _builder_version=&#8221;3.25&#8243; custom_padding=&#8221;|||&#8221; custom_padding__hover=&#8221;|||&#8221;][et_pb_text module_class=&#8221;flex-wrapper center middle column mobile-auto-height&#8221; _builder_version=&#8221;4.6.6&#8243; text_font=&#8221;||||||||&#8221; background_color=&#8221;#ff6542&#8243; text_orientation=&#8221;center&#8221; custom_padding=&#8221;36px|36px|36px|36px&#8221; animation_style=&#8221;slide&#8221; animation_direction=&#8221;bottom&#8221; animation_intensity_slide=&#8221;5%&#8221; border_width_all=&#8221;2px&#8221; border_color_all=&#8221;#ff6542&#8243;]<\/p>\n<h3>WAS SERVIEREN WIR?<\/h3>\n<table width=\"425\">\n<tbody>\n<tr>\n<td width=\"425\">Brot &amp; feine Backwaren<\/td>\n<\/tr>\n<tr>\n<td width=\"425\">K\u00e4se und Aufschnitt<\/td>\n<\/tr>\n<tr>\n<td width=\"425\">Fr\u00fchst\u00fcckscerealien, Nutella, Honig<\/td>\n<\/tr>\n<tr>\n<td width=\"425\">hausgemachte Marmeladen<\/td>\n<\/tr>\n<tr>\n<td width=\"425\">K\u00e4seaufstriche, Frischk\u00e4se<\/td>\n<\/tr>\n<tr>\n<td width=\"425\">R\u00e4ucherlachs<\/td>\n<\/tr>\n<tr>\n<td width=\"425\">Obst der Saison, frische Fruchts\u00e4fte<\/td>\n<\/tr>\n<tr>\n<td width=\"425\">Spiegel- oder gekochte Eier \u00e0 la Minute<\/td>\n<\/tr>\n<tr>\n<td width=\"425\">Milch, Kaffee, Tee, Wasser, Schokoladenmilch und Cava<\/td>\n<\/tr>\n<\/tbody>\n<\/table>\n<p>[\/et_pb_text][\/et_pb_column][et_pb_column type=&#8221;1_4&#8243; _builder_version=&#8221;3.25&#8243; custom_padding=&#8221;|||&#8221; custom_padding__hover=&#8221;|||&#8221;][et_pb_text module_id=&#8221;breakfast-bag&#8221; _builder_version=&#8221;3.27.4&#8243; background_color=&#8221;#E0CBA8&#8243; background_image=&#8221;https:\/\/nelsonsplaces.be\/restaurant-l-etage\/wp-content\/uploads\/sites\/8\/2020\/06\/whatsforbreakfast.jpg&#8221; custom_padding=&#8221;36px|36px|36px|36px&#8221; animation_style=&#8221;slide&#8221; animation_direction=&#8221;bottom&#8221; animation_intensity_slide=&#8221;5%&#8221;][\/et_pb_text][\/et_pb_column][et_pb_column type=&#8221;1_4&#8243; _builder_version=&#8221;3.25&#8243; custom_padding=&#8221;|||&#8221; custom_padding__hover=&#8221;|||&#8221;][et_pb_text module_class=&#8221;flex-wrapper middle overlay dark&#8221; _builder_version=&#8221;4.6.6&#8243; text_font=&#8221;||||||||&#8221; background_color=&#8221;#1E2A3E&#8221; background_image=&#8221;https:\/\/nelsonsplaces.be\/restaurant-l-etage\/wp-content\/uploads\/sites\/8\/2020\/05\/Nelson-118.jpg&#8221; background_layout=&#8221;dark&#8221; custom_padding=&#8221;36px|36px|36px|36px&#8221; animation_style=&#8221;slide&#8221; animation_direction=&#8221;bottom&#8221; animation_intensity_slide=&#8221;5%&#8221;]<\/p>\n<h1>PREIS<\/h1>\n<h2>\u20ac 22 \/ Erwachsene<\/h2>\n<h2><\/h2>\n<h2>\u20ac 15 \/ kind<\/h2>\n<p>[\/et_pb_text][\/et_pb_column][\/et_pb_row][\/et_pb_section]<\/p>\n","protected":false},"excerpt":{"rendered":"<p>[et_pb_section fb_built=&#8221;1&#8243; _builder_version=&#8221;3.22&#8243; custom_padding=&#8221;0|0px|0|0px|false|false&#8221;][et_pb_row column_structure=&#8221;1_4,1_4,1_4,1_4&#8243; _builder_version=&#8221;3.25&#8243; custom_padding=&#8221;0|120px|0|120px|false|false&#8221;][et_pb_column type=&#8221;1_4&#8243; _builder_version=&#8221;3.25&#8243; custom_padding=&#8221;|||&#8221; custom_padding__hover=&#8221;|||&#8221;][et_pb_text module_class=&#8221;flex-wrapper double-height middle center&#8221; _builder_version=&#8221;3.27.4&#8243; text_font=&#8221;||||||||&#8221; background_color=&#8221;#E0CBA8&#8243; background_image=&#8221;https:\/\/nelsonsplaces.be\/restaurant-l-etage\/wp-content\/uploads\/sites\/8\/2020\/05\/Nelson-107.jpg&#8221; text_orientation=&#8221;center&#8221; background_layout=&#8221;dark&#8221; custom_padding=&#8221;36px|36px|36px|36px&#8221; animation_style=&#8221;slide&#8221; animation_direction=&#8221;bottom&#8221; animation_intensity_slide=&#8221;5%&#8221;] Breakfast specials [\/et_pb_text][\/et_pb_column][et_pb_column type=&#8221;1_4&#8243; _builder_version=&#8221;3.25&#8243; custom_padding=&#8221;|||&#8221; custom_padding__hover=&#8221;|||&#8221;][et_pb_text module_class=&#8221;flex-wrapper center middle double-height mobile-auto-height&#8221; _builder_version=&#8221;4.6.6&#8243; text_font=&#8221;||||||||&#8221; text_font_size=&#8221;36px&#8221; text_line_height=&#8221;3em&#8221; text_orientation=&#8221;center&#8221; custom_padding=&#8221;36px|36px|36px|36px&#8221; animation_style=&#8221;slide&#8221; animation_direction=&#8221;bottom&#8221; animation_intensity_slide=&#8221;5%&#8221; border_width_all=&#8221;2px&#8221; border_color_all=&#8221;#ff6542&#8243;] Montag Pfannkuchen mit Apfel Dienstag Focaccia Mediterraner [&hellip;]<\/p>\n","protected":false},"author":4,"featured_media":0,"parent":0,"menu_order":0,"comment_status":"closed","ping_status":"closed","template":"","meta":{"_et_pb_use_builder":"on","_et_pb_old_content":"","_et_gb_content_width":"","inline_featured_image":false,"_monsterinsights_skip_tracking":false,"_monsterinsights_sitenote_active":false,"_monsterinsights_sitenote_note":"","_monsterinsights_sitenote_category":0,"footnotes":""},"class_list":["post-2189","page","type-page","status-publish","hentry"],"yoast_head":"<!-- This site is optimized with the Yoast SEO plugin v27.0 - https:\/\/yoast.com\/product\/yoast-seo-wordpress\/ -->\n<title>Fr\u00fchst\u00fccksbuffet - Restaurant l&#039;\u00c9tage<\/title>\n<meta name=\"robots\" content=\"index, follow, max-snippet:-1, max-image-preview:large, max-video-preview:-1\" \/>\n<link rel=\"canonical\" href=\"https:\/\/nelsonsplaces.be\/restaurant-l-etage\/de\/fruhstucksbuffet\/\" \/>\n<meta property=\"og:locale\" content=\"nl_BE\" \/>\n<meta property=\"og:type\" content=\"article\" \/>\n<meta property=\"og:title\" content=\"Fr\u00fchst\u00fccksbuffet - Restaurant l&#039;\u00c9tage\" \/>\n<meta property=\"og:description\" content=\"[et_pb_section fb_built=&#8221;1&#8243; _builder_version=&#8221;3.22&#8243; custom_padding=&#8221;0|0px|0|0px|false|false&#8221;][et_pb_row column_structure=&#8221;1_4,1_4,1_4,1_4&#8243; _builder_version=&#8221;3.25&#8243; custom_padding=&#8221;0|120px|0|120px|false|false&#8221;][et_pb_column type=&#8221;1_4&#8243; _builder_version=&#8221;3.25&#8243; custom_padding=&#8221;|||&#8221; custom_padding__hover=&#8221;|||&#8221;][et_pb_text module_class=&#8221;flex-wrapper double-height middle center&#8221; _builder_version=&#8221;3.27.4&#8243; text_font=&#8221;||||||||&#8221; background_color=&#8221;#E0CBA8&#8243; background_image=&#8221;https:\/\/nelsonsplaces.be\/restaurant-l-etage\/wp-content\/uploads\/sites\/8\/2020\/05\/Nelson-107.jpg&#8221; text_orientation=&#8221;center&#8221; background_layout=&#8221;dark&#8221; custom_padding=&#8221;36px|36px|36px|36px&#8221; animation_style=&#8221;slide&#8221; animation_direction=&#8221;bottom&#8221; animation_intensity_slide=&#8221;5%&#8221;] Breakfast specials [\/et_pb_text][\/et_pb_column][et_pb_column type=&#8221;1_4&#8243; _builder_version=&#8221;3.25&#8243; custom_padding=&#8221;|||&#8221; custom_padding__hover=&#8221;|||&#8221;][et_pb_text module_class=&#8221;flex-wrapper center middle double-height mobile-auto-height&#8221; _builder_version=&#8221;4.6.6&#8243; text_font=&#8221;||||||||&#8221; text_font_size=&#8221;36px&#8221; text_line_height=&#8221;3em&#8221; text_orientation=&#8221;center&#8221; custom_padding=&#8221;36px|36px|36px|36px&#8221; animation_style=&#8221;slide&#8221; animation_direction=&#8221;bottom&#8221; animation_intensity_slide=&#8221;5%&#8221; border_width_all=&#8221;2px&#8221; border_color_all=&#8221;#ff6542&#8243;] Montag Pfannkuchen mit Apfel Dienstag Focaccia Mediterraner [&hellip;]\" \/>\n<meta property=\"og:url\" content=\"https:\/\/nelsonsplaces.be\/restaurant-l-etage\/de\/fruhstucksbuffet\/\" \/>\n<meta property=\"og:site_name\" content=\"Restaurant l&#039;\u00c9tage\" \/>\n<meta property=\"article:publisher\" content=\"https:\/\/www.facebook.com\/NelsonsHotel\/\" \/>\n<meta property=\"article:modified_time\" content=\"2022-06-08T09:47:23+00:00\" \/>\n<meta name=\"twitter:card\" content=\"summary_large_image\" \/>\n<meta name=\"twitter:label1\" content=\"Geschatte leestijd\" \/>\n\t<meta name=\"twitter:data1\" content=\"3 minuten\" \/>\n<script type=\"application\/ld+json\" class=\"yoast-schema-graph\">{\"@context\":\"https:\/\/schema.org\",\"@graph\":[{\"@type\":\"WebPage\",\"@id\":\"https:\/\/nelsonsplaces.be\/restaurant-l-etage\/de\/fruhstucksbuffet\/\",\"url\":\"https:\/\/nelsonsplaces.be\/restaurant-l-etage\/de\/fruhstucksbuffet\/\",\"name\":\"Fr\u00fchst\u00fccksbuffet - Restaurant l&#039;\u00c9tage\",\"isPartOf\":{\"@id\":\"https:\/\/nelsonsplaces.be\/restaurant-l-etage\/#website\"},\"datePublished\":\"2020-08-06T09:05:13+00:00\",\"dateModified\":\"2022-06-08T09:47:23+00:00\",\"breadcrumb\":{\"@id\":\"https:\/\/nelsonsplaces.be\/restaurant-l-etage\/de\/fruhstucksbuffet\/#breadcrumb\"},\"inLanguage\":\"nl-BE\",\"potentialAction\":[{\"@type\":\"ReadAction\",\"target\":[\"https:\/\/nelsonsplaces.be\/restaurant-l-etage\/de\/fruhstucksbuffet\/\"]}]},{\"@type\":\"BreadcrumbList\",\"@id\":\"https:\/\/nelsonsplaces.be\/restaurant-l-etage\/de\/fruhstucksbuffet\/#breadcrumb\",\"itemListElement\":[{\"@type\":\"ListItem\",\"position\":1,\"name\":\"Home\",\"item\":\"https:\/\/nelsonsplaces.be\/restaurant-l-etage\/\"},{\"@type\":\"ListItem\",\"position\":2,\"name\":\"Fr\u00fchst\u00fccksbuffet\"}]},{\"@type\":\"WebSite\",\"@id\":\"https:\/\/nelsonsplaces.be\/restaurant-l-etage\/#website\",\"url\":\"https:\/\/nelsonsplaces.be\/restaurant-l-etage\/\",\"name\":\"Restaurant l&#039;\u00c9tage\",\"description\":\"40 jaar gastronomische ervaring\",\"potentialAction\":[{\"@type\":\"SearchAction\",\"target\":{\"@type\":\"EntryPoint\",\"urlTemplate\":\"https:\/\/nelsonsplaces.be\/restaurant-l-etage\/?s={search_term_string}\"},\"query-input\":{\"@type\":\"PropertyValueSpecification\",\"valueRequired\":true,\"valueName\":\"search_term_string\"}}],\"inLanguage\":\"nl-BE\"}]}<\/script>\n<!-- \/ Yoast SEO plugin. -->","yoast_head_json":{"title":"Fr\u00fchst\u00fccksbuffet - Restaurant l&#039;\u00c9tage","robots":{"index":"index","follow":"follow","max-snippet":"max-snippet:-1","max-image-preview":"max-image-preview:large","max-video-preview":"max-video-preview:-1"},"canonical":"https:\/\/nelsonsplaces.be\/restaurant-l-etage\/de\/fruhstucksbuffet\/","og_locale":"nl_BE","og_type":"article","og_title":"Fr\u00fchst\u00fccksbuffet - Restaurant l&#039;\u00c9tage","og_description":"[et_pb_section fb_built=&#8221;1&#8243; _builder_version=&#8221;3.22&#8243; custom_padding=&#8221;0|0px|0|0px|false|false&#8221;][et_pb_row column_structure=&#8221;1_4,1_4,1_4,1_4&#8243; _builder_version=&#8221;3.25&#8243; custom_padding=&#8221;0|120px|0|120px|false|false&#8221;][et_pb_column type=&#8221;1_4&#8243; _builder_version=&#8221;3.25&#8243; custom_padding=&#8221;|||&#8221; custom_padding__hover=&#8221;|||&#8221;][et_pb_text module_class=&#8221;flex-wrapper double-height middle center&#8221; _builder_version=&#8221;3.27.4&#8243; text_font=&#8221;||||||||&#8221; background_color=&#8221;#E0CBA8&#8243; background_image=&#8221;https:\/\/nelsonsplaces.be\/restaurant-l-etage\/wp-content\/uploads\/sites\/8\/2020\/05\/Nelson-107.jpg&#8221; text_orientation=&#8221;center&#8221; background_layout=&#8221;dark&#8221; custom_padding=&#8221;36px|36px|36px|36px&#8221; animation_style=&#8221;slide&#8221; animation_direction=&#8221;bottom&#8221; animation_intensity_slide=&#8221;5%&#8221;] Breakfast specials [\/et_pb_text][\/et_pb_column][et_pb_column type=&#8221;1_4&#8243; _builder_version=&#8221;3.25&#8243; custom_padding=&#8221;|||&#8221; custom_padding__hover=&#8221;|||&#8221;][et_pb_text module_class=&#8221;flex-wrapper center middle double-height mobile-auto-height&#8221; _builder_version=&#8221;4.6.6&#8243; text_font=&#8221;||||||||&#8221; text_font_size=&#8221;36px&#8221; text_line_height=&#8221;3em&#8221; text_orientation=&#8221;center&#8221; custom_padding=&#8221;36px|36px|36px|36px&#8221; animation_style=&#8221;slide&#8221; animation_direction=&#8221;bottom&#8221; animation_intensity_slide=&#8221;5%&#8221; border_width_all=&#8221;2px&#8221; border_color_all=&#8221;#ff6542&#8243;] Montag Pfannkuchen mit Apfel Dienstag Focaccia Mediterraner [&hellip;]","og_url":"https:\/\/nelsonsplaces.be\/restaurant-l-etage\/de\/fruhstucksbuffet\/","og_site_name":"Restaurant l&#039;\u00c9tage","article_publisher":"https:\/\/www.facebook.com\/NelsonsHotel\/","article_modified_time":"2022-06-08T09:47:23+00:00","twitter_card":"summary_large_image","twitter_misc":{"Geschatte leestijd":"3 minuten"},"schema":{"@context":"https:\/\/schema.org","@graph":[{"@type":"WebPage","@id":"https:\/\/nelsonsplaces.be\/restaurant-l-etage\/de\/fruhstucksbuffet\/","url":"https:\/\/nelsonsplaces.be\/restaurant-l-etage\/de\/fruhstucksbuffet\/","name":"Fr\u00fchst\u00fccksbuffet - Restaurant l&#039;\u00c9tage","isPartOf":{"@id":"https:\/\/nelsonsplaces.be\/restaurant-l-etage\/#website"},"datePublished":"2020-08-06T09:05:13+00:00","dateModified":"2022-06-08T09:47:23+00:00","breadcrumb":{"@id":"https:\/\/nelsonsplaces.be\/restaurant-l-etage\/de\/fruhstucksbuffet\/#breadcrumb"},"inLanguage":"nl-BE","potentialAction":[{"@type":"ReadAction","target":["https:\/\/nelsonsplaces.be\/restaurant-l-etage\/de\/fruhstucksbuffet\/"]}]},{"@type":"BreadcrumbList","@id":"https:\/\/nelsonsplaces.be\/restaurant-l-etage\/de\/fruhstucksbuffet\/#breadcrumb","itemListElement":[{"@type":"ListItem","position":1,"name":"Home","item":"https:\/\/nelsonsplaces.be\/restaurant-l-etage\/"},{"@type":"ListItem","position":2,"name":"Fr\u00fchst\u00fccksbuffet"}]},{"@type":"WebSite","@id":"https:\/\/nelsonsplaces.be\/restaurant-l-etage\/#website","url":"https:\/\/nelsonsplaces.be\/restaurant-l-etage\/","name":"Restaurant l&#039;\u00c9tage","description":"40 jaar gastronomische ervaring","potentialAction":[{"@type":"SearchAction","target":{"@type":"EntryPoint","urlTemplate":"https:\/\/nelsonsplaces.be\/restaurant-l-etage\/?s={search_term_string}"},"query-input":{"@type":"PropertyValueSpecification","valueRequired":true,"valueName":"search_term_string"}}],"inLanguage":"nl-BE"}]}},"_links":{"self":[{"href":"https:\/\/nelsonsplaces.be\/restaurant-l-etage\/wp-json\/wp\/v2\/pages\/2189","targetHints":{"allow":["GET"]}}],"collection":[{"href":"https:\/\/nelsonsplaces.be\/restaurant-l-etage\/wp-json\/wp\/v2\/pages"}],"about":[{"href":"https:\/\/nelsonsplaces.be\/restaurant-l-etage\/wp-json\/wp\/v2\/types\/page"}],"author":[{"embeddable":true,"href":"https:\/\/nelsonsplaces.be\/restaurant-l-etage\/wp-json\/wp\/v2\/users\/4"}],"replies":[{"embeddable":true,"href":"https:\/\/nelsonsplaces.be\/restaurant-l-etage\/wp-json\/wp\/v2\/comments?post=2189"}],"version-history":[{"count":7,"href":"https:\/\/nelsonsplaces.be\/restaurant-l-etage\/wp-json\/wp\/v2\/pages\/2189\/revisions"}],"predecessor-version":[{"id":4574,"href":"https:\/\/nelsonsplaces.be\/restaurant-l-etage\/wp-json\/wp\/v2\/pages\/2189\/revisions\/4574"}],"wp:attachment":[{"href":"https:\/\/nelsonsplaces.be\/restaurant-l-etage\/wp-json\/wp\/v2\/media?parent=2189"}],"curies":[{"name":"wp","href":"https:\/\/api.w.org\/{rel}","templated":true}]}}