{"id":2191,"date":"2020-08-06T11:05:32","date_gmt":"2020-08-06T09:05:32","guid":{"rendered":"https:\/\/john.kneet.be\/restaurant-l-etage\/?page_id=2191"},"modified":"2023-04-07T15:35:54","modified_gmt":"2023-04-07T13:35:54","slug":"home","status":"publish","type":"page","link":"https:\/\/nelsonsplaces.be\/restaurant-l-etage\/de\/","title":{"rendered":"Home"},"content":{"rendered":"<p>[et_pb_section fb_built=&#8221;1&#8243; _builder_version=&#8221;3.22&#8243; custom_padding=&#8221;0|0px|0|0px|false|false&#8221;][et_pb_row column_structure=&#8221;1_4,1_2,1_4&#8243; _builder_version=&#8221;3.25&#8243; custom_padding=&#8221;0px|120px|0|120px|false|false&#8221;][et_pb_column type=&#8221;1_4&#8243; _builder_version=&#8221;3.25&#8243; custom_padding=&#8221;|||&#8221; custom_padding__hover=&#8221;|||&#8221;][et_pb_text module_class=&#8221;flex-wrapper top overlay dark gallery-trigger&#8221; _builder_version=&#8221;4.6.6&#8243; text_font=&#8221;||||||||&#8221; background_color=&#8221;#E0CBA8&#8243; background_image=&#8221;https:\/\/nelsonsplaces.be\/restaurant-l-etage\/wp-content\/uploads\/sites\/8\/2020\/05\/222-Nelson-by-AS-Deldycke.jpg&#8221; background_position=&#8221;center_left&#8221; background_layout=&#8221;dark&#8221; custom_padding=&#8221;36px|36px|36px|36px&#8221; animation_style=&#8221;slide&#8221; animation_direction=&#8221;bottom&#8221; animation_intensity_slide=&#8221;5%&#8221; hover_enabled=&#8221;0&#8243; sticky_enabled=&#8221;0&#8243;]<\/p>\n<h1>Fotogalerie<\/h1>\n<h2><\/h2>\n<p>&nbsp;<\/p>\n<div class=\"align-bottom\">\n<h2>&gt; Mehr Bilder anzeigen<\/h2>\n<\/div>\n<p>[\/et_pb_text][\/et_pb_column][et_pb_column type=&#8221;1_2&#8243; _builder_version=&#8221;3.25&#8243; custom_padding=&#8221;|||&#8221; custom_padding__hover=&#8221;|||&#8221;][et_pb_text module_class=&#8221;flex-wrapper middle overlay dark&#8221; _builder_version=&#8221;4.6.6&#8243; text_font=&#8221;||||||||&#8221; background_image=&#8221;https:\/\/nelsonsplaces.be\/restaurant-l-etage\/wp-content\/uploads\/sites\/8\/2020\/12\/image00031klein-3.jpg&#8221; background_layout=&#8221;dark&#8221; custom_padding=&#8221;36px|36px|36px|36px&#8221; animation_style=&#8221;slide&#8221; animation_direction=&#8221;bottom&#8221; animation_intensity_slide=&#8221;5%&#8221; link_option_url=&#8221;https:\/\/nelsonsplaces.be\/wp-content\/uploads\/sites\/8\/2023\/04\/culinaire-nl.jpg&#8221; link_option_url_new_window=&#8221;on&#8221; hover_enabled=&#8221;0&#8243; sticky_enabled=&#8221;0&#8243;]<\/p>\n<h1>Culinaire weekends<\/h1>\n<h2><a href=\"https:\/\/www.thelist.media\/\" class=\"icon-after parking-tips-trigger\">Genie\u00dfen Sie die Geselligkeit an einem Tisch<\/a><\/h2>\n<p>[\/et_pb_text][\/et_pb_column][et_pb_column type=&#8221;1_4&#8243; _builder_version=&#8221;3.25&#8243; custom_padding=&#8221;|||&#8221; custom_padding__hover=&#8221;|||&#8221;][et_pb_text module_class=&#8221;flex-wrapper center middle&#8221; _builder_version=&#8221;4.6.6&#8243; text_font=&#8221;||||||||&#8221; background_color=&#8221;#FF6542&#8243; text_orientation=&#8221;center&#8221; background_layout=&#8221;dark&#8221; custom_padding=&#8221;36px|36px|36px|36px&#8221; animation_style=&#8221;slide&#8221; animation_direction=&#8221;bottom&#8221; animation_intensity_slide=&#8221;5%&#8221; link_option_url=&#8221;https:\/\/nelsonsplaces.be\/hotel-nelson\/wp-content\/uploads\/sites\/8\/2020\/12\/a-la-carte-palm-klein.pdf&#8221; link_option_url_new_window=&#8221;on&#8221;]<\/p>\n<h1>\u00e0 la carte<\/h1>\n<h2>f\u00fcr jeden Geschmack und f\u00fcr jedes Alter<\/h2>\n<p>[\/et_pb_text][\/et_pb_column][\/et_pb_row][et_pb_row column_structure=&#8221;1_2,1_2&#8243; _builder_version=&#8221;4.6.6&#8243; _module_preset=&#8221;default&#8221; custom_padding=&#8221;0px||0px|||&#8221;][et_pb_column type=&#8221;1_2&#8243; _builder_version=&#8221;4.6.6&#8243; _module_preset=&#8221;default&#8221;][et_pb_text module_class=&#8221;flex-wrapper middle overlay dark double-height min-height mobile-auto-height&#8221; _builder_version=&#8221;4.6.6&#8243; text_font=&#8221;||||||||&#8221; background_color=&#8221;#1E2A3E&#8221; background_image=&#8221;https:\/\/nelsonsplaces.be\/restaurant-l-etage\/wp-content\/uploads\/sites\/8\/2020\/05\/Nelson-102.jpg&#8221; background_layout=&#8221;dark&#8221; custom_padding=&#8221;36px|36px|36px|36px&#8221; animation_style=&#8221;slide&#8221; animation_direction=&#8221;bottom&#8221; animation_intensity_slide=&#8221;5%&#8221;]<\/p>\n<h1 style=\"text-align: left;\">WILLKOMMEN IM RESTAURANT L\u2019\u00c9TAGE<\/h1>\n<p>&nbsp;<\/p>\n<table width=\"1989\">\n<tbody>\n<tr>\n<td width=\"493\">\n<h2>Genie\u00dfen Sie viel Tageslicht in unserem Restaurant im 1. Stock<\/h2>\n<\/td>\n<\/tr>\n<tr>\n<td width=\"493\">\n<h2>40 Jahre gastronomische Erfahrung<\/h2>\n<\/td>\n<\/tr>\n<tr>\n<td width=\"493\">\n<h2>Ger\u00e4umiger Salon mit seitlichem Meerblick, Lounge mit Kamin<\/h2>\n<\/td>\n<\/tr>\n<tr>\n<td width=\"493\">\n<h2>Men\u00fc zubereitet auf Basis regionaler und saisonaler Produkte<\/h2>\n<\/td>\n<\/tr>\n<tr>\n<td width=\"493\">\n<h2>Samstagabend gastronomisches 6-G\u00e4nge-Men\u00fc (in der Nebensaison)<\/h2>\n<\/td>\n<\/tr>\n<tr>\n<td width=\"493\">\n<h2>kulinarische Men\u00fcs f\u00fcr die Feierlichkeiten zum Jahresende mit musikalischer Begleitung<\/h2>\n<\/td>\n<\/tr>\n<\/tbody>\n<\/table>\n<p>[\/et_pb_text][\/et_pb_column][et_pb_column type=&#8221;1_2&#8243; _builder_version=&#8221;4.6.6&#8243; _module_preset=&#8221;default&#8221;][et_pb_text module_class=&#8221;flex-wrapper middle column overlay dark min-height double-height mobile-auto-height&#8221; _builder_version=&#8221;4.6.6&#8243; text_font=&#8221;||||||||&#8221; background_color=&#8221;#1E2A3E&#8221; background_image=&#8221;https:\/\/nelsonsplaces.be\/restaurant-l-etage\/wp-content\/uploads\/sites\/8\/2020\/05\/Nelson-069.jpg&#8221; background_layout=&#8221;dark&#8221; custom_padding=&#8221;36px|36px|36px|36px&#8221; animation_style=&#8221;slide&#8221; animation_direction=&#8221;bottom&#8221; animation_intensity_slide=&#8221;5%&#8221;]<\/p>\n<h1>NELSON-MEN\u00dc<\/h1>\n<p>&nbsp;<\/p>\n<h2>TAGESSUPPE<\/h2>\n<p>&nbsp;<\/p>\n<h2>***<\/h2>\n<h2>HAUSGEMACHTE SHRIMP-KROKETTEN<\/h2>\n<h2>oder<\/h2>\n<h2>CARPACCIO VOM RINDFLEISCH MIT RUCOLA UND PARMESAN<\/h2>\n<p>&nbsp;<\/p>\n<h2>***<\/h2>\n<h2>GEBRATENE SEEZUNGE\u00a0 MIT POMMES FRITES<\/h2>\n<h2>of<\/h2>\n<h2>Fillet Mignon mit b\u00e9arnaise sauce \/ pfeffer-sauce und pommes frites<\/h2>\n<p>&nbsp;<\/p>\n<h2>***<\/h2>\n<h2>Dame Blanche<\/h2>\n<p>&nbsp;<\/p>\n<h2>42 \u20ac ERWACHSENE\/34 \u20ac KINDER GRO\u00df\/29 \u20ac KINDER<\/h2>\n<p>[\/et_pb_text][\/et_pb_column][\/et_pb_row][et_pb_row column_structure=&#8221;1_4,1_2,1_4&#8243; _builder_version=&#8221;3.25&#8243; custom_padding=&#8221;0|120px|0|120px|false|false&#8221;][et_pb_column type=&#8221;1_4&#8243; _builder_version=&#8221;3.25&#8243; custom_padding=&#8221;|||&#8221; custom_padding__hover=&#8221;|||&#8221;][et_pb_text _builder_version=&#8221;3.27.4&#8243; background_color=&#8221;#E0CBA8&#8243; background_image=&#8221;https:\/\/nelsonsplaces.be\/restaurant-l-etage\/wp-content\/uploads\/sites\/8\/2020\/05\/ontbijtbuffet-3.jpg&#8221; custom_padding=&#8221;36px|36px|36px|36px&#8221; animation_style=&#8221;slide&#8221; animation_direction=&#8221;bottom&#8221; animation_intensity_slide=&#8221;5%&#8221;][\/et_pb_text][\/et_pb_column][et_pb_column type=&#8221;1_2&#8243; _builder_version=&#8221;3.25&#8243; custom_padding=&#8221;|||&#8221; custom_padding__hover=&#8221;|||&#8221;][et_pb_text module_id=&#8221;rooftop-trigger-de&#8221; module_class=&#8221;flex-wrapper&#8221; _builder_version=&#8221;4.6.6&#8243; text_font=&#8221;||||||||&#8221; text_text_color=&#8221;#0C71C3&#8243; header_font=&#8221;||||||||&#8221; background_color=&#8221;#1E2A3E&#8221; background_image=&#8221;https:\/\/nelsonsplaces.be\/restaurant-l-etage\/wp-content\/uploads\/sites\/8\/2020\/05\/083-NelsonHotel-ASDeldycke.jpg&#8221; background_layout=&#8221;dark&#8221; custom_padding=&#8221;36px|36px|36px|36px&#8221; animation_style=&#8221;slide&#8221; animation_direction=&#8221;bottom&#8221; animation_intensity_slide=&#8221;5%&#8221; hover_enabled=&#8221;0&#8243; link_option_url=&#8221;https:\/\/nelsonsplaces.be\/wp-content\/uploads\/sites\/8\/2023\/04\/rooftop-de.jpg&#8221; link_option_url_new_window=&#8221;on&#8221; sticky_enabled=&#8221;0&#8243;]<\/p>\n<h1>Rooftop<\/h1>\n<h2>Apero with a view<\/h2>\n<p>[\/et_pb_text][\/et_pb_column][et_pb_column type=&#8221;1_4&#8243; _builder_version=&#8221;3.25&#8243; custom_padding=&#8221;|||&#8221; custom_padding__hover=&#8221;|||&#8221;][et_pb_text module_class=&#8221;flex-wrapper center middle&#8221; _builder_version=&#8221;4.6.6&#8243; text_font=&#8221;||||||||&#8221; background_color=&#8221;#779FA1&#8243; text_orientation=&#8221;center&#8221; background_layout=&#8221;dark&#8221; custom_padding=&#8221;36px|36px|36px|36px&#8221; animation_style=&#8221;slide&#8221; animation_direction=&#8221;bottom&#8221; animation_intensity_slide=&#8221;5%&#8221; link_option_url=&#8221;https:\/\/nelsonsplaces.be\/restaurant-l-etage\/de\/fruhstucksbuffet\/&#8221; hover_enabled=&#8221;0&#8243; sticky_enabled=&#8221;0&#8243;]<\/p>\n<h1 style=\"text-align: center;\">Reichhaltiges Fr\u00fchst\u00fcck (Buffet)<\/h1>\n<p style=\"text-align: center;\">\u20ac 24 p.p.<br \/> \u20ac 16 \/ Kind (&lt; 12 Jahr)<\/p>\n<p style=\"text-align: center;\">(Sonntagsbrunch + 4\u20acpp)<\/p>\n<p>[\/et_pb_text][\/et_pb_column][\/et_pb_row][et_pb_row column_structure=&#8221;1_2,1_4,1_4&#8243; _builder_version=&#8221;3.25&#8243; custom_padding=&#8221;0|120px|0|120px|false|false&#8221;][et_pb_column type=&#8221;1_2&#8243; _builder_version=&#8221;3.25&#8243; custom_padding=&#8221;|||&#8221; custom_padding__hover=&#8221;|||&#8221;][et_pb_text module_class=&#8221;flex-wrapper middle&#8221; _builder_version=&#8221;4.6.6&#8243; text_font=&#8221;||||||||&#8221; background_color=&#8221;#1E2A3E&#8221; background_image=&#8221;https:\/\/nelsonsplaces.be\/restaurant-l-etage\/wp-content\/uploads\/sites\/7\/2020\/05\/133-Nelson-by-AS-Deldycke-2.jpg&#8221; background_position=&#8221;center_left&#8221; custom_padding=&#8221;36px|36px|36px|36px&#8221; animation_style=&#8221;slide&#8221; animation_direction=&#8221;bottom&#8221; animation_intensity_slide=&#8221;5%&#8221; link_option_url=&#8221;https:\/\/nelsonsplaces.be\/hotel-nelson\/de\/kinder-erlaubt\/&#8221;]<\/p>\n<h1>Kids world<\/h1>\n<h2>ENTDECKEN SIE UNSERE EINRICHTUNGEN<\/h2>\n<p>[\/et_pb_text][\/et_pb_column][et_pb_column type=&#8221;1_4&#8243; _builder_version=&#8221;3.25&#8243; custom_padding=&#8221;|||&#8221; custom_padding__hover=&#8221;|||&#8221;][et_pb_text module_class=&#8221;flex-wrapper center middle&#8221; _builder_version=&#8221;4.6.6&#8243; text_font=&#8221;||||||||&#8221; background_color=&#8221;#1E2A3E&#8221; text_orientation=&#8221;center&#8221; background_layout=&#8221;dark&#8221; custom_padding=&#8221;36px|36px|36px|36px&#8221; animation_style=&#8221;slide&#8221; animation_direction=&#8221;bottom&#8221; animation_intensity_slide=&#8221;5%&#8221; link_option_url=&#8221;https:\/\/nelsonsplaces.be\/hotel-nelson\/wp-content\/uploads\/sites\/8\/2020\/12\/Barkaart_low_res.pdf&#8221; link_option_url_new_window=&#8221;on&#8221; hover_enabled=&#8221;0&#8243; sticky_enabled=&#8221;0&#8243;]<\/p>\n<h1 style=\"text-align: center;\">Barkaart<\/h1>\n<p>[\/et_pb_text][\/et_pb_column][et_pb_column type=&#8221;1_4&#8243; _builder_version=&#8221;3.25&#8243; custom_padding=&#8221;|||&#8221; custom_padding__hover=&#8221;|||&#8221;][et_pb_text _builder_version=&#8221;3.27.4&#8243; background_color=&#8221;#E0CBA8&#8243; background_image=&#8221;https:\/\/nelsonsplaces.be\/restaurant-l-etage\/wp-content\/uploads\/sites\/8\/2020\/05\/Nelson-118-1.jpg&#8221; custom_padding=&#8221;36px|36px|36px|36px&#8221; animation_style=&#8221;slide&#8221; animation_direction=&#8221;bottom&#8221; animation_intensity_slide=&#8221;5%&#8221;][\/et_pb_text][\/et_pb_column][\/et_pb_row][et_pb_row column_structure=&#8221;1_4,1_4,1_4,1_4&#8243; _builder_version=&#8221;3.25&#8243; custom_padding=&#8221;0|120px|0|120px|false|false&#8221;][et_pb_column type=&#8221;1_4&#8243; _builder_version=&#8221;3.25&#8243; custom_padding=&#8221;|||&#8221; custom_padding__hover=&#8221;|||&#8221;][et_pb_text _builder_version=&#8221;4.6.6&#8243; background_color=&#8221;#E0CBA8&#8243; background_image=&#8221;https:\/\/nelsonsplaces.be\/wp-content\/uploads\/sites\/8\/2020\/12\/image00031klein.jpg&#8221; custom_padding=&#8221;36px|36px|36px|36px&#8221; animation_style=&#8221;slide&#8221; animation_direction=&#8221;bottom&#8221; animation_intensity_slide=&#8221;5%&#8221; hover_enabled=&#8221;0&#8243; title_text=&#8221;image00031klein&#8221; sticky_enabled=&#8221;0&#8243;][\/et_pb_text][\/et_pb_column][et_pb_column type=&#8221;1_4&#8243; _builder_version=&#8221;3.25&#8243; custom_padding=&#8221;|||&#8221; custom_padding__hover=&#8221;|||&#8221;][et_pb_text module_class=&#8221;flex-wrapper center middle&#8221; _builder_version=&#8221;4.6.6&#8243; text_font=&#8221;||||||||&#8221; background_color=&#8221;#E0CBA8&#8243; text_orientation=&#8221;center&#8221; background_layout=&#8221;dark&#8221; custom_padding=&#8221;36px|36px|36px|36px&#8221; animation_style=&#8221;slide&#8221; animation_direction=&#8221;bottom&#8221; animation_intensity_slide=&#8221;5%&#8221; hover_enabled=&#8221;0&#8243; link_option_url=&#8221;https:\/\/nelsonsplaces.be\/wp-content\/uploads\/sites\/8\/2023\/04\/gastro-april-nl.jpg&#8221; sticky_enabled=&#8221;0&#8243;]<\/p>\n<h1 style=\"text-align: center;\">Culinaire<br \/> menu<\/h1>\n<p style=\"text-align: center;\">Iedere zaterdagavond<br \/> buiten het seizoen<\/p>\n<p>[\/et_pb_text][\/et_pb_column][et_pb_column type=&#8221;1_4&#8243; _builder_version=&#8221;3.25&#8243; custom_padding=&#8221;|||&#8221; custom_padding__hover=&#8221;|||&#8221;][et_pb_text _builder_version=&#8221;3.27.4&#8243; background_color=&#8221;#E0CBA8&#8243; background_image=&#8221;https:\/\/nelsonsplaces.be\/restaurant-l-etage\/wp-content\/uploads\/sites\/8\/2020\/05\/Nelson-087.jpg&#8221; custom_padding=&#8221;36px|36px|36px|36px&#8221; animation_style=&#8221;slide&#8221; animation_direction=&#8221;bottom&#8221; animation_intensity_slide=&#8221;5%&#8221;][\/et_pb_text][\/et_pb_column][et_pb_column type=&#8221;1_4&#8243; _builder_version=&#8221;3.25&#8243; custom_padding=&#8221;|||&#8221; custom_padding__hover=&#8221;|||&#8221;][et_pb_text module_id=&#8221;kids-menu-de&#8221; module_class=&#8221;flex-wrapper center middle overlay dark&#8221; _builder_version=&#8221;4.6.6&#8243; text_font=&#8221;||||||||&#8221; background_color=&#8221;#1E2A3E&#8221; background_image=&#8221;https:\/\/nelsonsplaces.be\/restaurant-l-etage\/wp-content\/uploads\/sites\/8\/2020\/05\/186-Nelson-by-AS-Deldycke.jpg&#8221; background_layout=&#8221;dark&#8221; custom_padding=&#8221;36px|36px|36px|36px&#8221; animation_style=&#8221;slide&#8221; animation_direction=&#8221;bottom&#8221; animation_intensity_slide=&#8221;5%&#8221;]<\/p>\n<h1 style=\"text-align: center;\">Kids menu<\/h1>\n<p>[\/et_pb_text][\/et_pb_column][\/et_pb_row][\/et_pb_section]<\/p>\n","protected":false},"excerpt":{"rendered":"<p>[et_pb_section fb_built=&#8221;1&#8243; _builder_version=&#8221;3.22&#8243; custom_padding=&#8221;0|0px|0|0px|false|false&#8221;][et_pb_row column_structure=&#8221;1_4,1_2,1_4&#8243; _builder_version=&#8221;3.25&#8243; custom_padding=&#8221;0px|120px|0|120px|false|false&#8221;][et_pb_column type=&#8221;1_4&#8243; _builder_version=&#8221;3.25&#8243; custom_padding=&#8221;|||&#8221; custom_padding__hover=&#8221;|||&#8221;][et_pb_text module_class=&#8221;flex-wrapper top overlay dark gallery-trigger&#8221; _builder_version=&#8221;4.6.6&#8243; text_font=&#8221;||||||||&#8221; background_color=&#8221;#E0CBA8&#8243; background_image=&#8221;https:\/\/nelsonsplaces.be\/restaurant-l-etage\/wp-content\/uploads\/sites\/8\/2020\/05\/222-Nelson-by-AS-Deldycke.jpg&#8221; background_position=&#8221;center_left&#8221; background_layout=&#8221;dark&#8221; custom_padding=&#8221;36px|36px|36px|36px&#8221; animation_style=&#8221;slide&#8221; animation_direction=&#8221;bottom&#8221; animation_intensity_slide=&#8221;5%&#8221; hover_enabled=&#8221;0&#8243; sticky_enabled=&#8221;0&#8243;] Fotogalerie &nbsp; &gt; Mehr Bilder anzeigen [\/et_pb_text][\/et_pb_column][et_pb_column type=&#8221;1_2&#8243; _builder_version=&#8221;3.25&#8243; custom_padding=&#8221;|||&#8221; custom_padding__hover=&#8221;|||&#8221;][et_pb_text module_class=&#8221;flex-wrapper middle overlay dark&#8221; _builder_version=&#8221;4.6.6&#8243; text_font=&#8221;||||||||&#8221; background_image=&#8221;https:\/\/nelsonsplaces.be\/restaurant-l-etage\/wp-content\/uploads\/sites\/8\/2020\/12\/image00031klein-3.jpg&#8221; background_layout=&#8221;dark&#8221; custom_padding=&#8221;36px|36px|36px|36px&#8221; animation_style=&#8221;slide&#8221; animation_direction=&#8221;bottom&#8221; animation_intensity_slide=&#8221;5%&#8221; link_option_url=&#8221;https:\/\/nelsonsplaces.be\/wp-content\/uploads\/sites\/8\/2023\/04\/culinaire-nl.jpg&#8221; link_option_url_new_window=&#8221;on&#8221; hover_enabled=&#8221;0&#8243; sticky_enabled=&#8221;0&#8243;] [&hellip;]<\/p>\n","protected":false},"author":4,"featured_media":0,"parent":0,"menu_order":0,"comment_status":"closed","ping_status":"closed","template":"","meta":{"_et_pb_use_builder":"on","_et_pb_old_content":"","_et_gb_content_width":"","inline_featured_image":false,"_monsterinsights_skip_tracking":false,"_monsterinsights_sitenote_active":false,"_monsterinsights_sitenote_note":"","_monsterinsights_sitenote_category":0,"footnotes":""},"class_list":["post-2191","page","type-page","status-publish","hentry"],"yoast_head":"<!-- This site is optimized with the Yoast SEO plugin v27.0 - https:\/\/yoast.com\/product\/yoast-seo-wordpress\/ -->\n<title>Restaurant l&#039;\u00c9tage - 40 jaar gastronomische ervaring<\/title>\n<meta name=\"description\" content=\"Das Restaurant l&#039;\u00c9tage im Hotel Nelson mit seitlichem Meerblick und Lounge hei\u00dft Sie gerne zum Fr\u00fchst\u00fcck, Mittag- oder Abendessen willkommen.\" \/>\n<meta name=\"robots\" content=\"index, follow, max-snippet:-1, max-image-preview:large, max-video-preview:-1\" \/>\n<link rel=\"canonical\" href=\"https:\/\/nelsonsplaces.be\/restaurant-l-etage\/de\/\" \/>\n<meta property=\"og:locale\" content=\"nl_BE\" \/>\n<meta property=\"og:type\" content=\"article\" \/>\n<meta property=\"og:title\" content=\"Restaurant l&#039;\u00c9tage - 40 jaar gastronomische ervaring\" \/>\n<meta property=\"og:description\" content=\"Das Restaurant l&#039;\u00c9tage im Hotel Nelson mit seitlichem Meerblick und Lounge hei\u00dft Sie gerne zum Fr\u00fchst\u00fcck, Mittag- oder Abendessen willkommen.\" \/>\n<meta property=\"og:url\" content=\"https:\/\/nelsonsplaces.be\/restaurant-l-etage\/de\/\" \/>\n<meta property=\"og:site_name\" content=\"Restaurant l&#039;\u00c9tage\" \/>\n<meta property=\"article:publisher\" content=\"https:\/\/www.facebook.com\/NelsonsHotel\/\" \/>\n<meta property=\"article:modified_time\" content=\"2023-04-07T13:35:54+00:00\" \/>\n<meta name=\"twitter:card\" content=\"summary_large_image\" \/>\n<meta name=\"twitter:label1\" content=\"Geschatte leestijd\" \/>\n\t<meta name=\"twitter:data1\" content=\"3 minuten\" \/>\n<script type=\"application\/ld+json\" class=\"yoast-schema-graph\">{\"@context\":\"https:\/\/schema.org\",\"@graph\":[{\"@type\":\"WebPage\",\"@id\":\"https:\/\/nelsonsplaces.be\/restaurant-l-etage\/de\/\",\"url\":\"https:\/\/nelsonsplaces.be\/restaurant-l-etage\/de\/\",\"name\":\"Restaurant l&#039;\u00c9tage - 40 jaar gastronomische ervaring\",\"isPartOf\":{\"@id\":\"https:\/\/nelsonsplaces.be\/restaurant-l-etage\/#website\"},\"datePublished\":\"2020-08-06T09:05:32+00:00\",\"dateModified\":\"2023-04-07T13:35:54+00:00\",\"description\":\"Das Restaurant l'\u00c9tage im Hotel Nelson mit seitlichem Meerblick und Lounge hei\u00dft Sie gerne zum Fr\u00fchst\u00fcck, Mittag- oder Abendessen willkommen.\",\"breadcrumb\":{\"@id\":\"https:\/\/nelsonsplaces.be\/restaurant-l-etage\/de\/#breadcrumb\"},\"inLanguage\":\"nl-BE\",\"potentialAction\":[{\"@type\":\"ReadAction\",\"target\":[\"https:\/\/nelsonsplaces.be\/restaurant-l-etage\/de\/\"]}]},{\"@type\":\"BreadcrumbList\",\"@id\":\"https:\/\/nelsonsplaces.be\/restaurant-l-etage\/de\/#breadcrumb\",\"itemListElement\":[{\"@type\":\"ListItem\",\"position\":1,\"name\":\"Home\",\"item\":\"https:\/\/nelsonsplaces.be\/restaurant-l-etage\/\"},{\"@type\":\"ListItem\",\"position\":2,\"name\":\"Home\"}]},{\"@type\":\"WebSite\",\"@id\":\"https:\/\/nelsonsplaces.be\/restaurant-l-etage\/#website\",\"url\":\"https:\/\/nelsonsplaces.be\/restaurant-l-etage\/\",\"name\":\"Restaurant l&#039;\u00c9tage\",\"description\":\"40 jaar gastronomische ervaring\",\"potentialAction\":[{\"@type\":\"SearchAction\",\"target\":{\"@type\":\"EntryPoint\",\"urlTemplate\":\"https:\/\/nelsonsplaces.be\/restaurant-l-etage\/?s={search_term_string}\"},\"query-input\":{\"@type\":\"PropertyValueSpecification\",\"valueRequired\":true,\"valueName\":\"search_term_string\"}}],\"inLanguage\":\"nl-BE\"}]}<\/script>\n<!-- \/ Yoast SEO plugin. -->","yoast_head_json":{"title":"Restaurant l&#039;\u00c9tage - 40 jaar gastronomische ervaring","description":"Das Restaurant l'\u00c9tage im Hotel Nelson mit seitlichem Meerblick und Lounge hei\u00dft Sie gerne zum Fr\u00fchst\u00fcck, Mittag- oder Abendessen willkommen.","robots":{"index":"index","follow":"follow","max-snippet":"max-snippet:-1","max-image-preview":"max-image-preview:large","max-video-preview":"max-video-preview:-1"},"canonical":"https:\/\/nelsonsplaces.be\/restaurant-l-etage\/de\/","og_locale":"nl_BE","og_type":"article","og_title":"Restaurant l&#039;\u00c9tage - 40 jaar gastronomische ervaring","og_description":"Das Restaurant l'\u00c9tage im Hotel Nelson mit seitlichem Meerblick und Lounge hei\u00dft Sie gerne zum Fr\u00fchst\u00fcck, Mittag- oder Abendessen willkommen.","og_url":"https:\/\/nelsonsplaces.be\/restaurant-l-etage\/de\/","og_site_name":"Restaurant l&#039;\u00c9tage","article_publisher":"https:\/\/www.facebook.com\/NelsonsHotel\/","article_modified_time":"2023-04-07T13:35:54+00:00","twitter_card":"summary_large_image","twitter_misc":{"Geschatte leestijd":"3 minuten"},"schema":{"@context":"https:\/\/schema.org","@graph":[{"@type":"WebPage","@id":"https:\/\/nelsonsplaces.be\/restaurant-l-etage\/de\/","url":"https:\/\/nelsonsplaces.be\/restaurant-l-etage\/de\/","name":"Restaurant l&#039;\u00c9tage - 40 jaar gastronomische ervaring","isPartOf":{"@id":"https:\/\/nelsonsplaces.be\/restaurant-l-etage\/#website"},"datePublished":"2020-08-06T09:05:32+00:00","dateModified":"2023-04-07T13:35:54+00:00","description":"Das Restaurant l'\u00c9tage im Hotel Nelson mit seitlichem Meerblick und Lounge hei\u00dft Sie gerne zum Fr\u00fchst\u00fcck, Mittag- oder Abendessen willkommen.","breadcrumb":{"@id":"https:\/\/nelsonsplaces.be\/restaurant-l-etage\/de\/#breadcrumb"},"inLanguage":"nl-BE","potentialAction":[{"@type":"ReadAction","target":["https:\/\/nelsonsplaces.be\/restaurant-l-etage\/de\/"]}]},{"@type":"BreadcrumbList","@id":"https:\/\/nelsonsplaces.be\/restaurant-l-etage\/de\/#breadcrumb","itemListElement":[{"@type":"ListItem","position":1,"name":"Home","item":"https:\/\/nelsonsplaces.be\/restaurant-l-etage\/"},{"@type":"ListItem","position":2,"name":"Home"}]},{"@type":"WebSite","@id":"https:\/\/nelsonsplaces.be\/restaurant-l-etage\/#website","url":"https:\/\/nelsonsplaces.be\/restaurant-l-etage\/","name":"Restaurant l&#039;\u00c9tage","description":"40 jaar gastronomische ervaring","potentialAction":[{"@type":"SearchAction","target":{"@type":"EntryPoint","urlTemplate":"https:\/\/nelsonsplaces.be\/restaurant-l-etage\/?s={search_term_string}"},"query-input":{"@type":"PropertyValueSpecification","valueRequired":true,"valueName":"search_term_string"}}],"inLanguage":"nl-BE"}]}},"_links":{"self":[{"href":"https:\/\/nelsonsplaces.be\/restaurant-l-etage\/wp-json\/wp\/v2\/pages\/2191","targetHints":{"allow":["GET"]}}],"collection":[{"href":"https:\/\/nelsonsplaces.be\/restaurant-l-etage\/wp-json\/wp\/v2\/pages"}],"about":[{"href":"https:\/\/nelsonsplaces.be\/restaurant-l-etage\/wp-json\/wp\/v2\/types\/page"}],"author":[{"embeddable":true,"href":"https:\/\/nelsonsplaces.be\/restaurant-l-etage\/wp-json\/wp\/v2\/users\/4"}],"replies":[{"embeddable":true,"href":"https:\/\/nelsonsplaces.be\/restaurant-l-etage\/wp-json\/wp\/v2\/comments?post=2191"}],"version-history":[{"count":22,"href":"https:\/\/nelsonsplaces.be\/restaurant-l-etage\/wp-json\/wp\/v2\/pages\/2191\/revisions"}],"predecessor-version":[{"id":6345,"href":"https:\/\/nelsonsplaces.be\/restaurant-l-etage\/wp-json\/wp\/v2\/pages\/2191\/revisions\/6345"}],"wp:attachment":[{"href":"https:\/\/nelsonsplaces.be\/restaurant-l-etage\/wp-json\/wp\/v2\/media?parent=2191"}],"curies":[{"name":"wp","href":"https:\/\/api.w.org\/{rel}","templated":true}]}}